{"id":35960,"date":"2023-09-14T15:00:00","date_gmt":"2023-09-14T19:00:00","guid":{"rendered":"https:\/\/staging-bfc7-geopluscom.wpcomstaging.com\/?page_id=35960"},"modified":"2023-10-13T11:57:23","modified_gmt":"2023-10-13T15:57:23","slug":"civil-engineering","status":"publish","type":"page","link":"https:\/\/staging-bfc7-geopluscom.wpcomstaging.com\/es\/ingenieria-civil\/","title":{"rendered":"Ingenier\u00eda civil"},"content":{"rendered":"<div class=\"alignfull blockart-section blockart-section-e9aeda18 alignfull\"><div class=\"blockart-overlay\"><\/div><div class=\"blockart-container-fluid\"><div class=\"blockart-section-inner\">\n<div class=\"blockart-column blockart-column-56c43fb5\"><div class=\"blockart-column-inner\">\n<div class=\"block-visibility-hide-medium-screen block-visibility-hide-small-screen wp-block-getwid-advanced-heading has-custom-font-size fs-tablet-50 fs-mobile-50\" style=\"font-size:35px\"><span class=\"wp-block-getwid-advanced-heading__content has-text-color has-white-color\" style=\"text-align:center;font-weight:900;font-style:italic;text-transform:uppercase;letter-spacing:3px\">INGENIER\u00cdA CIVIL<\/span><\/div>\n\n\n\n<div class=\"block-visibility-hide-large-screen wp-block-getwid-advanced-heading has-custom-font-size\" style=\"font-size:18px\"><span class=\"wp-block-getwid-advanced-heading__content has-text-color has-white-color\" style=\"text-align:center;font-weight:900;font-style:italic;text-transform:uppercase;letter-spacing:0px\">INGENIER\u00cdA CIVIL<\/span><\/div>\n<\/div><\/div>\n<\/div><\/div><\/div>\n\n\n\n<div class=\"alignfull blockart-section blockart-section-a8c7c151 alignfull\"><div class=\"blockart-container\"><div class=\"blockart-section-inner\">\n<div class=\"blockart-column blockart-column-dab34859\"><div class=\"blockart-column-inner\"><\/div><\/div>\n\n\n\n<div class=\"blockart-column blockart-column-4d4d4da2\"><div class=\"blockart-column-inner\">\n<h2 class=\"blockart-heading blockart-heading-4d52da07\">Una serie de programas inform\u00e1ticos al servicio de la ingenier\u00eda civil<\/h2>\n\n\n\n<p class=\"blockart-paragraph blockart-paragraph-3b27db7b\">Geo-plus ofrece una amplia selecci\u00f3n de programas inform\u00e1ticos que le facilitar\u00e1n a\u00fan m\u00e1s su trabajo.<\/p>\n<\/div><\/div>\n\n\n\n<div class=\"blockart-column blockart-column-119d63ce\"><div class=\"blockart-column-inner\"><\/div><\/div>\n<\/div><\/div><\/div>\n\n\n\n<div class=\"alignfull blockart-section blockart-section-54cb5997 alignfull\"><div class=\"blockart-container-fluid\"><div class=\"blockart-section-inner\">\n<div class=\"blockart-column blockart-column-4ae2f1ed\"><div class=\"blockart-column-inner\"><\/div><\/div>\n\n\n\n<div class=\"blockart-column blockart-column-92b926dd\"><div class=\"blockart-column-inner\">\n<div class=\"blockart-image blockart-image-df1bce28\"><a href=\"https:\/\/staging-bfc7-geopluscom.wpcomstaging.com\/es\/software-agrimensura\/\"><img decoding=\"async\" class=\"wp-image-35921\" src=\"https:\/\/staging-bfc7-geopluscom.wpcomstaging.com\/wp-content\/uploads\/2023\/09\/Asset-284-2-1.svg\" alt=\"\"\/><\/a><\/div>\n\n\n\n<h3 class=\"blockart-heading blockart-heading-92c7e3a3\">Automatizaci\u00f3n del proceso topogr\u00e1fico<\/h3>\n\n\n\n<p class=\"blockart-paragraph blockart-paragraph-475b7c1f\">VisionCogo es un vers\u00e1til software de c\u00e1lculo de COGO y topograf\u00eda que funciona independientemente de cualquier plataforma de dibujo. Consolida las herramientas de c\u00e1lculo esenciales en una \u00fanica aplicaci\u00f3n, garantizando la eficiencia. El software proporciona control mediante informes detallados de seguimiento de las operaciones de datos y un gestor de notas para la calificaci\u00f3n de puntos. Adem\u00e1s, ofrece ajustes din\u00e1micos mediante diversos m\u00e9todos, como m\u00ednimos cuadrados, tr\u00e1nsito y br\u00fajula, junto con una vers\u00e1til conversi\u00f3n de formatos de archivo y una tabla de concordancias Pcode para mayor comodidad.<\/p>\n\n\n\n<div class=\"blockart-buttons blockart-buttons-3b2ee6cf is-wrap is-horizontal justify-left\">\n<div class=\"blockart-button blockart-button-5c80f038\" data-aos=\"none\"><a class=\"blockart-button-link is-custom is-style-filled is-hover-none\" href=\"https:\/\/staging-bfc7-geopluscom.wpcomstaging.com\/es\/software-agrimensura\/\"><span class=\"blockart-button-icon\"><svg width=\"24\" height=\"24\" xmlns=\"http:\/\/www.w3.org\/2000\/svg\" viewbox=\"0 0 24 24\" type=\"frontendIcon\" class=\"blockart-icon\" aria-hidden=\"true\"><path d=\"M12 17.9c-4.2 0-7.9-2.1-9.9-5.5-.2-.3-.2-.6 0-.9C4.1 8.2 7.8 6 12 6s7.9 2.1 9.9 5.5c.2.3.2.6 0 .9-2 3.4-5.7 5.5-9.9 5.5zM3.9 12c1.6 2.6 4.8 4.2 8.1 4.2s6.4-1.6 8.1-4.2c-1.6-2.6-4.7-4.2-8.1-4.2S5.6 9.4 3.9 12zm8.1 3.3c-1.8 0-3.3-1.5-3.3-3.3s1.5-3.3 3.3-3.3 3.3 1.5 3.3 3.3-1.5 3.3-3.3 3.3zm0-4.9c-.9 0-1.6.8-1.6 1.6 0 .9.8 1.6 1.6 1.6s1.6-.8 1.6-1.6c0-.9-.7-1.6-1.6-1.6z\"><\/path><\/svg><\/span>M\u00e1s informaci\u00f3n<\/a><\/div>\n<\/div>\n<\/div><\/div>\n\n\n\n<div class=\"blockart-column blockart-column-9947e3ec\"><div class=\"blockart-column-inner\">\n<div class=\"blockart-image blockart-image-411213d5\"><a href=\"https:\/\/staging-bfc7-geopluscom.wpcomstaging.com\/es\/software-cogo\/\"><img decoding=\"async\" class=\"wp-image-35922\" src=\"https:\/\/staging-bfc7-geopluscom.wpcomstaging.com\/wp-content\/uploads\/2023\/09\/Asset-295.svg\" alt=\"\"\/><\/a><\/div>\n\n\n\n<h3 class=\"blockart-heading blockart-heading-da87204d\">Una potente calculadora COGO<\/h3>\n\n\n\n<p class=\"blockart-paragraph blockart-paragraph-e10e4434\">VisionCogo es un vers\u00e1til software de c\u00e1lculo de COGO y topograf\u00eda que funciona independientemente de cualquier plataforma de dibujo. Consolida las herramientas de c\u00e1lculo esenciales en una \u00fanica aplicaci\u00f3n, garantizando la eficiencia. El software proporciona control mediante informes detallados de seguimiento de las operaciones de datos y un gestor de notas para la calificaci\u00f3n de puntos. Adem\u00e1s, ofrece ajustes din\u00e1micos mediante diversos m\u00e9todos, como m\u00ednimos cuadrados, tr\u00e1nsito y br\u00fajula, junto con una vers\u00e1til conversi\u00f3n de formatos de archivo y una tabla de concordancias Pcode para mayor comodidad.<\/p>\n\n\n\n<div class=\"blockart-buttons blockart-buttons-3b2ee6cf is-wrap is-horizontal justify-left\">\n<div class=\"blockart-button blockart-button-5c80f038\" data-aos=\"none\"><a class=\"blockart-button-link is-custom is-style-filled is-hover-none\" href=\"https:\/\/staging-bfc7-geopluscom.wpcomstaging.com\/es\/software-cogo\/\"><span class=\"blockart-button-icon\"><svg width=\"24\" height=\"24\" xmlns=\"http:\/\/www.w3.org\/2000\/svg\" viewbox=\"0 0 24 24\" type=\"frontendIcon\" class=\"blockart-icon\" aria-hidden=\"true\"><path d=\"M12 17.9c-4.2 0-7.9-2.1-9.9-5.5-.2-.3-.2-.6 0-.9C4.1 8.2 7.8 6 12 6s7.9 2.1 9.9 5.5c.2.3.2.6 0 .9-2 3.4-5.7 5.5-9.9 5.5zM3.9 12c1.6 2.6 4.8 4.2 8.1 4.2s6.4-1.6 8.1-4.2c-1.6-2.6-4.7-4.2-8.1-4.2S5.6 9.4 3.9 12zm8.1 3.3c-1.8 0-3.3-1.5-3.3-3.3s1.5-3.3 3.3-3.3 3.3 1.5 3.3 3.3-1.5 3.3-3.3 3.3zm0-4.9c-.9 0-1.6.8-1.6 1.6 0 .9.8 1.6 1.6 1.6s1.6-.8 1.6-1.6c0-.9-.7-1.6-1.6-1.6z\"><\/path><\/svg><\/span>M\u00e1s informaci\u00f3n<\/a><\/div>\n<\/div>\n<\/div><\/div>\n\n\n\n<div class=\"blockart-column blockart-column-d49fc74f\"><div class=\"blockart-column-inner\">\n<div class=\"blockart-image blockart-image-b414fd02\"><a href=\"https:\/\/staging-bfc7-geopluscom.wpcomstaging.com\/es\/software-cadastre\/\"><img decoding=\"async\" class=\"wp-image-35923\" src=\"https:\/\/staging-bfc7-geopluscom.wpcomstaging.com\/wp-content\/uploads\/2023\/09\/Asset-299-1.svg\" alt=\"\"\/><\/a><\/div>\n\n\n\n<h3 class=\"blockart-heading blockart-heading-b30d84b1\">Actualice sus planos catastrales<\/h3>\n\n\n\n<p class=\"blockart-paragraph blockart-paragraph-30923a8f\">VisionCadastre Pro es un Software de Gesti\u00f3n Catastral altamente eficiente dise\u00f1ado para agilizar los procesos catastrales. Su interfaz ergon\u00f3mica y su completa funcionalidad digital mejoran la eficiencia. El software se adapta f\u00e1cilmente a las normas catastrales del Ministerio de Energ\u00eda y Recursos Naturales de Quebec (MERN), garantizando su cumplimiento. Adem\u00e1s, se integra perfectamente con su plataforma CAD, simplificando la generaci\u00f3n de parcelas de operaciones catastrales.<\/p>\n\n\n\n<div class=\"blockart-buttons blockart-buttons-3b2ee6cf is-wrap is-horizontal justify-left\">\n<div class=\"blockart-button blockart-button-5c80f038\" data-aos=\"none\"><a class=\"blockart-button-link is-custom is-style-filled is-hover-none\" href=\"https:\/\/staging-bfc7-geopluscom.wpcomstaging.com\/es\/software-cadastre\/\"><span class=\"blockart-button-icon\"><svg width=\"24\" height=\"24\" xmlns=\"http:\/\/www.w3.org\/2000\/svg\" viewbox=\"0 0 24 24\" type=\"frontendIcon\" class=\"blockart-icon\" aria-hidden=\"true\"><path d=\"M12 17.9c-4.2 0-7.9-2.1-9.9-5.5-.2-.3-.2-.6 0-.9C4.1 8.2 7.8 6 12 6s7.9 2.1 9.9 5.5c.2.3.2.6 0 .9-2 3.4-5.7 5.5-9.9 5.5zM3.9 12c1.6 2.6 4.8 4.2 8.1 4.2s6.4-1.6 8.1-4.2c-1.6-2.6-4.7-4.2-8.1-4.2S5.6 9.4 3.9 12zm8.1 3.3c-1.8 0-3.3-1.5-3.3-3.3s1.5-3.3 3.3-3.3 3.3 1.5 3.3 3.3-1.5 3.3-3.3 3.3zm0-4.9c-.9 0-1.6.8-1.6 1.6 0 .9.8 1.6 1.6 1.6s1.6-.8 1.6-1.6c0-.9-.7-1.6-1.6-1.6z\"><\/path><\/svg><\/span>M\u00e1s informaci\u00f3n<\/a><\/div>\n<\/div>\n<\/div><\/div>\n\n\n\n<div class=\"blockart-column blockart-column-98e7d8e1\"><div class=\"blockart-column-inner\"><\/div><\/div>\n<\/div><\/div><\/div>\n\n\n\n<div class=\"alignfull blockart-section blockart-section-6cffd591 alignfull\"><div class=\"blockart-container\"><div class=\"blockart-section-inner\">\n<div class=\"blockart-column blockart-column-263dd468\"><div class=\"blockart-column-inner\">\n<h2 class=\"blockart-heading blockart-heading-0a1747ef\">\u00bfA\u00fan necesitas ayuda?<\/h2>\n\n\n\n<p class=\"blockart-paragraph blockart-paragraph-98be4072\">Ponte en contacto con nuestro departamento de desarrollo de negocio para obtener la asistencia que necesitas en un abrir y cerrar de ojos.<\/p>\n<\/div><\/div>\n\n\n\n<div class=\"blockart-column blockart-column-edf7c39e\"><div class=\"blockart-column-inner\">\n<div class=\"blockart-buttons blockart-buttons-3b2ee6cf is-wrap is-horizontal justify-center\">\n<div class=\"blockart-button blockart-button-5c80f038\" data-aos=\"none\"><a class=\"blockart-button-link is-custom is-style-filled is-hover-none\" href=\"https:\/\/staging-bfc7-geopluscom.wpcomstaging.com\/es\/contact\/\"><span class=\"blockart-button-icon\"><svg width=\"24\" height=\"24\" xmlns=\"http:\/\/www.w3.org\/2000\/svg\" viewbox=\"0 0 24 24\" type=\"frontendIcon\" class=\"blockart-icon\" aria-hidden=\"true\"><path d=\"M21.6 2.2c-.3-.2-.7-.3-1-.1l-18 8.4c-.4.2-.6.5-.6 1s.3.8.6 1L8.3 15v7l6.2-4.4 5.1 2.2c.2.1.3.1.4.1.2 0 .3-.1.5-.2.3-.2.5-.5.5-.9L22 3c0-.2-.2-.6-.4-.8zM19 17.3l-5.6-2.4 3.3-6.5-8.1 4.4-3-1.4 14.2-6.7-.8 12.6z\"><\/path><\/svg><\/span>Contacta con nosotros<\/a><\/div>\n<\/div>\n<\/div><\/div>\n<\/div><\/div><\/div>\n\n\n\n<div class=\"alignfull blockart-section blockart-section-dd8e0d15 alignfull\"><div class=\"blockart-container\"><div class=\"blockart-section-inner\">\n<div class=\"blockart-column blockart-column-872f03cf\"><div class=\"blockart-column-inner\">\n<figure class=\"wp-block-embed is-type-video is-provider-youtube wp-block-embed-youtube wp-embed-aspect-16-9 wp-has-aspect-ratio\"><div class=\"wp-block-embed__wrapper\">\n<div class=\"jetpack-video-wrapper\"><span class=\"embed-youtube\" style=\"text-align:center; display: block;\"><iframe class=\"youtube-player\" width=\"812\" height=\"457\" src=\"https:\/\/www.youtube.com\/embed\/tzk7CfTY9z0?version=3&#038;rel=1&#038;showsearch=0&#038;showinfo=1&#038;iv_load_policy=1&#038;fs=1&#038;hl=es-ES&#038;autohide=2&#038;wmode=transparent\" allowfullscreen=\"true\" style=\"border:0;\" sandbox=\"allow-scripts allow-same-origin allow-popups allow-presentation allow-popups-to-escape-sandbox\"><\/iframe><\/span><\/div>\n<\/div><\/figure>\n<\/div><\/div>\n\n\n\n<div class=\"blockart-column blockart-column-d47317f5\"><div class=\"blockart-column-inner\">\n<h2 class=\"blockart-heading blockart-heading-7b6421d8\">Qui\u00e9n es Geo-Plus<\/h2>\n\n\n\n<p class=\"blockart-paragraph blockart-paragraph-685a5775\">Geo-Plus es pionera en tecnolog\u00edas de software innovadoras para el mercado de software de AEC (arquitectura, ingenier\u00eda y construcci\u00f3n) desde 1987, con el prop\u00f3sito de cambiar el sector. Miles de clientes de todo el mundo se han beneficiado de la experiencia de la empresa a lo largo de los a\u00f1os, ya que ha proporcionado bienes y servicios de vanguardia.<\/p>\n<\/div><\/div>\n<\/div><\/div><\/div>\n\n\n\n<div class=\"alignfull blockart-section blockart-section-2e69ecbb alignfull\"><div class=\"blockart-container\"><div class=\"blockart-section-inner\">\n<div class=\"blockart-column blockart-column-013c9c67\"><div class=\"blockart-column-inner\">\n<h3 class=\"blockart-heading blockart-heading-3b0ddb89\">\u00bfQu\u00e9 hace que<br>Geo-Plus diferente<\/h3>\n<\/div><\/div>\n\n\n\n<div class=\"blockart-column blockart-column-cf0de680\"><div class=\"blockart-column-inner\">\n<p class=\"blockart-paragraph blockart-paragraph-573d3261\">Geo-Plus, pionero en software de AEC desde 1987, ofrece la vanguardista Vision Suite. Con m\u00e1s de 16 soluciones integradas para mediciones 3D, estructuras, geometr\u00eda y mucho m\u00e1s, capacita a los expertos en infraestructuras. Nuestras joyas de la corona, VisionLidar y VisionLidar 365, son l\u00edderes en tecnolog\u00eda LiDAR y de nubes de puntos. Geo-Plus combina software de m\u00e1xima calidad con un servicio de atenci\u00f3n al cliente estelar, lo que la convierte en l\u00edder mundial. Transformando el sector AEC, Geo-Plus y Vision Suite impulsan la innovaci\u00f3n, el crecimiento y el \u00e9xito de los clientes. S\u00edganos en LinkedIn para conocer las \u00faltimas actualizaciones.<\/p>\n<\/div><\/div>\n<\/div><\/div><\/div>","protected":false},"excerpt":{"rendered":"","protected":false},"author":228097081,"featured_media":35963,"parent":0,"menu_order":0,"comment_status":"closed","ping_status":"closed","template":"","meta":{"_crdt_document":"","inline_featured_image":false,"jetpack_post_was_ever_published":false,"footnotes":""},"class_list":["post-35960","page","type-page","status-publish","has-post-thumbnail","hentry"],"yoast_head":"<!-- This site is optimized with the Yoast SEO Premium plugin v22.8 (Yoast SEO v27.3) - https:\/\/yoast.com\/product\/yoast-seo-premium-wordpress\/ -->\n<title>Geo-Plus | LiDAR, Land Surveying and Civil Engineering Software Solutions<\/title>\n<meta name=\"description\" content=\"Geo-Plus offers software solutions tailored to land and infrastructure professionals. We provide solutions for the fields of surveying, civil engineering and much more.\" \/>\n<meta name=\"robots\" content=\"index, follow, max-snippet:-1, max-image-preview:large, max-video-preview:-1\" \/>\n<link rel=\"canonical\" href=\"https:\/\/staging-bfc7-geopluscom.wpcomstaging.com\/es\/ingenieria-civil\/\" \/>\n<meta property=\"og:locale\" content=\"es_ES\" \/>\n<meta property=\"og:type\" content=\"article\" \/>\n<meta property=\"og:title\" content=\"Civil Engineering\" \/>\n<meta property=\"og:description\" content=\"Geo-Plus offers software solutions tailored to land and infrastructure professionals. We provide solutions for the fields of surveying, civil engineering and much more.\" \/>\n<meta property=\"og:url\" content=\"https:\/\/staging-bfc7-geopluscom.wpcomstaging.com\/es\/ingenieria-civil\/\" \/>\n<meta property=\"og:site_name\" content=\"Geo-Plus\" \/>\n<meta property=\"article:publisher\" content=\"https:\/\/www.facebook.com\/geoplussoft\" \/>\n<meta property=\"article:modified_time\" content=\"2023-10-13T15:57:23+00:00\" \/>\n<meta property=\"og:image\" content=\"https:\/\/staging-bfc7-geopluscom.wpcomstaging.com\/wp-content\/uploads\/2023\/09\/civil-engineer-at-work-2021-08-27-09-26-47-utc-1-Large.jpg\" \/>\n\t<meta property=\"og:image:width\" content=\"1280\" \/>\n\t<meta property=\"og:image:height\" content=\"854\" \/>\n\t<meta property=\"og:image:type\" content=\"image\/jpeg\" \/>\n<meta name=\"twitter:card\" content=\"summary_large_image\" \/>\n<meta name=\"twitter:site\" content=\"@geoplussoft\" \/>\n<meta name=\"twitter:label1\" content=\"Tiempo de lectura\" \/>\n\t<meta name=\"twitter:data1\" content=\"3 minutos\" \/>\n<script type=\"application\/ld+json\" class=\"yoast-schema-graph\">{\"@context\":\"https:\\\/\\\/schema.org\",\"@graph\":[{\"@type\":\"WebPage\",\"@id\":\"https:\\\/\\\/staging-bfc7-geopluscom.wpcomstaging.com\\\/es\\\/ingenieria-civil\\\/\",\"url\":\"https:\\\/\\\/staging-bfc7-geopluscom.wpcomstaging.com\\\/es\\\/ingenieria-civil\\\/\",\"name\":\"Geo-Plus | LiDAR, Land Surveying and Civil Engineering Software Solutions\",\"isPartOf\":{\"@id\":\"https:\\\/\\\/staging-bfc7-geopluscom.wpcomstaging.com\\\/fr\\\/#website\"},\"primaryImageOfPage\":{\"@id\":\"https:\\\/\\\/staging-bfc7-geopluscom.wpcomstaging.com\\\/es\\\/ingenieria-civil\\\/#primaryimage\"},\"image\":{\"@id\":\"https:\\\/\\\/staging-bfc7-geopluscom.wpcomstaging.com\\\/es\\\/ingenieria-civil\\\/#primaryimage\"},\"thumbnailUrl\":\"https:\\\/\\\/staging-bfc7-geopluscom.wpcomstaging.com\\\/wp-content\\\/uploads\\\/2023\\\/09\\\/civil-engineer-at-work-2021-08-27-09-26-47-utc-1-Large.jpg\",\"datePublished\":\"2023-09-14T19:00:00+00:00\",\"dateModified\":\"2023-10-13T15:57:23+00:00\",\"description\":\"Geo-Plus offers software solutions tailored to land and infrastructure professionals. We provide solutions for the fields of surveying, civil engineering and much more.\",\"breadcrumb\":{\"@id\":\"https:\\\/\\\/staging-bfc7-geopluscom.wpcomstaging.com\\\/es\\\/ingenieria-civil\\\/#breadcrumb\"},\"inLanguage\":\"es\",\"potentialAction\":[{\"@type\":\"ReadAction\",\"target\":[\"https:\\\/\\\/staging-bfc7-geopluscom.wpcomstaging.com\\\/es\\\/ingenieria-civil\\\/\"]}]},{\"@type\":\"ImageObject\",\"inLanguage\":\"es\",\"@id\":\"https:\\\/\\\/staging-bfc7-geopluscom.wpcomstaging.com\\\/es\\\/ingenieria-civil\\\/#primaryimage\",\"url\":\"https:\\\/\\\/staging-bfc7-geopluscom.wpcomstaging.com\\\/wp-content\\\/uploads\\\/2023\\\/09\\\/civil-engineer-at-work-2021-08-27-09-26-47-utc-1-Large.jpg\",\"contentUrl\":\"https:\\\/\\\/staging-bfc7-geopluscom.wpcomstaging.com\\\/wp-content\\\/uploads\\\/2023\\\/09\\\/civil-engineer-at-work-2021-08-27-09-26-47-utc-1-Large.jpg\",\"width\":1280,\"height\":854},{\"@type\":\"BreadcrumbList\",\"@id\":\"https:\\\/\\\/staging-bfc7-geopluscom.wpcomstaging.com\\\/es\\\/ingenieria-civil\\\/#breadcrumb\",\"itemListElement\":[{\"@type\":\"ListItem\",\"position\":1,\"name\":\"Home\",\"item\":\"https:\\\/\\\/staging-bfc7-geopluscom.wpcomstaging.com\\\/es\\\/\"},{\"@type\":\"ListItem\",\"position\":2,\"name\":\"Civil Engineering\"}]},{\"@type\":\"WebSite\",\"@id\":\"https:\\\/\\\/staging-bfc7-geopluscom.wpcomstaging.com\\\/fr\\\/#website\",\"url\":\"https:\\\/\\\/staging-bfc7-geopluscom.wpcomstaging.com\\\/fr\\\/\",\"name\":\"Geo-Plus\",\"description\":\"Geo-Plus | LiDAR, Land Surveying and Civil Engineering Software Solutions\",\"publisher\":{\"@id\":\"https:\\\/\\\/staging-bfc7-geopluscom.wpcomstaging.com\\\/fr\\\/#organization\"},\"potentialAction\":[{\"@type\":\"SearchAction\",\"target\":{\"@type\":\"EntryPoint\",\"urlTemplate\":\"https:\\\/\\\/staging-bfc7-geopluscom.wpcomstaging.com\\\/fr\\\/?s={search_term_string}\"},\"query-input\":{\"@type\":\"PropertyValueSpecification\",\"valueRequired\":true,\"valueName\":\"search_term_string\"}}],\"inLanguage\":\"es\"},{\"@type\":\"Organization\",\"@id\":\"https:\\\/\\\/staging-bfc7-geopluscom.wpcomstaging.com\\\/fr\\\/#organization\",\"name\":\"Geo-Plus\",\"alternateName\":\"Geo-Plus\",\"url\":\"https:\\\/\\\/staging-bfc7-geopluscom.wpcomstaging.com\\\/fr\\\/\",\"logo\":{\"@type\":\"ImageObject\",\"inLanguage\":\"es\",\"@id\":\"https:\\\/\\\/staging-bfc7-geopluscom.wpcomstaging.com\\\/fr\\\/#\\\/schema\\\/logo\\\/image\\\/\",\"url\":\"https:\\\/\\\/staging-bfc7-geopluscom.wpcomstaging.com\\\/wp-content\\\/uploads\\\/2023\\\/03\\\/Geo-Plus-SVG-Logo.svg\",\"contentUrl\":\"https:\\\/\\\/staging-bfc7-geopluscom.wpcomstaging.com\\\/wp-content\\\/uploads\\\/2023\\\/03\\\/Geo-Plus-SVG-Logo.svg\",\"caption\":\"Geo-Plus\"},\"image\":{\"@id\":\"https:\\\/\\\/staging-bfc7-geopluscom.wpcomstaging.com\\\/fr\\\/#\\\/schema\\\/logo\\\/image\\\/\"},\"sameAs\":[\"https:\\\/\\\/www.facebook.com\\\/geoplussoft\",\"https:\\\/\\\/x.com\\\/geoplussoft\",\"https:\\\/\\\/www.tiktok.com\\\/@geoplussoft\",\"https:\\\/\\\/www.instagram.com\\\/geoplussoft\",\"https:\\\/\\\/www.linkedin.com\\\/company\\\/geoplussoft\"]}]}<\/script>\n<!-- \/ Yoast SEO Premium plugin. -->","yoast_head_json":{"title":"Geo-Plus | LiDAR, soluciones de software de agrimensura e ingenier\u00eda civil","description":"Geo-Plus ofrece soluciones de software adaptadas a los profesionales del suelo y las infraestructuras. Proporcionamos soluciones para los campos de la topograf\u00eda, la ingenier\u00eda civil y mucho m\u00e1s.","robots":{"index":"index","follow":"follow","max-snippet":"max-snippet:-1","max-image-preview":"max-image-preview:large","max-video-preview":"max-video-preview:-1"},"canonical":"https:\/\/staging-bfc7-geopluscom.wpcomstaging.com\/es\/ingenieria-civil\/","og_locale":"es_ES","og_type":"article","og_title":"Civil Engineering","og_description":"Geo-Plus offers software solutions tailored to land and infrastructure professionals. We provide solutions for the fields of surveying, civil engineering and much more.","og_url":"https:\/\/staging-bfc7-geopluscom.wpcomstaging.com\/es\/ingenieria-civil\/","og_site_name":"Geo-Plus","article_publisher":"https:\/\/www.facebook.com\/geoplussoft","article_modified_time":"2023-10-13T15:57:23+00:00","og_image":[{"width":1280,"height":854,"url":"https:\/\/staging-bfc7-geopluscom.wpcomstaging.com\/wp-content\/uploads\/2023\/09\/civil-engineer-at-work-2021-08-27-09-26-47-utc-1-Large.jpg","type":"image\/jpeg"}],"twitter_card":"summary_large_image","twitter_site":"@geoplussoft","twitter_misc":{"Tiempo de lectura":"3 minutos"},"schema":{"@context":"https:\/\/schema.org","@graph":[{"@type":"WebPage","@id":"https:\/\/staging-bfc7-geopluscom.wpcomstaging.com\/es\/ingenieria-civil\/","url":"https:\/\/staging-bfc7-geopluscom.wpcomstaging.com\/es\/ingenieria-civil\/","name":"Geo-Plus | LiDAR, soluciones de software de agrimensura e ingenier\u00eda civil","isPartOf":{"@id":"https:\/\/staging-bfc7-geopluscom.wpcomstaging.com\/fr\/#website"},"primaryImageOfPage":{"@id":"https:\/\/staging-bfc7-geopluscom.wpcomstaging.com\/es\/ingenieria-civil\/#primaryimage"},"image":{"@id":"https:\/\/staging-bfc7-geopluscom.wpcomstaging.com\/es\/ingenieria-civil\/#primaryimage"},"thumbnailUrl":"https:\/\/staging-bfc7-geopluscom.wpcomstaging.com\/wp-content\/uploads\/2023\/09\/civil-engineer-at-work-2021-08-27-09-26-47-utc-1-Large.jpg","datePublished":"2023-09-14T19:00:00+00:00","dateModified":"2023-10-13T15:57:23+00:00","description":"Geo-Plus ofrece soluciones de software adaptadas a los profesionales del suelo y las infraestructuras. Proporcionamos soluciones para los campos de la topograf\u00eda, la ingenier\u00eda civil y mucho m\u00e1s.","breadcrumb":{"@id":"https:\/\/staging-bfc7-geopluscom.wpcomstaging.com\/es\/ingenieria-civil\/#breadcrumb"},"inLanguage":"es","potentialAction":[{"@type":"ReadAction","target":["https:\/\/staging-bfc7-geopluscom.wpcomstaging.com\/es\/ingenieria-civil\/"]}]},{"@type":"ImageObject","inLanguage":"es","@id":"https:\/\/staging-bfc7-geopluscom.wpcomstaging.com\/es\/ingenieria-civil\/#primaryimage","url":"https:\/\/staging-bfc7-geopluscom.wpcomstaging.com\/wp-content\/uploads\/2023\/09\/civil-engineer-at-work-2021-08-27-09-26-47-utc-1-Large.jpg","contentUrl":"https:\/\/staging-bfc7-geopluscom.wpcomstaging.com\/wp-content\/uploads\/2023\/09\/civil-engineer-at-work-2021-08-27-09-26-47-utc-1-Large.jpg","width":1280,"height":854},{"@type":"BreadcrumbList","@id":"https:\/\/staging-bfc7-geopluscom.wpcomstaging.com\/es\/ingenieria-civil\/#breadcrumb","itemListElement":[{"@type":"ListItem","position":1,"name":"Home","item":"https:\/\/staging-bfc7-geopluscom.wpcomstaging.com\/es\/"},{"@type":"ListItem","position":2,"name":"Civil Engineering"}]},{"@type":"WebSite","@id":"https:\/\/staging-bfc7-geopluscom.wpcomstaging.com\/fr\/#website","url":"https:\/\/staging-bfc7-geopluscom.wpcomstaging.com\/fr\/","name":"Geo-Plus","description":"Geo-Plus | LiDAR, soluciones de software de agrimensura e ingenier\u00eda civil","publisher":{"@id":"https:\/\/staging-bfc7-geopluscom.wpcomstaging.com\/fr\/#organization"},"potentialAction":[{"@type":"SearchAction","target":{"@type":"EntryPoint","urlTemplate":"https:\/\/staging-bfc7-geopluscom.wpcomstaging.com\/fr\/?s={search_term_string}"},"query-input":{"@type":"PropertyValueSpecification","valueRequired":true,"valueName":"search_term_string"}}],"inLanguage":"es"},{"@type":"Organization","@id":"https:\/\/staging-bfc7-geopluscom.wpcomstaging.com\/fr\/#organization","name":"Geo-Plus","alternateName":"Geo-Plus","url":"https:\/\/staging-bfc7-geopluscom.wpcomstaging.com\/fr\/","logo":{"@type":"ImageObject","inLanguage":"es","@id":"https:\/\/staging-bfc7-geopluscom.wpcomstaging.com\/fr\/#\/schema\/logo\/image\/","url":"https:\/\/staging-bfc7-geopluscom.wpcomstaging.com\/wp-content\/uploads\/2023\/03\/Geo-Plus-SVG-Logo.svg","contentUrl":"https:\/\/staging-bfc7-geopluscom.wpcomstaging.com\/wp-content\/uploads\/2023\/03\/Geo-Plus-SVG-Logo.svg","caption":"Geo-Plus"},"image":{"@id":"https:\/\/staging-bfc7-geopluscom.wpcomstaging.com\/fr\/#\/schema\/logo\/image\/"},"sameAs":["https:\/\/www.facebook.com\/geoplussoft","https:\/\/x.com\/geoplussoft","https:\/\/www.tiktok.com\/@geoplussoft","https:\/\/www.instagram.com\/geoplussoft","https:\/\/www.linkedin.com\/company\/geoplussoft"]}]}},"jetpack_likes_enabled":true,"jetpack_sharing_enabled":true,"jetpack_shortlink":"https:\/\/wp.me\/PfOWRN-9m0","jetpack-related-posts":[],"_links":{"self":[{"href":"https:\/\/staging-bfc7-geopluscom.wpcomstaging.com\/es\/wp-json\/wp\/v2\/pages\/35960","targetHints":{"allow":["GET"]}}],"collection":[{"href":"https:\/\/staging-bfc7-geopluscom.wpcomstaging.com\/es\/wp-json\/wp\/v2\/pages"}],"about":[{"href":"https:\/\/staging-bfc7-geopluscom.wpcomstaging.com\/es\/wp-json\/wp\/v2\/types\/page"}],"author":[{"embeddable":true,"href":"https:\/\/staging-bfc7-geopluscom.wpcomstaging.com\/es\/wp-json\/wp\/v2\/users\/228097081"}],"replies":[{"embeddable":true,"href":"https:\/\/staging-bfc7-geopluscom.wpcomstaging.com\/es\/wp-json\/wp\/v2\/comments?post=35960"}],"version-history":[{"count":5,"href":"https:\/\/staging-bfc7-geopluscom.wpcomstaging.com\/es\/wp-json\/wp\/v2\/pages\/35960\/revisions"}],"predecessor-version":[{"id":36382,"href":"https:\/\/staging-bfc7-geopluscom.wpcomstaging.com\/es\/wp-json\/wp\/v2\/pages\/35960\/revisions\/36382"}],"wp:featuredmedia":[{"embeddable":true,"href":"https:\/\/staging-bfc7-geopluscom.wpcomstaging.com\/es\/wp-json\/wp\/v2\/media\/35963"}],"wp:attachment":[{"href":"https:\/\/staging-bfc7-geopluscom.wpcomstaging.com\/es\/wp-json\/wp\/v2\/media?parent=35960"}],"curies":[{"name":"wp","href":"https:\/\/api.w.org\/{rel}","templated":true}]}}