{"id":5711,"date":"2023-01-25T15:46:56","date_gmt":"2023-01-25T15:46:56","guid":{"rendered":"https:\/\/staging-bfc7-geopluscom.wpcomstaging.com\/?page_id=5711"},"modified":"2023-10-19T12:44:57","modified_gmt":"2023-10-19T16:44:57","slug":"visionexpertise-features","status":"publish","type":"page","link":"https:\/\/staging-bfc7-geopluscom.wpcomstaging.com\/de_ch\/visionexpertise-projects-publish\/visionexpertise-features-video-gallery\/","title":{"rendered":"VisionExpertise Merkmale"},"content":{"rendered":"<div class=\"alignfull blockart-section blockart-section-24d1a586 alignfull\"><div class=\"blockart-container-fluid\"><div class=\"blockart-section-inner\">\n<div class=\"blockart-column blockart-column-c6b9d9b5\"><div class=\"blockart-column-inner\">\n<div class=\"blockart-image blockart-image-a1e5a6c9\"><img decoding=\"async\" class=\"wp-image-34963\" src=\"https:\/\/staging-bfc7-geopluscom.wpcomstaging.com\/wp-content\/uploads\/2023\/06\/Asset-272.svg\" alt=\"VisionExpertise Logo\"\/><\/div>\n\n\n\n<h4 class=\"wp-block-heading has-text-align-center\" id=\"h-publish-your-jobs-to-the-public-for-free\" style=\"padding-top:var(--wp--preset--spacing--60);padding-bottom:var(--wp--preset--spacing--60);font-size:30px;font-style:normal;font-weight:700\"><span style=\"color: #ffffff;\" class=\"stk-highlight\"><em>IHRE JOBS KOSTENLOS VER\u00d6FFENTLICHEN<\/em><\/span><\/h4>\n<\/div><\/div>\n<\/div><\/div><\/div>\n\n\n\n<div class=\"alignfull blockart-section blockart-section-e3c3231a alignfull\"><div class=\"blockart-container-fluid\"><div class=\"blockart-section-inner\">\n<div class=\"blockart-column blockart-column-0a8afc8c\"><div class=\"blockart-column-inner\">\n<div class=\"blockart-image blockart-image-31c3aa15\"><a href=\"https:\/\/staging-bfc7-geopluscom.wpcomstaging.com\/de_ch\/architektur-ingenieurwesen-konstruktion\/\"><img decoding=\"async\" class=\"wp-image-6275\" src=\"https:\/\/staging-bfc7-geopluscom.wpcomstaging.com\/wp-content\/uploads\/2023\/02\/Archiutecture.svg\" alt=\"\"\/><\/a><\/div>\n\n\n\n<h2 class=\"blockart-heading blockart-heading-89e6cf72\">Architektur, Ingenieurwesen<br>UND Konstruktion<\/h2>\n<\/div><\/div>\n\n\n\n<div class=\"blockart-column blockart-column-d10d428c\"><div class=\"blockart-column-inner\">\n<div class=\"blockart-image blockart-image-42944f26\"><a href=\"https:\/\/staging-bfc7-geopluscom.wpcomstaging.com\/de_ch\/hydro-utilities\/\"><img decoding=\"async\" class=\"wp-image-6297\" src=\"https:\/\/staging-bfc7-geopluscom.wpcomstaging.com\/wp-content\/uploads\/2023\/02\/Energy-Utilities.svg\" alt=\"\"\/><\/a><\/div>\n\n\n\n<h2 class=\"blockart-heading blockart-heading-1fefc6df\">WASSER &amp; VERSORGUNG<\/h2>\n<\/div><\/div>\n\n\n\n<div id=\"\" class=\"blockart-column blockart-column-45f2129c\"><div class=\"blockart-column-inner\">\n<div class=\"blockart-image blockart-image-5921d95c\"><a href=\"https:\/\/staging-bfc7-geopluscom.wpcomstaging.com\/de_ch\/transport\/\"><img decoding=\"async\" class=\"wp-image-36413\" src=\"https:\/\/staging-bfc7-geopluscom.wpcomstaging.com\/wp-content\/uploads\/2023\/10\/Transportation.svg\" alt=\"\"\/><\/a><\/div>\n\n\n\n<h2 class=\"blockart-heading blockart-heading-7363c8d3\">TRANSPORT<\/h2>\n<\/div><\/div>\n\n\n\n<div class=\"blockart-column blockart-column-62cdb58f\"><div class=\"blockart-column-inner\">\n<div class=\"blockart-image blockart-image-1891101b\"><a href=\"https:\/\/staging-bfc7-geopluscom.wpcomstaging.com\/de_ch\/kommunal\/\"><img decoding=\"async\" class=\"wp-image-36415\" src=\"https:\/\/staging-bfc7-geopluscom.wpcomstaging.com\/wp-content\/uploads\/2023\/10\/Municipal-1.svg\" alt=\"\"\/><\/a><\/div>\n\n\n\n<h2 class=\"blockart-heading blockart-heading-edda94a6\">MUNICIPAL<\/h2>\n<\/div><\/div>\n<\/div><\/div><\/div>\n\n\n\n<div class=\"blockart-section blockart-section-3274e693\"><div class=\"blockart-overlay\"><\/div><div class=\"blockart-container\"><div class=\"blockart-section-inner\">\n<div class=\"blockart-column blockart-column-5c451749\"><div class=\"blockart-column-inner\">\n<h1 class=\"blockart-heading blockart-heading-715dd37b\">Vereinfachen Sie den Informationsaustausch zwischen Fachleuten - Erkunden Sie VisionExpertise mit der Networking- und Showcase-Plattform.<\/h1>\n\n\n\n<p class=\"blockart-paragraph blockart-paragraph-1626763f\">Diese kostenlose Networking- und Pr\u00e4sentationsplattform bietet viele Funktionen und die M\u00f6glichkeit, sich mit anderen Fachleuten zu vernetzen. VisionExpertise ist sehr einfach und interaktiv. Der Nutzer muss nur hineinzoomen oder die integrierte Suchfunktion verwenden, um die gew\u00fcnschte Adresse zu finden. Es besteht auch die M\u00f6glichkeit, zwischen einer Stra\u00dfenkarte oder einem Satellitenbild zu w\u00e4hlen.<\/p>\n\n\n\n<p class=\"blockart-paragraph blockart-paragraph-1ad4af93\">Sehen Sie sich die folgenden Videos an, um mehr \u00fcber die Funktionen von VisionExpertise zu erfahren.<\/p>\n\n\n\n<div class=\"blockart-section blockart-section-4bce2064\"><div class=\"blockart-container\"><div class=\"blockart-section-inner\">\n<div class=\"blockart-column blockart-column-599f7bb6\"><div class=\"blockart-column-inner\">\n<figure class=\"wp-block-embed is-type-video is-provider-youtube wp-block-embed-youtube wp-embed-aspect-16-9 wp-has-aspect-ratio\"><div class=\"wp-block-embed__wrapper\">\n<div class=\"jetpack-video-wrapper\"><span class=\"embed-youtube\" style=\"text-align:center; display: block;\"><iframe class=\"youtube-player\" width=\"812\" height=\"457\" src=\"https:\/\/www.youtube.com\/embed\/SzvByJqo8Y8?version=3&#038;rel=1&#038;showsearch=0&#038;showinfo=1&#038;iv_load_policy=1&#038;fs=1&#038;hl=de-CH&#038;autohide=2&#038;wmode=transparent\" allowfullscreen=\"true\" style=\"border:0;\" sandbox=\"allow-scripts allow-same-origin allow-popups allow-presentation allow-popups-to-escape-sandbox\"><\/iframe><\/span><\/div>\n<\/div><\/figure>\n<\/div><\/div>\n<\/div><\/div><\/div>\n\n\n\n<p class=\"blockart-paragraph blockart-paragraph-3ea74c28\">Willkommen in der transformativen Welt von VisionExpertise, der Networking- und Showcase-Plattform mit umfangreichen Funktionen! Diese hochmoderne Plattform revolutioniert die Art und Weise, wie Fachleute interagieren und Wissen austauschen. Mit nahtlosem Datenaustausch vereinfacht VisionExpertise die Zusammenarbeit und st\u00e4rkt die Verbindungen zu Kollegen. Entdecken Sie die benutzerfreundliche Oberfl\u00e4che von VisionExpertise, die f\u00fcr eine intuitive Navigation konzipiert ist. Zoomen Sie hinein oder nutzen Sie die integrierte Suchfunktion, um schnell die gew\u00fcnschten Adressen zu finden.<br><br>Sie haben die Wahl zwischen einer Stra\u00dfenkarten- oder einer Satellitenbildansicht, die Ihre Erkundung zu einem Vergn\u00fcgen macht. Nutzen Sie die Leistungsf\u00e4higkeit von VisionExpertise, um Ihr Fachwissen m\u00fchelos zu pr\u00e4sentieren. Ver\u00f6ffentlichen Sie Ihre Aktivit\u00e4ten und Projekte in VisionDoc und gewinnen Sie so m\u00fchelos potenzielle Kunden. Erleben Sie, wie Ihr Netzwerk w\u00e4chst und Ihr Ruf in die H\u00f6he schie\u00dft. VisionExpertise ist \u00fcber Browser und Google\u00ae Play zug\u00e4nglich und bietet ultimativen Komfort.<br><br>Ergreifen Sie die Gelegenheit, Ihren Horizont zu erweitern, indem Sie mit gleichgesinnten Fachleuten zusammenarbeiten. Begeben Sie sich auf eine Reise der beruflichen Weiterentwicklung - werden Sie noch heute Mitglied bei VisionExpertise! Kn\u00fcpfen Sie neue Kontakte, verst\u00e4rken Sie Ihren Einfluss und bringen Sie Ihre Karriere auf ein h\u00f6heres Niveau. Mit VisionExpertise sind die M\u00f6glichkeiten endlos. Ob Sie ein erfahrener Profi oder ein aufstrebendes Talent sind, VisionExpertise bietet Ihnen eine dynamische Plattform, um Ihre F\u00e4higkeiten zu pr\u00e4sentieren und mit einem riesigen Netzwerk von Experten zu interagieren.<br><br>Bleiben Sie auf dem Laufenden, erhalten Sie wertvolle Einblicke und nehmen Sie an bedeutungsvollen Gespr\u00e4chen teil, die Ihren beruflichen Weg bereichern. Entdecken Sie mit VisionExpertise ein Reich der M\u00f6glichkeiten - wo Innovation auf Networking trifft. Wagen Sie den Sprung in eine neue \u00c4ra der beruflichen Zusammenarbeit und freuen Sie sich auf die Zukunft des Networking!<br><br><em><strong>Entfesseln Sie Ihr Potenzial und bl\u00fchen Sie auf mit VisionExpertise an Ihrer Seite.<\/strong><\/em><\/p>\n\n\n\n<div class=\"blockart-buttons blockart-buttons-3b2ee6cf is-wrap is-horizontal justify-center\">\n<div class=\"blockart-button blockart-button-5c80f038\" data-aos=\"none\"><a class=\"blockart-button-link is-custom is-style-filled is-hover-none\" href=\"https:\/\/www.linkedin.com\/company\/geoplussoft\/\" target=\"_blank\" rel=\"noopener\"><span class=\"blockart-button-icon\"><svg width=\"24\" height=\"24\" xmlns=\"http:\/\/www.w3.org\/2000\/svg\" viewbox=\"0 0 24 24\" type=\"frontendIcon\" class=\"blockart-icon\" aria-hidden=\"true\"><path d=\"M6.6 4.9C6.6 6 5.6 7 4.3 7 3 6.9 2.1 6 2.1 4.9s1-2.1 2.3-2.1c1.3 0 2.2.9 2.2 2.1zM2.1 21h4.6V8.2H2.1V21zM17 7.9c-2.2 0-3.3 1.2-3.8 2.2V8.2H8.9C9 9.4 8.9 21 8.9 21h4.2v-7.1c0-.4 0-.8.2-1 .3-.8 1-1.6 2.2-1.6 1.6 0 2.2 1.1 2.2 2.9v6.9H22v-7.6c-.1-3.8-2.1-5.6-5-5.6z\" fill-rule=\"evenodd\" clip-rule=\"evenodd\"><\/path><\/svg><\/span>Folgen Sie uns auf LINKEDIN und bleiben Sie auf dem Laufenden \u00fcber VisionExpertise's LATEST NEWS!<\/a><\/div>\n<\/div>\n\n\n\n<div class=\"blockart-buttons blockart-buttons-3b2ee6cf is-wrap is-horizontal justify-center\">\n<div class=\"blockart-button blockart-button-5c80f038\" data-aos=\"none\"><a class=\"blockart-button-link is-custom is-style-filled is-hover-none\" href=\"https:\/\/staging-bfc7-geopluscom.wpcomstaging.com\/de_ch\/#Software\"><span class=\"blockart-button-icon\"><svg width=\"24\" height=\"24\" xmlns=\"http:\/\/www.w3.org\/2000\/svg\" viewbox=\"0 0 24 24\" type=\"frontendIcon\" class=\"blockart-icon\" aria-hidden=\"true\"><path d=\"M21.3 11L3.5 2.7c-.3-.2-.8-.1-1.1.2-.3.2-.5.6-.4 1L4 12l-2 8.1c-.1.4 0 .8.3 1 .2.2.4.3.7.3.2 0 .3 0 .4-.1l18-8.3c.3-.2.6-.5.6-1s-.4-.8-.7-1zM4.6 18.5l.8-3.5 6-3-6-3-.8-3.5L18.4 12 4.6 18.5z\"><\/path><\/svg><\/span>Andere Software erforschen<\/a><\/div>\n<\/div>\n<\/div><\/div>\n<\/div><\/div><\/div>\n\n\n\n<div class=\"blockart-section blockart-section-6cffd591\"><div class=\"blockart-container\"><div class=\"blockart-section-inner\">\n<div class=\"blockart-column blockart-column-edf7c39e\"><div class=\"blockart-column-inner\">\n<div class=\"blockart-image blockart-image-8cf01531\"><img decoding=\"async\" class=\"wp-image-35004\" src=\"https:\/\/staging-bfc7-geopluscom.wpcomstaging.com\/wp-content\/uploads\/2023\/06\/Asset-285.svg\" alt=\"VisionExpertise Vernetzungs- und Pr\u00e4sentationsplattform mit Logo\"\/><\/div>\n<\/div><\/div>\n\n\n\n<div class=\"blockart-column blockart-column-891f073c\"><div class=\"blockart-column-inner\">\n<div class=\"blockart-buttons blockart-buttons-3b2ee6cf is-wrap is-horizontal justify-center\">\n<div class=\"blockart-button blockart-button-5c80f038\" data-aos=\"none\"><a class=\"blockart-button-link is-custom is-style-filled is-hover-none\" href=\"https:\/\/visionexpertise.geo-plus-cloud.com\/#\/?x=-73.7918156134465&amp;y=45.617102622855725&amp;zoom=9\" target=\"_blank\" rel=\"noopener\"><span class=\"blockart-button-icon\"><svg width=\"24\" height=\"24\" xmlns=\"http:\/\/www.w3.org\/2000\/svg\" viewbox=\"0 0 24 24\" type=\"frontendIcon\" class=\"blockart-icon\" aria-hidden=\"true\"><path d=\"M12 2C9.1 2 6.7 4.4 6.7 7.3S9 12.6 12 12.6s5.3-2.3 5.3-5.3S14.9 2 12 2zm0 8.4c-1.7 0-3.1-1.4-3.1-3.1s1.4-3.2 3.1-3.2 3.1 1.4 3.1 3.1-1.4 3.2-3.1 3.2zM21.5 22v-1c0-4.1-3.3-7.4-7.4-7.4H9.9c-4.1 0-7.4 3.3-7.4 7.4v1h2.1v-1c0-2.9 2.3-5.3 5.3-5.3h4.2c2.9 0 5.3 2.3 5.3 5.3v1h2.1z\"><\/path><\/svg><\/span>JETZT STARTEN<\/a><\/div>\n<\/div>\n<\/div><\/div>\n<\/div><\/div><\/div>\n\n\n\n<!-- Google tag (gtag.js) -->\n<script async=\"\" src=\"https:\/\/www.googletagmanager.com\/gtag\/js?id=UA-240226420-1\"><\/script>\n<script>\n  window.dataLayer = window.dataLayer || [];\n  function gtag(){dataLayer.push(arguments);}\n  gtag('js', new Date());\n\n  gtag('config', 'UA-240226420-1');\n<\/script>","protected":false},"excerpt":{"rendered":"","protected":false},"author":228097081,"featured_media":5752,"parent":3215,"menu_order":0,"comment_status":"closed","ping_status":"closed","template":"","meta":{"_crdt_document":"","inline_featured_image":false,"footnotes":""},"class_list":["post-5711","page","type-page","status-publish","has-post-thumbnail","hentry"],"yoast_head":"<!-- This site is optimized with the Yoast SEO Premium plugin v22.8 (Yoast SEO v27.3) - https:\/\/yoast.com\/product\/yoast-seo-premium-wordpress\/ -->\n<title>VisionExpertise Features &amp; Video Gallery - Explore now<\/title>\n<meta name=\"description\" content=\"Discover the features of VisionExpertise the Networking &amp; Showcase platform - Simple &amp; interactive for posting your jobs to the public.\" \/>\n<meta name=\"robots\" content=\"index, follow, max-snippet:-1, max-image-preview:large, max-video-preview:-1\" \/>\n<link rel=\"canonical\" href=\"https:\/\/staging-bfc7-geopluscom.wpcomstaging.com\/de_ch\/visionexpertise-projects-publish\/visionexpertise-features-video-gallery\/\" \/>\n<meta property=\"og:locale\" content=\"de_DE\" \/>\n<meta property=\"og:type\" content=\"article\" \/>\n<meta property=\"og:title\" content=\"VisionExpertise - Explore the Features &amp; the Video Gallery\" \/>\n<meta property=\"og:description\" content=\"Discover the features of VisionExpertise, the simple &amp; interactive platform for posting your jobs to the public.\" \/>\n<meta property=\"og:url\" content=\"https:\/\/staging-bfc7-geopluscom.wpcomstaging.com\/de_ch\/visionexpertise-projects-publish\/visionexpertise-features-video-gallery\/\" \/>\n<meta property=\"og:site_name\" content=\"Geo-Plus\" \/>\n<meta property=\"article:publisher\" content=\"https:\/\/www.facebook.com\/geoplussoft\" \/>\n<meta property=\"article:modified_time\" content=\"2023-10-19T16:44:57+00:00\" \/>\n<meta property=\"og:image\" content=\"https:\/\/staging-bfc7-geopluscom.wpcomstaging.com\/wp-content\/uploads\/2023\/01\/EXP.jpg\" \/>\n\t<meta property=\"og:image:width\" content=\"768\" \/>\n\t<meta property=\"og:image:height\" content=\"432\" \/>\n\t<meta property=\"og:image:type\" content=\"image\/jpeg\" \/>\n<meta name=\"twitter:card\" content=\"summary_large_image\" \/>\n<meta name=\"twitter:title\" content=\"VisionExpertise - Explore the Features &amp; the Video Gallery\" \/>\n<meta name=\"twitter:description\" content=\"Discover the features of VisionExpertise, the simple &amp; interactive platform for posting your jobs to the public.\" \/>\n<meta name=\"twitter:image\" content=\"https:\/\/staging-bfc7-geopluscom.wpcomstaging.com\/wp-content\/uploads\/2023\/01\/EXP.jpg\" \/>\n<meta name=\"twitter:site\" content=\"@geoplussoft\" \/>\n<meta name=\"twitter:label1\" content=\"Gesch\u00e4tzte Lesezeit\" \/>\n\t<meta name=\"twitter:data1\" content=\"3\u00a0Minuten\" \/>\n<script type=\"application\/ld+json\" class=\"yoast-schema-graph\">{\"@context\":\"https:\\\/\\\/schema.org\",\"@graph\":[{\"@type\":\"WebPage\",\"@id\":\"https:\\\/\\\/staging-bfc7-geopluscom.wpcomstaging.com\\\/de_ch\\\/visionexpertise-projects-publish\\\/visionexpertise-features-video-gallery\\\/\",\"url\":\"https:\\\/\\\/staging-bfc7-geopluscom.wpcomstaging.com\\\/de_ch\\\/visionexpertise-projects-publish\\\/visionexpertise-features-video-gallery\\\/\",\"name\":\"VisionExpertise Features & Video Gallery - Explore now\",\"isPartOf\":{\"@id\":\"https:\\\/\\\/staging-bfc7-geopluscom.wpcomstaging.com\\\/sv\\\/#website\"},\"primaryImageOfPage\":{\"@id\":\"https:\\\/\\\/staging-bfc7-geopluscom.wpcomstaging.com\\\/de_ch\\\/visionexpertise-projects-publish\\\/visionexpertise-features-video-gallery\\\/#primaryimage\"},\"image\":{\"@id\":\"https:\\\/\\\/staging-bfc7-geopluscom.wpcomstaging.com\\\/de_ch\\\/visionexpertise-projects-publish\\\/visionexpertise-features-video-gallery\\\/#primaryimage\"},\"thumbnailUrl\":\"https:\\\/\\\/staging-bfc7-geopluscom.wpcomstaging.com\\\/wp-content\\\/uploads\\\/2023\\\/01\\\/EXP.jpg\",\"datePublished\":\"2023-01-25T15:46:56+00:00\",\"dateModified\":\"2023-10-19T16:44:57+00:00\",\"description\":\"Discover the features of VisionExpertise the Networking & Showcase platform - Simple & interactive for posting your jobs to the public.\",\"breadcrumb\":{\"@id\":\"https:\\\/\\\/staging-bfc7-geopluscom.wpcomstaging.com\\\/de_ch\\\/visionexpertise-projects-publish\\\/visionexpertise-features-video-gallery\\\/#breadcrumb\"},\"inLanguage\":\"de-CH\",\"potentialAction\":[{\"@type\":\"ReadAction\",\"target\":[\"https:\\\/\\\/staging-bfc7-geopluscom.wpcomstaging.com\\\/de_ch\\\/visionexpertise-projects-publish\\\/visionexpertise-features-video-gallery\\\/\"]}]},{\"@type\":\"ImageObject\",\"inLanguage\":\"de-CH\",\"@id\":\"https:\\\/\\\/staging-bfc7-geopluscom.wpcomstaging.com\\\/de_ch\\\/visionexpertise-projects-publish\\\/visionexpertise-features-video-gallery\\\/#primaryimage\",\"url\":\"https:\\\/\\\/staging-bfc7-geopluscom.wpcomstaging.com\\\/wp-content\\\/uploads\\\/2023\\\/01\\\/EXP.jpg\",\"contentUrl\":\"https:\\\/\\\/staging-bfc7-geopluscom.wpcomstaging.com\\\/wp-content\\\/uploads\\\/2023\\\/01\\\/EXP.jpg\",\"width\":768,\"height\":432},{\"@type\":\"BreadcrumbList\",\"@id\":\"https:\\\/\\\/staging-bfc7-geopluscom.wpcomstaging.com\\\/de_ch\\\/visionexpertise-projects-publish\\\/visionexpertise-features-video-gallery\\\/#breadcrumb\",\"itemListElement\":[{\"@type\":\"ListItem\",\"position\":1,\"name\":\"Home\",\"item\":\"https:\\\/\\\/staging-bfc7-geopluscom.wpcomstaging.com\\\/de_ch\\\/\"},{\"@type\":\"ListItem\",\"position\":2,\"name\":\"VisionExpertise Features\"}]},{\"@type\":\"WebSite\",\"@id\":\"https:\\\/\\\/staging-bfc7-geopluscom.wpcomstaging.com\\\/sv\\\/#website\",\"url\":\"https:\\\/\\\/staging-bfc7-geopluscom.wpcomstaging.com\\\/sv\\\/\",\"name\":\"Geo-Plus\",\"description\":\"Geo-Plus | LiDAR, Land Surveying and Civil Engineering Software Solutions\",\"publisher\":{\"@id\":\"https:\\\/\\\/staging-bfc7-geopluscom.wpcomstaging.com\\\/sv\\\/#organization\"},\"potentialAction\":[{\"@type\":\"SearchAction\",\"target\":{\"@type\":\"EntryPoint\",\"urlTemplate\":\"https:\\\/\\\/staging-bfc7-geopluscom.wpcomstaging.com\\\/sv\\\/?s={search_term_string}\"},\"query-input\":{\"@type\":\"PropertyValueSpecification\",\"valueRequired\":true,\"valueName\":\"search_term_string\"}}],\"inLanguage\":\"de-CH\"},{\"@type\":\"Organization\",\"@id\":\"https:\\\/\\\/staging-bfc7-geopluscom.wpcomstaging.com\\\/sv\\\/#organization\",\"name\":\"Geo-Plus\",\"alternateName\":\"Geo-Plus\",\"url\":\"https:\\\/\\\/staging-bfc7-geopluscom.wpcomstaging.com\\\/sv\\\/\",\"logo\":{\"@type\":\"ImageObject\",\"inLanguage\":\"de-CH\",\"@id\":\"https:\\\/\\\/staging-bfc7-geopluscom.wpcomstaging.com\\\/sv\\\/#\\\/schema\\\/logo\\\/image\\\/\",\"url\":\"https:\\\/\\\/staging-bfc7-geopluscom.wpcomstaging.com\\\/wp-content\\\/uploads\\\/2023\\\/03\\\/Geo-Plus-SVG-Logo.svg\",\"contentUrl\":\"https:\\\/\\\/staging-bfc7-geopluscom.wpcomstaging.com\\\/wp-content\\\/uploads\\\/2023\\\/03\\\/Geo-Plus-SVG-Logo.svg\",\"caption\":\"Geo-Plus\"},\"image\":{\"@id\":\"https:\\\/\\\/staging-bfc7-geopluscom.wpcomstaging.com\\\/sv\\\/#\\\/schema\\\/logo\\\/image\\\/\"},\"sameAs\":[\"https:\\\/\\\/www.facebook.com\\\/geoplussoft\",\"https:\\\/\\\/x.com\\\/geoplussoft\",\"https:\\\/\\\/www.tiktok.com\\\/@geoplussoft\",\"https:\\\/\\\/www.instagram.com\\\/geoplussoft\",\"https:\\\/\\\/www.linkedin.com\\\/company\\\/geoplussoft\"]}]}<\/script>\n<!-- \/ Yoast SEO Premium plugin. -->","yoast_head_json":{"title":"VisionExpertise Funktionen &amp; Videogalerie - Jetzt erkunden","description":"Entdecken Sie die Funktionen von VisionExpertise, der Networking &amp; Showcase Plattform - einfach und interaktiv, um Ihre Jobs \u00f6ffentlich zu machen.","robots":{"index":"index","follow":"follow","max-snippet":"max-snippet:-1","max-image-preview":"max-image-preview:large","max-video-preview":"max-video-preview:-1"},"canonical":"https:\/\/staging-bfc7-geopluscom.wpcomstaging.com\/de_ch\/visionexpertise-projects-publish\/visionexpertise-features-video-gallery\/","og_locale":"de_DE","og_type":"article","og_title":"VisionExpertise - Explore the Features & the Video Gallery","og_description":"Discover the features of VisionExpertise, the simple & interactive platform for posting your jobs to the public.","og_url":"https:\/\/staging-bfc7-geopluscom.wpcomstaging.com\/de_ch\/visionexpertise-projects-publish\/visionexpertise-features-video-gallery\/","og_site_name":"Geo-Plus","article_publisher":"https:\/\/www.facebook.com\/geoplussoft","article_modified_time":"2023-10-19T16:44:57+00:00","og_image":[{"width":768,"height":432,"url":"https:\/\/staging-bfc7-geopluscom.wpcomstaging.com\/wp-content\/uploads\/2023\/01\/EXP.jpg","type":"image\/jpeg"}],"twitter_card":"summary_large_image","twitter_title":"VisionExpertise - Explore the Features & the Video Gallery","twitter_description":"Discover the features of VisionExpertise, the simple & interactive platform for posting your jobs to the public.","twitter_image":"https:\/\/staging-bfc7-geopluscom.wpcomstaging.com\/wp-content\/uploads\/2023\/01\/EXP.jpg","twitter_site":"@geoplussoft","twitter_misc":{"Gesch\u00e4tzte Lesezeit":"3\u00a0Minuten"},"schema":{"@context":"https:\/\/schema.org","@graph":[{"@type":"WebPage","@id":"https:\/\/staging-bfc7-geopluscom.wpcomstaging.com\/de_ch\/visionexpertise-projects-publish\/visionexpertise-features-video-gallery\/","url":"https:\/\/staging-bfc7-geopluscom.wpcomstaging.com\/de_ch\/visionexpertise-projects-publish\/visionexpertise-features-video-gallery\/","name":"VisionExpertise Funktionen &amp; Videogalerie - Jetzt erkunden","isPartOf":{"@id":"https:\/\/staging-bfc7-geopluscom.wpcomstaging.com\/sv\/#website"},"primaryImageOfPage":{"@id":"https:\/\/staging-bfc7-geopluscom.wpcomstaging.com\/de_ch\/visionexpertise-projects-publish\/visionexpertise-features-video-gallery\/#primaryimage"},"image":{"@id":"https:\/\/staging-bfc7-geopluscom.wpcomstaging.com\/de_ch\/visionexpertise-projects-publish\/visionexpertise-features-video-gallery\/#primaryimage"},"thumbnailUrl":"https:\/\/staging-bfc7-geopluscom.wpcomstaging.com\/wp-content\/uploads\/2023\/01\/EXP.jpg","datePublished":"2023-01-25T15:46:56+00:00","dateModified":"2023-10-19T16:44:57+00:00","description":"Entdecken Sie die Funktionen von VisionExpertise, der Networking &amp; Showcase Plattform - einfach und interaktiv, um Ihre Jobs \u00f6ffentlich zu machen.","breadcrumb":{"@id":"https:\/\/staging-bfc7-geopluscom.wpcomstaging.com\/de_ch\/visionexpertise-projects-publish\/visionexpertise-features-video-gallery\/#breadcrumb"},"inLanguage":"de-CH","potentialAction":[{"@type":"ReadAction","target":["https:\/\/staging-bfc7-geopluscom.wpcomstaging.com\/de_ch\/visionexpertise-projects-publish\/visionexpertise-features-video-gallery\/"]}]},{"@type":"ImageObject","inLanguage":"de-CH","@id":"https:\/\/staging-bfc7-geopluscom.wpcomstaging.com\/de_ch\/visionexpertise-projects-publish\/visionexpertise-features-video-gallery\/#primaryimage","url":"https:\/\/staging-bfc7-geopluscom.wpcomstaging.com\/wp-content\/uploads\/2023\/01\/EXP.jpg","contentUrl":"https:\/\/staging-bfc7-geopluscom.wpcomstaging.com\/wp-content\/uploads\/2023\/01\/EXP.jpg","width":768,"height":432},{"@type":"BreadcrumbList","@id":"https:\/\/staging-bfc7-geopluscom.wpcomstaging.com\/de_ch\/visionexpertise-projects-publish\/visionexpertise-features-video-gallery\/#breadcrumb","itemListElement":[{"@type":"ListItem","position":1,"name":"Home","item":"https:\/\/staging-bfc7-geopluscom.wpcomstaging.com\/de_ch\/"},{"@type":"ListItem","position":2,"name":"VisionExpertise Features"}]},{"@type":"WebSite","@id":"https:\/\/staging-bfc7-geopluscom.wpcomstaging.com\/sv\/#website","url":"https:\/\/staging-bfc7-geopluscom.wpcomstaging.com\/sv\/","name":"Geo-Plus","description":"Geo-Plus | LiDAR, Landvermessung und Bauingenieurwesen Software-L\u00f6sungen","publisher":{"@id":"https:\/\/staging-bfc7-geopluscom.wpcomstaging.com\/sv\/#organization"},"potentialAction":[{"@type":"SearchAction","target":{"@type":"EntryPoint","urlTemplate":"https:\/\/staging-bfc7-geopluscom.wpcomstaging.com\/sv\/?s={search_term_string}"},"query-input":{"@type":"PropertyValueSpecification","valueRequired":true,"valueName":"search_term_string"}}],"inLanguage":"de-CH"},{"@type":"Organization","@id":"https:\/\/staging-bfc7-geopluscom.wpcomstaging.com\/sv\/#organization","name":"Geo-Plus","alternateName":"Geo-Plus","url":"https:\/\/staging-bfc7-geopluscom.wpcomstaging.com\/sv\/","logo":{"@type":"ImageObject","inLanguage":"de-CH","@id":"https:\/\/staging-bfc7-geopluscom.wpcomstaging.com\/sv\/#\/schema\/logo\/image\/","url":"https:\/\/staging-bfc7-geopluscom.wpcomstaging.com\/wp-content\/uploads\/2023\/03\/Geo-Plus-SVG-Logo.svg","contentUrl":"https:\/\/staging-bfc7-geopluscom.wpcomstaging.com\/wp-content\/uploads\/2023\/03\/Geo-Plus-SVG-Logo.svg","caption":"Geo-Plus"},"image":{"@id":"https:\/\/staging-bfc7-geopluscom.wpcomstaging.com\/sv\/#\/schema\/logo\/image\/"},"sameAs":["https:\/\/www.facebook.com\/geoplussoft","https:\/\/x.com\/geoplussoft","https:\/\/www.tiktok.com\/@geoplussoft","https:\/\/www.instagram.com\/geoplussoft","https:\/\/www.linkedin.com\/company\/geoplussoft"]}]}},"jetpack_likes_enabled":true,"jetpack_sharing_enabled":true,"jetpack_shortlink":"https:\/\/wp.me\/PfOWRN-1u7","jetpack-related-posts":[],"_links":{"self":[{"href":"https:\/\/staging-bfc7-geopluscom.wpcomstaging.com\/de_ch\/wp-json\/wp\/v2\/pages\/5711","targetHints":{"allow":["GET"]}}],"collection":[{"href":"https:\/\/staging-bfc7-geopluscom.wpcomstaging.com\/de_ch\/wp-json\/wp\/v2\/pages"}],"about":[{"href":"https:\/\/staging-bfc7-geopluscom.wpcomstaging.com\/de_ch\/wp-json\/wp\/v2\/types\/page"}],"author":[{"embeddable":true,"href":"https:\/\/staging-bfc7-geopluscom.wpcomstaging.com\/de_ch\/wp-json\/wp\/v2\/users\/228097081"}],"replies":[{"embeddable":true,"href":"https:\/\/staging-bfc7-geopluscom.wpcomstaging.com\/de_ch\/wp-json\/wp\/v2\/comments?post=5711"}],"version-history":[{"count":21,"href":"https:\/\/staging-bfc7-geopluscom.wpcomstaging.com\/de_ch\/wp-json\/wp\/v2\/pages\/5711\/revisions"}],"predecessor-version":[{"id":36590,"href":"https:\/\/staging-bfc7-geopluscom.wpcomstaging.com\/de_ch\/wp-json\/wp\/v2\/pages\/5711\/revisions\/36590"}],"up":[{"embeddable":true,"href":"https:\/\/staging-bfc7-geopluscom.wpcomstaging.com\/de_ch\/wp-json\/wp\/v2\/pages\/3215"}],"wp:featuredmedia":[{"embeddable":true,"href":"https:\/\/staging-bfc7-geopluscom.wpcomstaging.com\/de_ch\/wp-json\/wp\/v2\/media\/5752"}],"wp:attachment":[{"href":"https:\/\/staging-bfc7-geopluscom.wpcomstaging.com\/de_ch\/wp-json\/wp\/v2\/media?parent=5711"}],"curies":[{"name":"wp","href":"https:\/\/api.w.org\/{rel}","templated":true}]}}