{"id":35955,"date":"2023-09-14T14:49:22","date_gmt":"2023-09-14T18:49:22","guid":{"rendered":"https:\/\/staging-bfc7-geopluscom.wpcomstaging.com\/?page_id=35955"},"modified":"2023-10-13T11:57:12","modified_gmt":"2023-10-13T15:57:12","slug":"land-surveying","status":"publish","type":"page","link":"https:\/\/staging-bfc7-geopluscom.wpcomstaging.com\/de_ch\/landvermessung\/","title":{"rendered":"Landvermessung"},"content":{"rendered":"<div class=\"alignfull blockart-section blockart-section-e9aeda18 alignfull\"><div class=\"blockart-overlay\"><\/div><div class=\"blockart-container-fluid\"><div class=\"blockart-section-inner\">\n<div class=\"blockart-column blockart-column-56c43fb5\"><div class=\"blockart-column-inner\">\n<div class=\"block-visibility-hide-medium-screen block-visibility-hide-small-screen wp-block-getwid-advanced-heading has-custom-font-size fs-tablet-50 fs-mobile-50\" style=\"font-size:35px\"><span class=\"wp-block-getwid-advanced-heading__content has-text-color has-white-color\" style=\"text-align:center;font-weight:900;font-style:italic;text-transform:uppercase;letter-spacing:3px\">LAND-VERMESSUNG<\/span><\/div>\n\n\n\n<div class=\"block-visibility-hide-large-screen wp-block-getwid-advanced-heading has-custom-font-size\" style=\"font-size:18px\"><span class=\"wp-block-getwid-advanced-heading__content has-text-color has-white-color\" style=\"text-align:center;font-weight:900;font-style:italic;text-transform:uppercase;letter-spacing:0px\">LAND-VERMESSUNG<\/span><\/div>\n<\/div><\/div>\n<\/div><\/div><\/div>\n\n\n\n<div class=\"alignfull blockart-section blockart-section-a8c7c151 alignfull\"><div class=\"blockart-container\"><div class=\"blockart-section-inner\">\n<div class=\"blockart-column blockart-column-dab34859\"><div class=\"blockart-column-inner\"><\/div><\/div>\n\n\n\n<div class=\"blockart-column blockart-column-4d4d4da2\"><div class=\"blockart-column-inner\">\n<h2 class=\"blockart-heading blockart-heading-4d52da07\">Eine Reihe von Software f\u00fcr Landvermesser auf der ganzen Welt<\/h2>\n\n\n\n<p class=\"blockart-paragraph blockart-paragraph-3b27db7b\">Geo-plus bietet eine breite Auswahl an Software, die Ihnen die Arbeit weiter erleichtert.<\/p>\n<\/div><\/div>\n\n\n\n<div class=\"blockart-column blockart-column-119d63ce\"><div class=\"blockart-column-inner\"><\/div><\/div>\n<\/div><\/div><\/div>\n\n\n\n<div class=\"alignfull blockart-section blockart-section-54cb5997 alignfull\"><div class=\"blockart-container-fluid\"><div class=\"blockart-section-inner\">\n<div class=\"blockart-column blockart-column-4ae2f1ed\"><div class=\"blockart-column-inner\"><\/div><\/div>\n\n\n\n<div class=\"blockart-column blockart-column-92b926dd\"><div class=\"blockart-column-inner\">\n<div class=\"blockart-image blockart-image-df1bce28\"><a href=\"https:\/\/staging-bfc7-geopluscom.wpcomstaging.com\/de_ch\/landvermessungs-software-2\/\"><img decoding=\"async\" class=\"wp-image-35921\" src=\"https:\/\/staging-bfc7-geopluscom.wpcomstaging.com\/wp-content\/uploads\/2023\/09\/Asset-284-2-1.svg\" alt=\"\"\/><\/a><\/div>\n\n\n\n<h3 class=\"blockart-heading blockart-heading-92c7e3a3\">Automatisierung des Vermessungsprozesses<\/h3>\n\n\n\n<p class=\"blockart-paragraph blockart-paragraph-475b7c1f\">VisionCogo ist eine vielseitige COGO- und Vermessungsberechnungssoftware, die unabh\u00e4ngig von einer Zeichenplattform arbeitet. Sie fasst wesentliche Berechnungswerkzeuge in einer einzigen Anwendung zusammen und sorgt so f\u00fcr Effizienz. Die Software bietet Kontrolle durch detaillierte Berichte zur Nachverfolgung von Datenoperationen und einen Notizmanager zur Punktqualifizierung. Dar\u00fcber hinaus bietet sie dynamische Anpassungen unter Verwendung verschiedener Methoden, einschlie\u00dflich kleinster Quadrate, Transit und Kompass, sowie eine vielseitige Dateiformatkonvertierung und eine Pcode-Konkordanztabelle f\u00fcr zus\u00e4tzlichen Komfort.<\/p>\n\n\n\n<div class=\"blockart-buttons blockart-buttons-3b2ee6cf is-wrap is-horizontal justify-left\">\n<div class=\"blockart-button blockart-button-5c80f038\" data-aos=\"none\"><a class=\"blockart-button-link is-custom is-style-filled is-hover-none\" href=\"https:\/\/staging-bfc7-geopluscom.wpcomstaging.com\/de_ch\/landvermessungs-software-2\/\"><span class=\"blockart-button-icon\"><svg width=\"24\" height=\"24\" xmlns=\"http:\/\/www.w3.org\/2000\/svg\" viewbox=\"0 0 24 24\" type=\"frontendIcon\" class=\"blockart-icon\" aria-hidden=\"true\"><path d=\"M12 17.9c-4.2 0-7.9-2.1-9.9-5.5-.2-.3-.2-.6 0-.9C4.1 8.2 7.8 6 12 6s7.9 2.1 9.9 5.5c.2.3.2.6 0 .9-2 3.4-5.7 5.5-9.9 5.5zM3.9 12c1.6 2.6 4.8 4.2 8.1 4.2s6.4-1.6 8.1-4.2c-1.6-2.6-4.7-4.2-8.1-4.2S5.6 9.4 3.9 12zm8.1 3.3c-1.8 0-3.3-1.5-3.3-3.3s1.5-3.3 3.3-3.3 3.3 1.5 3.3 3.3-1.5 3.3-3.3 3.3zm0-4.9c-.9 0-1.6.8-1.6 1.6 0 .9.8 1.6 1.6 1.6s1.6-.8 1.6-1.6c0-.9-.7-1.6-1.6-1.6z\"><\/path><\/svg><\/span>Mehr erfahren<\/a><\/div>\n<\/div>\n<\/div><\/div>\n\n\n\n<div class=\"blockart-column blockart-column-9947e3ec\"><div class=\"blockart-column-inner\">\n<div class=\"blockart-image blockart-image-411213d5\"><a href=\"https:\/\/staging-bfc7-geopluscom.wpcomstaging.com\/de_ch\/cogo-software\/\"><img decoding=\"async\" class=\"wp-image-35922\" src=\"https:\/\/staging-bfc7-geopluscom.wpcomstaging.com\/wp-content\/uploads\/2023\/09\/Asset-295.svg\" alt=\"\"\/><\/a><\/div>\n\n\n\n<h3 class=\"blockart-heading blockart-heading-da87204d\">Ein leistungsstarker COGO-Rechner<\/h3>\n\n\n\n<p class=\"blockart-paragraph blockart-paragraph-e10e4434\">VisionCogo ist eine vielseitige COGO- und Vermessungsberechnungssoftware, die unabh\u00e4ngig von einer Zeichenplattform arbeitet. Sie fasst wesentliche Berechnungswerkzeuge in einer einzigen Anwendung zusammen und sorgt so f\u00fcr Effizienz. Die Software bietet Kontrolle durch detaillierte Berichte zur Nachverfolgung von Datenoperationen und einen Notizmanager zur Punktqualifizierung. Dar\u00fcber hinaus bietet sie dynamische Anpassungen unter Verwendung verschiedener Methoden, einschlie\u00dflich kleinster Quadrate, Transit und Kompass, sowie eine vielseitige Dateiformatkonvertierung und eine Pcode-Konkordanztabelle f\u00fcr zus\u00e4tzlichen Komfort.<\/p>\n\n\n\n<div class=\"blockart-buttons blockart-buttons-3b2ee6cf is-wrap is-horizontal justify-left\">\n<div class=\"blockart-button blockart-button-5c80f038\" data-aos=\"none\"><a class=\"blockart-button-link is-custom is-style-filled is-hover-none\" href=\"https:\/\/staging-bfc7-geopluscom.wpcomstaging.com\/de_ch\/cogo-software\/\"><span class=\"blockart-button-icon\"><svg width=\"24\" height=\"24\" xmlns=\"http:\/\/www.w3.org\/2000\/svg\" viewbox=\"0 0 24 24\" type=\"frontendIcon\" class=\"blockart-icon\" aria-hidden=\"true\"><path d=\"M12 17.9c-4.2 0-7.9-2.1-9.9-5.5-.2-.3-.2-.6 0-.9C4.1 8.2 7.8 6 12 6s7.9 2.1 9.9 5.5c.2.3.2.6 0 .9-2 3.4-5.7 5.5-9.9 5.5zM3.9 12c1.6 2.6 4.8 4.2 8.1 4.2s6.4-1.6 8.1-4.2c-1.6-2.6-4.7-4.2-8.1-4.2S5.6 9.4 3.9 12zm8.1 3.3c-1.8 0-3.3-1.5-3.3-3.3s1.5-3.3 3.3-3.3 3.3 1.5 3.3 3.3-1.5 3.3-3.3 3.3zm0-4.9c-.9 0-1.6.8-1.6 1.6 0 .9.8 1.6 1.6 1.6s1.6-.8 1.6-1.6c0-.9-.7-1.6-1.6-1.6z\"><\/path><\/svg><\/span>Mehr erfahren<\/a><\/div>\n<\/div>\n<\/div><\/div>\n\n\n\n<div class=\"blockart-column blockart-column-d49fc74f\"><div class=\"blockart-column-inner\">\n<div class=\"blockart-image blockart-image-b414fd02\"><a href=\"https:\/\/staging-bfc7-geopluscom.wpcomstaging.com\/de_ch\/kataster-software\/\"><img decoding=\"async\" class=\"wp-image-35923\" src=\"https:\/\/staging-bfc7-geopluscom.wpcomstaging.com\/wp-content\/uploads\/2023\/09\/Asset-299-1.svg\" alt=\"\"\/><\/a><\/div>\n\n\n\n<h3 class=\"blockart-heading blockart-heading-b30d84b1\">Aktualisieren Sie Ihre Katasterpl\u00e4ne<\/h3>\n\n\n\n<p class=\"blockart-paragraph blockart-paragraph-30923a8f\">VisionCadastre Pro ist eine hocheffiziente Katasterverwaltungssoftware, die f\u00fcr optimierte Katasterprozesse entwickelt wurde. Die ergonomische Benutzeroberfl\u00e4che und die vollst\u00e4ndige digitale Funktionalit\u00e4t steigern die Effizienz. Die Software l\u00e4sst sich problemlos an die Katasterstandards des Ministeriums f\u00fcr Energie und nat\u00fcrliche Ressourcen von Quebec (MERN) anpassen und gew\u00e4hrleistet so die Einhaltung dieser Standards. Au\u00dferdem l\u00e4sst sie sich nahtlos in Ihre CAD-Plattform integrieren und vereinfacht so die Erstellung von Katasterpl\u00e4nen.<\/p>\n\n\n\n<div class=\"blockart-buttons blockart-buttons-3b2ee6cf is-wrap is-horizontal justify-left\">\n<div class=\"blockart-button blockart-button-5c80f038\" data-aos=\"none\"><a class=\"blockart-button-link is-custom is-style-filled is-hover-none\" href=\"https:\/\/staging-bfc7-geopluscom.wpcomstaging.com\/de_ch\/kataster-software\/\"><span class=\"blockart-button-icon\"><svg width=\"24\" height=\"24\" xmlns=\"http:\/\/www.w3.org\/2000\/svg\" viewbox=\"0 0 24 24\" type=\"frontendIcon\" class=\"blockart-icon\" aria-hidden=\"true\"><path d=\"M12 17.9c-4.2 0-7.9-2.1-9.9-5.5-.2-.3-.2-.6 0-.9C4.1 8.2 7.8 6 12 6s7.9 2.1 9.9 5.5c.2.3.2.6 0 .9-2 3.4-5.7 5.5-9.9 5.5zM3.9 12c1.6 2.6 4.8 4.2 8.1 4.2s6.4-1.6 8.1-4.2c-1.6-2.6-4.7-4.2-8.1-4.2S5.6 9.4 3.9 12zm8.1 3.3c-1.8 0-3.3-1.5-3.3-3.3s1.5-3.3 3.3-3.3 3.3 1.5 3.3 3.3-1.5 3.3-3.3 3.3zm0-4.9c-.9 0-1.6.8-1.6 1.6 0 .9.8 1.6 1.6 1.6s1.6-.8 1.6-1.6c0-.9-.7-1.6-1.6-1.6z\"><\/path><\/svg><\/span>Mehr erfahren<\/a><\/div>\n<\/div>\n<\/div><\/div>\n\n\n\n<div class=\"blockart-column blockart-column-98e7d8e1\"><div class=\"blockart-column-inner\"><\/div><\/div>\n<\/div><\/div><\/div>\n\n\n\n<div class=\"alignfull blockart-section blockart-section-6cffd591 alignfull\"><div class=\"blockart-container\"><div class=\"blockart-section-inner\">\n<div class=\"blockart-column blockart-column-263dd468\"><div class=\"blockart-column-inner\">\n<h2 class=\"blockart-heading blockart-heading-0a1747ef\">Brauchen Sie noch Hilfe?<\/h2>\n\n\n\n<p class=\"blockart-paragraph blockart-paragraph-98be4072\">Setzen Sie sich mit unserer Abteilung f\u00fcr Gesch\u00e4ftsentwicklung in Verbindung, um die Unterst\u00fctzung zu erhalten, die Sie ben\u00f6tigen.<\/p>\n<\/div><\/div>\n\n\n\n<div class=\"blockart-column blockart-column-edf7c39e\"><div class=\"blockart-column-inner\">\n<div class=\"blockart-buttons blockart-buttons-3b2ee6cf is-wrap is-horizontal justify-center\">\n<div class=\"blockart-button blockart-button-5c80f038\" data-aos=\"none\"><a class=\"blockart-button-link is-custom is-style-filled is-hover-none\" href=\"https:\/\/staging-bfc7-geopluscom.wpcomstaging.com\/de_ch\/contact\/\"><span class=\"blockart-button-icon\"><svg width=\"24\" height=\"24\" xmlns=\"http:\/\/www.w3.org\/2000\/svg\" viewbox=\"0 0 24 24\" type=\"frontendIcon\" class=\"blockart-icon\" aria-hidden=\"true\"><path d=\"M21.6 2.2c-.3-.2-.7-.3-1-.1l-18 8.4c-.4.2-.6.5-.6 1s.3.8.6 1L8.3 15v7l6.2-4.4 5.1 2.2c.2.1.3.1.4.1.2 0 .3-.1.5-.2.3-.2.5-.5.5-.9L22 3c0-.2-.2-.6-.4-.8zM19 17.3l-5.6-2.4 3.3-6.5-8.1 4.4-3-1.4 14.2-6.7-.8 12.6z\"><\/path><\/svg><\/span>KONTAKT US<\/a><\/div>\n<\/div>\n<\/div><\/div>\n<\/div><\/div><\/div>\n\n\n\n<div class=\"alignfull blockart-section blockart-section-dd8e0d15 alignfull\"><div class=\"blockart-container\"><div class=\"blockart-section-inner\">\n<div class=\"blockart-column blockart-column-872f03cf\"><div class=\"blockart-column-inner\">\n<figure class=\"wp-block-embed is-type-video is-provider-youtube wp-block-embed-youtube wp-embed-aspect-16-9 wp-has-aspect-ratio\"><div class=\"wp-block-embed__wrapper\">\n<div class=\"jetpack-video-wrapper\"><span class=\"embed-youtube\" style=\"text-align:center; display: block;\"><iframe class=\"youtube-player\" width=\"812\" height=\"457\" src=\"https:\/\/www.youtube.com\/embed\/tzk7CfTY9z0?version=3&#038;rel=1&#038;showsearch=0&#038;showinfo=1&#038;iv_load_policy=1&#038;fs=1&#038;hl=de-CH&#038;autohide=2&#038;wmode=transparent\" allowfullscreen=\"true\" style=\"border:0;\" sandbox=\"allow-scripts allow-same-origin allow-popups allow-presentation allow-popups-to-escape-sandbox\"><\/iframe><\/span><\/div>\n<\/div><\/figure>\n<\/div><\/div>\n\n\n\n<div class=\"blockart-column blockart-column-d47317f5\"><div class=\"blockart-column-inner\">\n<h2 class=\"blockart-heading blockart-heading-7b6421d8\">Wer ist Geo-Plus<\/h2>\n\n\n\n<p class=\"blockart-paragraph blockart-paragraph-685a5775\">Geo-Plus ist seit 1987 ein Pionier im Bereich innovativer Software-Technologien f\u00fcr den AEC-Markt (Architektur-, Ingenieur- und Bauwesen), mit dem Ziel, den Sektor zu ver\u00e4ndern. Tausende von Kunden auf der ganzen Welt haben im Laufe der Jahre von der Expertise des Unternehmens profitiert, da es modernste Produkte und Dienstleistungen angeboten hat.<\/p>\n<\/div><\/div>\n<\/div><\/div><\/div>\n\n\n\n<div class=\"alignfull blockart-section blockart-section-2e69ecbb alignfull\"><div class=\"blockart-container\"><div class=\"blockart-section-inner\">\n<div class=\"blockart-column blockart-column-013c9c67\"><div class=\"blockart-column-inner\">\n<h3 class=\"blockart-heading blockart-heading-3b0ddb89\">Was macht<br>Geo-Plus anders<\/h3>\n<\/div><\/div>\n\n\n\n<div class=\"blockart-column blockart-column-cf0de680\"><div class=\"blockart-column-inner\">\n<p class=\"blockart-paragraph blockart-paragraph-573d3261\">Geo-Plus, ein Pionier im Bereich AEC-Software seit 1987, bietet die innovative Vision Suite an. Mit \u00fcber 16 integrierten L\u00f6sungen f\u00fcr 3D-Messungen, Strukturen, Geometrie und mehr unterst\u00fctzt sie Infrastrukturexperten. Unsere Kronjuwelen, VisionLidar und VisionLidar 365, sind f\u00fchrend in der LiDAR- und Punktwolken-Technologie. Geo-Plus kombiniert erstklassige Software mit einem hervorragenden Kundenservice und ist damit weltweit f\u00fchrend. Geo-Plus und die Vision Suite transformieren den AEC-Sektor und sorgen f\u00fcr Innovation, Wachstum und Kundenerfolg. Folgen Sie uns auf LinkedIn f\u00fcr die neuesten Updates.<\/p>\n<\/div><\/div>\n<\/div><\/div><\/div>","protected":false},"excerpt":{"rendered":"","protected":false},"author":228097081,"featured_media":35956,"parent":0,"menu_order":0,"comment_status":"closed","ping_status":"closed","template":"","meta":{"_crdt_document":"","inline_featured_image":false,"jetpack_post_was_ever_published":false,"footnotes":""},"class_list":["post-35955","page","type-page","status-publish","has-post-thumbnail","hentry"],"yoast_head":"<!-- This site is optimized with the Yoast SEO Premium plugin v22.8 (Yoast SEO v27.3) - https:\/\/yoast.com\/product\/yoast-seo-premium-wordpress\/ -->\n<title>Geo-Plus | LiDAR, Land Surveying and Civil Engineering Software Solutions<\/title>\n<meta name=\"description\" content=\"Geo-Plus offers software solutions tailored to land and infrastructure professionals. We provide solutions for the fields of surveying, civil engineering and much more.\" \/>\n<meta name=\"robots\" content=\"index, follow, max-snippet:-1, max-image-preview:large, max-video-preview:-1\" \/>\n<link rel=\"canonical\" href=\"https:\/\/staging-bfc7-geopluscom.wpcomstaging.com\/de_ch\/landvermessung\/\" \/>\n<meta property=\"og:locale\" content=\"de_DE\" \/>\n<meta property=\"og:type\" content=\"article\" \/>\n<meta property=\"og:title\" content=\"Land Surveying\" \/>\n<meta property=\"og:description\" content=\"Geo-Plus offers software solutions tailored to land and infrastructure professionals. We provide solutions for the fields of surveying, civil engineering and much more.\" \/>\n<meta property=\"og:url\" content=\"https:\/\/staging-bfc7-geopluscom.wpcomstaging.com\/de_ch\/landvermessung\/\" \/>\n<meta property=\"og:site_name\" content=\"Geo-Plus\" \/>\n<meta property=\"article:publisher\" content=\"https:\/\/www.facebook.com\/geoplussoft\" \/>\n<meta property=\"article:modified_time\" content=\"2023-10-13T15:57:12+00:00\" \/>\n<meta property=\"og:image\" content=\"https:\/\/staging-bfc7-geopluscom.wpcomstaging.com\/wp-content\/uploads\/2023\/09\/contractor-land-surveying-the-backyard-2022-12-15-23-47-25-utc-Large-1.jpg\" \/>\n\t<meta property=\"og:image:width\" content=\"1280\" \/>\n\t<meta property=\"og:image:height\" content=\"853\" \/>\n\t<meta property=\"og:image:type\" content=\"image\/jpeg\" \/>\n<meta name=\"twitter:card\" content=\"summary_large_image\" \/>\n<meta name=\"twitter:site\" content=\"@geoplussoft\" \/>\n<meta name=\"twitter:label1\" content=\"Gesch\u00e4tzte Lesezeit\" \/>\n\t<meta name=\"twitter:data1\" content=\"3\u00a0Minuten\" \/>\n<script type=\"application\/ld+json\" class=\"yoast-schema-graph\">{\"@context\":\"https:\\\/\\\/schema.org\",\"@graph\":[{\"@type\":\"WebPage\",\"@id\":\"https:\\\/\\\/staging-bfc7-geopluscom.wpcomstaging.com\\\/de_ch\\\/landvermessung\\\/\",\"url\":\"https:\\\/\\\/staging-bfc7-geopluscom.wpcomstaging.com\\\/de_ch\\\/landvermessung\\\/\",\"name\":\"Geo-Plus | LiDAR, Land Surveying and Civil Engineering Software Solutions\",\"isPartOf\":{\"@id\":\"https:\\\/\\\/staging-bfc7-geopluscom.wpcomstaging.com\\\/#website\"},\"primaryImageOfPage\":{\"@id\":\"https:\\\/\\\/staging-bfc7-geopluscom.wpcomstaging.com\\\/de_ch\\\/landvermessung\\\/#primaryimage\"},\"image\":{\"@id\":\"https:\\\/\\\/staging-bfc7-geopluscom.wpcomstaging.com\\\/de_ch\\\/landvermessung\\\/#primaryimage\"},\"thumbnailUrl\":\"https:\\\/\\\/staging-bfc7-geopluscom.wpcomstaging.com\\\/wp-content\\\/uploads\\\/2023\\\/09\\\/contractor-land-surveying-the-backyard-2022-12-15-23-47-25-utc-Large-1.jpg\",\"datePublished\":\"2023-09-14T18:49:22+00:00\",\"dateModified\":\"2023-10-13T15:57:12+00:00\",\"description\":\"Geo-Plus offers software solutions tailored to land and infrastructure professionals. We provide solutions for the fields of surveying, civil engineering and much more.\",\"breadcrumb\":{\"@id\":\"https:\\\/\\\/staging-bfc7-geopluscom.wpcomstaging.com\\\/de_ch\\\/landvermessung\\\/#breadcrumb\"},\"inLanguage\":\"de-CH\",\"potentialAction\":[{\"@type\":\"ReadAction\",\"target\":[\"https:\\\/\\\/staging-bfc7-geopluscom.wpcomstaging.com\\\/de_ch\\\/landvermessung\\\/\"]}]},{\"@type\":\"ImageObject\",\"inLanguage\":\"de-CH\",\"@id\":\"https:\\\/\\\/staging-bfc7-geopluscom.wpcomstaging.com\\\/de_ch\\\/landvermessung\\\/#primaryimage\",\"url\":\"https:\\\/\\\/staging-bfc7-geopluscom.wpcomstaging.com\\\/wp-content\\\/uploads\\\/2023\\\/09\\\/contractor-land-surveying-the-backyard-2022-12-15-23-47-25-utc-Large-1.jpg\",\"contentUrl\":\"https:\\\/\\\/staging-bfc7-geopluscom.wpcomstaging.com\\\/wp-content\\\/uploads\\\/2023\\\/09\\\/contractor-land-surveying-the-backyard-2022-12-15-23-47-25-utc-Large-1.jpg\",\"width\":1280,\"height\":853},{\"@type\":\"BreadcrumbList\",\"@id\":\"https:\\\/\\\/staging-bfc7-geopluscom.wpcomstaging.com\\\/de_ch\\\/landvermessung\\\/#breadcrumb\",\"itemListElement\":[{\"@type\":\"ListItem\",\"position\":1,\"name\":\"Home\",\"item\":\"https:\\\/\\\/staging-bfc7-geopluscom.wpcomstaging.com\\\/de_ch\\\/\"},{\"@type\":\"ListItem\",\"position\":2,\"name\":\"Land Surveying\"}]},{\"@type\":\"WebSite\",\"@id\":\"https:\\\/\\\/staging-bfc7-geopluscom.wpcomstaging.com\\\/#website\",\"url\":\"https:\\\/\\\/staging-bfc7-geopluscom.wpcomstaging.com\\\/\",\"name\":\"Geo-Plus\",\"description\":\"Geo-Plus | LiDAR, Land Surveying and Civil Engineering Software Solutions\",\"publisher\":{\"@id\":\"https:\\\/\\\/staging-bfc7-geopluscom.wpcomstaging.com\\\/#organization\"},\"potentialAction\":[{\"@type\":\"SearchAction\",\"target\":{\"@type\":\"EntryPoint\",\"urlTemplate\":\"https:\\\/\\\/staging-bfc7-geopluscom.wpcomstaging.com\\\/?s={search_term_string}\"},\"query-input\":{\"@type\":\"PropertyValueSpecification\",\"valueRequired\":true,\"valueName\":\"search_term_string\"}}],\"inLanguage\":\"de-CH\"},{\"@type\":\"Organization\",\"@id\":\"https:\\\/\\\/staging-bfc7-geopluscom.wpcomstaging.com\\\/#organization\",\"name\":\"Geo-Plus\",\"alternateName\":\"Geo-Plus\",\"url\":\"https:\\\/\\\/staging-bfc7-geopluscom.wpcomstaging.com\\\/\",\"logo\":{\"@type\":\"ImageObject\",\"inLanguage\":\"de-CH\",\"@id\":\"https:\\\/\\\/staging-bfc7-geopluscom.wpcomstaging.com\\\/#\\\/schema\\\/logo\\\/image\\\/\",\"url\":\"https:\\\/\\\/staging-bfc7-geopluscom.wpcomstaging.com\\\/wp-content\\\/uploads\\\/2023\\\/03\\\/Geo-Plus-SVG-Logo.svg\",\"contentUrl\":\"https:\\\/\\\/staging-bfc7-geopluscom.wpcomstaging.com\\\/wp-content\\\/uploads\\\/2023\\\/03\\\/Geo-Plus-SVG-Logo.svg\",\"caption\":\"Geo-Plus\"},\"image\":{\"@id\":\"https:\\\/\\\/staging-bfc7-geopluscom.wpcomstaging.com\\\/#\\\/schema\\\/logo\\\/image\\\/\"},\"sameAs\":[\"https:\\\/\\\/www.facebook.com\\\/geoplussoft\",\"https:\\\/\\\/x.com\\\/geoplussoft\",\"https:\\\/\\\/www.tiktok.com\\\/@geoplussoft\",\"https:\\\/\\\/www.instagram.com\\\/geoplussoft\",\"https:\\\/\\\/www.linkedin.com\\\/company\\\/geoplussoft\"]}]}<\/script>\n<!-- \/ Yoast SEO Premium plugin. -->","yoast_head_json":{"title":"Geo-Plus | LiDAR, Landvermessung und Bauingenieurwesen Software-L\u00f6sungen","description":"Geo-Plus bietet Softwarel\u00f6sungen, die auf Fachleute f\u00fcr Land und Infrastruktur zugeschnitten sind. Wir bieten L\u00f6sungen f\u00fcr die Bereiche Vermessung, Tiefbau und vieles mehr.","robots":{"index":"index","follow":"follow","max-snippet":"max-snippet:-1","max-image-preview":"max-image-preview:large","max-video-preview":"max-video-preview:-1"},"canonical":"https:\/\/staging-bfc7-geopluscom.wpcomstaging.com\/de_ch\/landvermessung\/","og_locale":"de_DE","og_type":"article","og_title":"Land Surveying","og_description":"Geo-Plus offers software solutions tailored to land and infrastructure professionals. We provide solutions for the fields of surveying, civil engineering and much more.","og_url":"https:\/\/staging-bfc7-geopluscom.wpcomstaging.com\/de_ch\/landvermessung\/","og_site_name":"Geo-Plus","article_publisher":"https:\/\/www.facebook.com\/geoplussoft","article_modified_time":"2023-10-13T15:57:12+00:00","og_image":[{"width":1280,"height":853,"url":"https:\/\/staging-bfc7-geopluscom.wpcomstaging.com\/wp-content\/uploads\/2023\/09\/contractor-land-surveying-the-backyard-2022-12-15-23-47-25-utc-Large-1.jpg","type":"image\/jpeg"}],"twitter_card":"summary_large_image","twitter_site":"@geoplussoft","twitter_misc":{"Gesch\u00e4tzte Lesezeit":"3\u00a0Minuten"},"schema":{"@context":"https:\/\/schema.org","@graph":[{"@type":"WebPage","@id":"https:\/\/staging-bfc7-geopluscom.wpcomstaging.com\/de_ch\/landvermessung\/","url":"https:\/\/staging-bfc7-geopluscom.wpcomstaging.com\/de_ch\/landvermessung\/","name":"Geo-Plus | LiDAR, Landvermessung und Bauingenieurwesen Software-L\u00f6sungen","isPartOf":{"@id":"https:\/\/staging-bfc7-geopluscom.wpcomstaging.com\/#website"},"primaryImageOfPage":{"@id":"https:\/\/staging-bfc7-geopluscom.wpcomstaging.com\/de_ch\/landvermessung\/#primaryimage"},"image":{"@id":"https:\/\/staging-bfc7-geopluscom.wpcomstaging.com\/de_ch\/landvermessung\/#primaryimage"},"thumbnailUrl":"https:\/\/staging-bfc7-geopluscom.wpcomstaging.com\/wp-content\/uploads\/2023\/09\/contractor-land-surveying-the-backyard-2022-12-15-23-47-25-utc-Large-1.jpg","datePublished":"2023-09-14T18:49:22+00:00","dateModified":"2023-10-13T15:57:12+00:00","description":"Geo-Plus bietet Softwarel\u00f6sungen, die auf Fachleute f\u00fcr Land und Infrastruktur zugeschnitten sind. Wir bieten L\u00f6sungen f\u00fcr die Bereiche Vermessung, Tiefbau und vieles mehr.","breadcrumb":{"@id":"https:\/\/staging-bfc7-geopluscom.wpcomstaging.com\/de_ch\/landvermessung\/#breadcrumb"},"inLanguage":"de-CH","potentialAction":[{"@type":"ReadAction","target":["https:\/\/staging-bfc7-geopluscom.wpcomstaging.com\/de_ch\/landvermessung\/"]}]},{"@type":"ImageObject","inLanguage":"de-CH","@id":"https:\/\/staging-bfc7-geopluscom.wpcomstaging.com\/de_ch\/landvermessung\/#primaryimage","url":"https:\/\/staging-bfc7-geopluscom.wpcomstaging.com\/wp-content\/uploads\/2023\/09\/contractor-land-surveying-the-backyard-2022-12-15-23-47-25-utc-Large-1.jpg","contentUrl":"https:\/\/staging-bfc7-geopluscom.wpcomstaging.com\/wp-content\/uploads\/2023\/09\/contractor-land-surveying-the-backyard-2022-12-15-23-47-25-utc-Large-1.jpg","width":1280,"height":853},{"@type":"BreadcrumbList","@id":"https:\/\/staging-bfc7-geopluscom.wpcomstaging.com\/de_ch\/landvermessung\/#breadcrumb","itemListElement":[{"@type":"ListItem","position":1,"name":"Home","item":"https:\/\/staging-bfc7-geopluscom.wpcomstaging.com\/de_ch\/"},{"@type":"ListItem","position":2,"name":"Land Surveying"}]},{"@type":"WebSite","@id":"https:\/\/staging-bfc7-geopluscom.wpcomstaging.com\/#website","url":"https:\/\/staging-bfc7-geopluscom.wpcomstaging.com\/","name":"Geo-Plus","description":"Geo-Plus | LiDAR, Landvermessung und Bauingenieurwesen Software-L\u00f6sungen","publisher":{"@id":"https:\/\/staging-bfc7-geopluscom.wpcomstaging.com\/#organization"},"potentialAction":[{"@type":"SearchAction","target":{"@type":"EntryPoint","urlTemplate":"https:\/\/staging-bfc7-geopluscom.wpcomstaging.com\/?s={search_term_string}"},"query-input":{"@type":"PropertyValueSpecification","valueRequired":true,"valueName":"search_term_string"}}],"inLanguage":"de-CH"},{"@type":"Organization","@id":"https:\/\/staging-bfc7-geopluscom.wpcomstaging.com\/#organization","name":"Geo-Plus","alternateName":"Geo-Plus","url":"https:\/\/staging-bfc7-geopluscom.wpcomstaging.com\/","logo":{"@type":"ImageObject","inLanguage":"de-CH","@id":"https:\/\/staging-bfc7-geopluscom.wpcomstaging.com\/#\/schema\/logo\/image\/","url":"https:\/\/staging-bfc7-geopluscom.wpcomstaging.com\/wp-content\/uploads\/2023\/03\/Geo-Plus-SVG-Logo.svg","contentUrl":"https:\/\/staging-bfc7-geopluscom.wpcomstaging.com\/wp-content\/uploads\/2023\/03\/Geo-Plus-SVG-Logo.svg","caption":"Geo-Plus"},"image":{"@id":"https:\/\/staging-bfc7-geopluscom.wpcomstaging.com\/#\/schema\/logo\/image\/"},"sameAs":["https:\/\/www.facebook.com\/geoplussoft","https:\/\/x.com\/geoplussoft","https:\/\/www.tiktok.com\/@geoplussoft","https:\/\/www.instagram.com\/geoplussoft","https:\/\/www.linkedin.com\/company\/geoplussoft"]}]}},"jetpack_likes_enabled":true,"jetpack_sharing_enabled":true,"jetpack_shortlink":"https:\/\/wp.me\/PfOWRN-9lV","jetpack-related-posts":[],"_links":{"self":[{"href":"https:\/\/staging-bfc7-geopluscom.wpcomstaging.com\/de_ch\/wp-json\/wp\/v2\/pages\/35955","targetHints":{"allow":["GET"]}}],"collection":[{"href":"https:\/\/staging-bfc7-geopluscom.wpcomstaging.com\/de_ch\/wp-json\/wp\/v2\/pages"}],"about":[{"href":"https:\/\/staging-bfc7-geopluscom.wpcomstaging.com\/de_ch\/wp-json\/wp\/v2\/types\/page"}],"author":[{"embeddable":true,"href":"https:\/\/staging-bfc7-geopluscom.wpcomstaging.com\/de_ch\/wp-json\/wp\/v2\/users\/228097081"}],"replies":[{"embeddable":true,"href":"https:\/\/staging-bfc7-geopluscom.wpcomstaging.com\/de_ch\/wp-json\/wp\/v2\/comments?post=35955"}],"version-history":[{"count":7,"href":"https:\/\/staging-bfc7-geopluscom.wpcomstaging.com\/de_ch\/wp-json\/wp\/v2\/pages\/35955\/revisions"}],"predecessor-version":[{"id":36380,"href":"https:\/\/staging-bfc7-geopluscom.wpcomstaging.com\/de_ch\/wp-json\/wp\/v2\/pages\/35955\/revisions\/36380"}],"wp:featuredmedia":[{"embeddable":true,"href":"https:\/\/staging-bfc7-geopluscom.wpcomstaging.com\/de_ch\/wp-json\/wp\/v2\/media\/35956"}],"wp:attachment":[{"href":"https:\/\/staging-bfc7-geopluscom.wpcomstaging.com\/de_ch\/wp-json\/wp\/v2\/media?parent=35955"}],"curies":[{"name":"wp","href":"https:\/\/api.w.org\/{rel}","templated":true}]}}