{"id":3218,"date":"2022-12-20T14:17:35","date_gmt":"2022-12-20T14:17:35","guid":{"rendered":"https:\/\/staging-bfc7-geopluscom.wpcomstaging.com\/?page_id=3218"},"modified":"2024-06-20T09:05:27","modified_gmt":"2024-06-20T13:05:27","slug":"land-surveying-mobile-software","status":"publish","type":"page","link":"https:\/\/staging-bfc7-geopluscom.wpcomstaging.com\/de_ch\/visionpad_feld-daten-synchronisations-software\/","title":{"rendered":"Vision Pad"},"content":{"rendered":"<div class=\"alignfull blockart-section blockart-section-cacc8e25 alignfull\"><div class=\"blockart-overlay\"><\/div><div class=\"blockart-container\"><div class=\"blockart-section-inner blockart-height-fit-to-screen\">\n<div class=\"blockart-column blockart-column-0506f180\"><div class=\"blockart-column-inner is-vertical justify-right align-center is-flex\">\n<figure class=\"wp-block-image size-large is-resized\"><img decoding=\"async\" src=\"https:\/\/staging-bfc7-geopluscom.wpcomstaging.com\/wp-content\/uploads\/2024\/06\/Asset-244.svg\" alt=\"\" class=\"wp-image-39110\" style=\"object-fit:cover;width:150px;height:150px\"\/><\/figure>\n\n\n\n<h1 class=\"blockart-heading blockart-heading-e066e96c\">VisionPad - Mobile Software f\u00fcr die Landvermessung<\/h1>\n\n\n\n<h5 class=\"blockart-heading blockart-heading-be7254a6\">VisionPad von Geo-Plus ist eine leistungsstarke Software f\u00fcr die mobile Landvermessung, die Mobilit\u00e4t und Effizienz maximiert. Sie erm\u00f6glicht die Datensynchronisation in Echtzeit, unterst\u00fctzt die Offline-Dateneingabe und integriert RTK-GPS f\u00fcr eine pr\u00e4zise Positionierung. Die benutzerfreundliche Oberfl\u00e4che von VisionPad rationalisiert Arbeitsabl\u00e4ufe und gew\u00e4hrleistet hochwertige Ergebnisse mit detaillierten Kartendarstellungen und pr\u00e4zisen Polygon-Implementierungen f\u00fcr Katasterprojekte.<\/h5>\n\n\n\n<div class=\"blockart-buttons blockart-buttons-f11c0d28 is-wrap justify-center\">\n<div class=\"blockart-button blockart-button-cf16d39f\"><a class=\"blockart-button-link is-custom is-style-filled\" href=\"#Features\"><span class=\"blockart-button-icon\"><svg width=\"24\" height=\"24\" xmlns=\"http:\/\/www.w3.org\/2000\/svg\" viewbox=\"0 0 24 24\" class=\"blockart-icon\" aria-hidden=\"true\"><path d=\"M21.6 8.6l-.3-.3-9.1-6c-.3-.2-.6-.2-.9 0l-9.1 6c0 .1-.1.2-.2.3v6.5c0 .2 0 .3.2.4.1.1.2.2.3.2l9.1 6c.1.1.3.2.4.2s.3-.1.4-.2l9.1-6 .3-.3c.1-.2.2-.3.2-.4V9c-.2-.1-.3-.3-.4-.4zm-8.9-4.1l6.9 4.6-3.2 2.1-3.7-2.5c-.1-.1 0-4.2 0-4.2zm-1.6 0v4.2l-3.7 2.5L4.3 9l6.8-4.5zm-7.5 6L6 12.1l-2.4 1.6v-3.2zm7.5 9.2l-6.9-4.6L7.4 13l3.7 2.5v4.2zm.8-5.6L8.8 12l3.1-2.1L15 12l-3.1 2.1zm.8 5.6v-4.3l3.7-2.5 3.2 2.2-6.9 4.6zm7.5-6l-2.4-1.6 2.4-1.6v3.2z\"><\/path><\/svg><\/span>Merkmale<\/a><\/div>\n\n\n\n<div class=\"blockart-button blockart-button-e23a8124\"><a class=\"blockart-button-link is-custom is-style-filled\" href=\"https:\/\/staging-bfc7-geopluscom.wpcomstaging.com\/de_ch\/contact\/#Form\"><span class=\"blockart-button-icon\"><svg width=\"24\" height=\"24\" xmlns=\"http:\/\/www.w3.org\/2000\/svg\" viewbox=\"0 0 24 24\" class=\"blockart-icon\" aria-hidden=\"true\"><path d=\"M21.6 8.6l-.3-.3-9.1-6c-.3-.2-.6-.2-.9 0l-9.1 6c0 .1-.1.2-.2.3v6.5c0 .2 0 .3.2.4.1.1.2.2.3.2l9.1 6c.1.1.3.2.4.2s.3-.1.4-.2l9.1-6 .3-.3c.1-.2.2-.3.2-.4V9c-.2-.1-.3-.3-.4-.4zm-8.9-4.1l6.9 4.6-3.2 2.1-3.7-2.5c-.1-.1 0-4.2 0-4.2zm-1.6 0v4.2l-3.7 2.5L4.3 9l6.8-4.5zm-7.5 6L6 12.1l-2.4 1.6v-3.2zm7.5 9.2l-6.9-4.6L7.4 13l3.7 2.5v4.2zm.8-5.6L8.8 12l3.1-2.1L15 12l-3.1 2.1zm.8 5.6v-4.3l3.7-2.5 3.2 2.2-6.9 4.6zm7.5-6l-2.4-1.6 2.4-1.6v3.2z\"><\/path><\/svg><\/span>kontaktieren Sie uns<\/a><\/div>\n<\/div>\n<\/div><\/div>\n<\/div><\/div><\/div>\n\n\n\n\n\n<div class=\"alignfull blockart-section blockart-section-914a0b15 alignfull\"><div class=\"blockart-container\"><div class=\"blockart-section-inner\">\n<div class=\"blockart-column blockart-column-826631d4\"><div class=\"blockart-column-inner\">\n<script src=\"https:\/\/cdn.lordicon.com\/ritcuqlt.js\"><\/script>\n<lord-icon\n    src=\"https:\/\/cdn.lordicon.com\/brvesgsa.json\"\n    trigger=\"hover\"\n    colors=\"primary:#109121,secondary:#2ff500\"\n    style=\"width:200px;height:200px\">\n<\/lord-icon>\n\n\n\n<h2 class=\"wp-block-heading has-text-color has-montserrat-font-family\" id=\"h-enhance-mobility-with-visionpad\" style=\"color:#05003a;font-size:29px;font-style:normal;font-weight:800\">Verbesserte Mobilit\u00e4t mit VisionPad<\/h2>\n\n\n\n<p class=\"wp-block-paragraph\">Nehmen Sie VisionPad, die mobile Feldsoftware f\u00fcr die Landvermessung, mit in den Au\u00dfendienst und erleben Sie unvergleichliche Mobilit\u00e4t. Maximieren Sie die Effizienz Ihres Teams durch die m\u00fchelose Synchronisierung von Daten unterwegs, die eine reibungslose Zusammenarbeit und Echtzeit-Updates erm\u00f6glicht. Egal, ob Sie vor Ort oder unterwegs sind, mit VisionPad bleiben Sie in Verbindung und produktiv.<\/p>\n<\/div><\/div>\n\n\n\n<div class=\"blockart-column blockart-column-6ce18db1\"><div class=\"blockart-column-inner\">\n<script src=\"https:\/\/cdn.lordicon.com\/ritcuqlt.js\"><\/script>\n<lord-icon\n    src=\"https:\/\/cdn.lordicon.com\/pxruxqrv.json\"\n    trigger=\"hover\"\n    colors=\"primary:#109121,secondary:#2ff500\"\n    style=\"width:200px;height:200px\">\n<\/lord-icon>\n\n\n\n<h2 class=\"wp-block-heading has-text-color has-montserrat-font-family\" id=\"h-superior-performance-with-visionpad\" style=\"color:#05003a;font-size:29px;font-style:normal;font-weight:800\">\u00dcberlegene Leistung mit VisionPad<\/h2>\n\n\n\n<p class=\"wp-block-paragraph\">Steigern Sie Ihre Arbeitsleistung mit den hochmodernen Funktionen und der benutzerfreundlichen Oberfl\u00e4che von VisionPad. Dieses leistungsstarke Tool rationalisiert Ihre Arbeitsabl\u00e4ufe und erm\u00f6glicht es Ihnen, Aufgaben mit Leichtigkeit und Effizienz zu erledigen. Mit VisionPad k\u00f6nnen Sie sich von m\u00fchsamen manuellen Prozessen verabschieden und eine produktivere und angenehmere Vermessungserfahrung machen.<\/p>\n<\/div><\/div>\n\n\n\n<div class=\"blockart-column blockart-column-b9603beb\"><div class=\"blockart-column-inner\">\n<script src=\"https:\/\/cdn.lordicon.com\/ritcuqlt.js\"><\/script>\n<lord-icon\n    src=\"https:\/\/cdn.lordicon.com\/tpcknmof.json\"\n    trigger=\"hover\"\n    colors=\"primary:#109121,secondary:#2ff500\"\n    style=\"width:200px;height:200px\">\n<\/lord-icon>\n\n\n\n<h2 class=\"wp-block-heading has-text-color has-montserrat-font-family\" id=\"h-exceptional-quality-with-visionpad\" style=\"color:#05003a;font-size:29px;font-style:normal;font-weight:800\">Au\u00dfergew\u00f6hnliche Qualit\u00e4t mit VisionPad<\/h2>\n\n\n\n<p class=\"wp-block-paragraph\">Dank der effizienten Implementierung von Polygonen f\u00fcr Arbeitsauftr\u00e4ge in VisionPad k\u00f6nnen Sie sicher sein, erstklassige Arbeit zu leisten. Diese innovative Funktion sorgt f\u00fcr Pr\u00e4zision und Genauigkeit bei Katasterrenovierungsprojekten, erh\u00f6ht die Qualit\u00e4t Ihrer Arbeitsergebnisse und steigert die Kundenzufriedenheit. Mit VisionPad k\u00f6nnen Sie Ergebnisse liefern, die die Erwartungen \u00fcbertreffen und sich in der Branche auszeichnen.<\/p>\n<\/div><\/div>\n<\/div><\/div><\/div>\n\n\n\n<div id=\"Software\" class=\"blockart-section blockart-section-cec4c829\"><div class=\"blockart-container\"><div class=\"blockart-section-inner\">\n<div class=\"blockart-column blockart-column-dbe7e5a6\"><div class=\"blockart-column-inner\"><\/div><\/div>\n\n\n\n<div id=\"\" class=\"blockart-column blockart-column-e7b3fe21\"><div class=\"blockart-column-inner\">\n<figure class=\"blockart-image blockart-image-d4d70c39\"><img decoding=\"async\" class=\"wp-image-35070 hover-effect-static filter-none mask mask-none\" src=\"https:\/\/staging-bfc7-geopluscom.wpcomstaging.com\/wp-content\/uploads\/2023\/07\/Asset-289.svg\" alt=\"VisionPad Land Surveying Mobile App Logo\"\/><\/figure>\n\n\n\n<h2 id=\"\" class=\"blockart-heading blockart-heading-66f10854\">Setzen Sie sich mit uns in Verbindung, um VisionPad zum Laufen zu bringen<\/h2>\n\n\n\n<p class=\"blockart-paragraph blockart-paragraph-df585d37\">Vielen Dank, dass Sie VisionPad, die mobile Feldsoftware f\u00fcr die Landvermessung, als Ihre mobile L\u00f6sung f\u00fcr die Dateneingabe und Positionierung im Feld in Betracht ziehen. Unser Expertenteam hilft Ihnen gerne dabei, die beste L\u00f6sung f\u00fcr Ihre Bed\u00fcrfnisse zu finden und beantwortet alle Ihre Fragen.<\/p>\n\n\n\n<p class=\"blockart-paragraph blockart-paragraph-f1a3ff09\">Mit VisionPad k\u00f6nnen Sie Ihre Feldarbeit rationalisieren und die Effizienz Ihres Teams verbessern. Wir freuen uns darauf, Sie dabei zu unterst\u00fctzen, Ihre Landvermessung und r\u00e4umliche Datenerfassung auf die n\u00e4chste Stufe zu heben!<\/p>\n<\/div><\/div>\n\n\n\n<div class=\"blockart-column blockart-column-19b740e6\"><div class=\"blockart-column-inner\"><\/div><\/div>\n<\/div><\/div><\/div>\n\n\n\n<div id=\"Software\" class=\"blockart-section blockart-section-bb9a7f40\"><div class=\"blockart-container\"><div class=\"blockart-section-inner\">\n<div class=\"blockart-column blockart-column-5f62ce2f\"><div class=\"blockart-column-inner\"><\/div><\/div>\n\n\n\n<div id=\"\" class=\"blockart-column blockart-column-610d8968\"><div class=\"blockart-column-inner\">\n<div class=\"blockart-buttons blockart-buttons-aefcd003 is-wrap is-horizontal justify-center\">\n<div class=\"blockart-button blockart-button-4d15b7fc\"><a class=\"blockart-button-link is-custom is-style-filled\" href=\"https:\/\/staging-bfc7-geopluscom.wpcomstaging.com\/de_ch\/contact\/#form\"><span class=\"blockart-button-icon\"><svg width=\"24\" height=\"24\" xmlns=\"http:\/\/www.w3.org\/2000\/svg\" viewbox=\"0 0 24 24\" class=\"blockart-icon\" aria-hidden=\"true\"><path d=\"M21.8 7.3c-.2-.3-.5-.4-.8-.4H7.3L6.2 4.2C5.8 3.4 5.1 3 4.4 3H2v2h2.3L9 16.3c.2.3.5.6 1 .6h8c.4 0 .8-.3 1-.6l2.9-8c.1-.3 0-.6-.1-1zm-4.5 7.6h-6.6L8.2 9h11.3l-2.2 5.9z\"><\/path><circle cx=\"10.5\" cy=\"19.5\" r=\"1.5\"><\/circle><circle cx=\"17.4\" cy=\"19.5\" r=\"1.5\"><\/circle><\/svg><\/span>Jetzt loslegen<\/a><\/div>\n<\/div>\n\n\n\n<div class=\"blockart-buttons blockart-buttons-201c7c0c is-wrap is-horizontal justify-center\">\n<div class=\"blockart-button blockart-button-63577b8e\"><a class=\"blockart-button-link is-custom is-style-filled\" href=\"https:\/\/www.linkedin.com\/company\/geoplussoft\/\" target=\"_blank\" rel=\"noopener\"><span class=\"blockart-button-icon\"><svg width=\"24\" height=\"24\" xmlns=\"http:\/\/www.w3.org\/2000\/svg\" viewbox=\"0 0 24 24\" class=\"blockart-icon\" aria-hidden=\"true\"><path d=\"M21.8 7.3c-.2-.3-.5-.4-.8-.4H7.3L6.2 4.2C5.8 3.4 5.1 3 4.4 3H2v2h2.3L9 16.3c.2.3.5.6 1 .6h8c.4 0 .8-.3 1-.6l2.9-8c.1-.3 0-.6-.1-1zm-4.5 7.6h-6.6L8.2 9h11.3l-2.2 5.9z\"><\/path><circle cx=\"10.5\" cy=\"19.5\" r=\"1.5\"><\/circle><circle cx=\"17.4\" cy=\"19.5\" r=\"1.5\"><\/circle><\/svg><\/span>Folgen Sie uns auf LINKEDIN und bleiben Sie auf dem Laufenden \u00fcber die neuesten Nachrichten von VisionPad!<\/a><\/div>\n<\/div>\n<\/div><\/div>\n\n\n\n<div class=\"blockart-column blockart-column-aeee0dfb\"><div class=\"blockart-column-inner\"><\/div><\/div>\n<\/div><\/div><\/div>\n\n\n\n<div id=\"Features\" class=\"blockart-section blockart-section-58b61916\"><div class=\"blockart-overlay\"><\/div><div class=\"blockart-container\"><div class=\"blockart-section-inner\">\n<div class=\"blockart-column blockart-column-561614f5\"><div class=\"blockart-column-inner\">\n<h1 class=\"blockart-heading blockart-heading-263648c1\">Ein umfassender Blick auf die VisionPad-Funktionen<\/h1>\n\n\n\n<h2 class=\"blockart-heading blockart-heading-1ac30850 is-small\"><strong><em>Die mobile Feldsoftware f\u00fcr die Landvermessung, die Sie auf dem Feld begleitet<\/em><\/strong><\/h2>\n\n\n\n<div class=\"blockart-section blockart-section-a6e9438b\"><div class=\"blockart-container\"><div class=\"blockart-section-inner\">\n<div class=\"blockart-column blockart-column-def11f60\"><div class=\"blockart-column-inner\">\n<div class=\"blockart-section blockart-section-6750b21d\"><div class=\"blockart-container\"><div class=\"blockart-section-inner\">\n<div class=\"blockart-column blockart-column-69be825d\"><div class=\"blockart-column-inner\">\n<h3 class=\"blockart-heading blockart-heading-9aaf04f7\">Dateneingabe<\/h3>\n\n\n\n<p class=\"blockart-paragraph blockart-paragraph-b08e74b5\">Geben Sie benutzerdefinierte raumbeschreibende Daten ein, w\u00e4hrend Sie offline oder online sind, und synchronisieren Sie Ihre Felddaten jederzeit von Ihrem Desktop aus!<\/p>\n<\/div><\/div>\n\n\n\n<div class=\"blockart-column blockart-column-a6400bd5\"><div class=\"blockart-column-inner\">\n<h3 class=\"blockart-heading blockart-heading-5e844a82\">Positionierung<\/h3>\n\n\n\n<p class=\"blockart-paragraph blockart-paragraph-9ea3dcbc\">Positionieren Sie sich mit oder ohne RTK-GPS und greifen Sie auf alle Informationen aus Ihrer Satellitenkonstellation zu.<\/p>\n<\/div><\/div>\n\n\n\n<div class=\"blockart-column blockart-column-56cfd0f3\"><div class=\"blockart-column-inner\">\n<h3 class=\"blockart-heading blockart-heading-3d7b2aaa\">Verwendung von Karten<\/h3>\n\n\n\n<p class=\"blockart-paragraph blockart-paragraph-addd20b4\">Anzeige aller vor Ort gesammelten Informationen auf einer Stra\u00dfenkarte.<\/p>\n<\/div><\/div>\n<\/div><\/div><\/div>\n<\/div><\/div>\n<\/div><\/div><\/div>\n<\/div><\/div>\n<\/div><\/div><\/div>\n\n\n\n<!-- Google tag (gtag.js) -->\n<script async=\"\" src=\"https:\/\/www.googletagmanager.com\/gtag\/js?id=UA-240226420-1\"><\/script>\n<script>\n  window.dataLayer = window.dataLayer || [];\n  function gtag(){dataLayer.push(arguments);}\n  gtag('js', new Date());\n\n  gtag('config', 'UA-240226420-1');\n<\/script>","protected":false},"excerpt":{"rendered":"","protected":false},"author":228097081,"featured_media":5758,"parent":0,"menu_order":0,"comment_status":"closed","ping_status":"closed","template":"","meta":{"_crdt_document":"","inline_featured_image":false,"jetpack_post_was_ever_published":false,"footnotes":""},"class_list":["post-3218","page","type-page","status-publish","has-post-thumbnail","hentry"],"yoast_head":"<!-- This site is optimized with the Yoast SEO Premium plugin v22.8 (Yoast SEO v27.3) - https:\/\/yoast.com\/product\/yoast-seo-premium-wordpress\/ -->\n<title>Land Surveying Mobile Software - VisionPad<\/title>\n<meta name=\"description\" content=\"Boost field efficiency with VisionPad, 100% mobile Land Surveying Software \/ App. Sync data, improve performance, and enhance your processes.\" \/>\n<meta name=\"robots\" content=\"index, follow, max-snippet:-1, max-image-preview:large, max-video-preview:-1\" \/>\n<link rel=\"canonical\" href=\"https:\/\/staging-bfc7-geopluscom.wpcomstaging.com\/de_ch\/visionpad_feld-daten-synchronisations-software\/\" \/>\n<meta property=\"og:locale\" content=\"de_DE\" \/>\n<meta property=\"og:type\" content=\"article\" \/>\n<meta property=\"og:title\" content=\"VisionPad - Complete Mobile Field Software for Land Surveying\" \/>\n<meta property=\"og:description\" content=\"Synchronize your field data from anywhere with VisionPad Land Surveying Software. Make it your go-to solution for complete mobility.\" \/>\n<meta property=\"og:url\" content=\"https:\/\/staging-bfc7-geopluscom.wpcomstaging.com\/de_ch\/visionpad_feld-daten-synchronisations-software\/\" \/>\n<meta property=\"og:site_name\" content=\"Geo-Plus\" \/>\n<meta property=\"article:publisher\" content=\"https:\/\/www.facebook.com\/geoplussoft\" \/>\n<meta property=\"article:modified_time\" content=\"2024-06-20T13:05:27+00:00\" \/>\n<meta property=\"og:image\" content=\"https:\/\/staging-bfc7-geopluscom.wpcomstaging.com\/wp-content\/uploads\/2023\/01\/pad.jpg\" \/>\n\t<meta property=\"og:image:width\" content=\"768\" \/>\n\t<meta property=\"og:image:height\" content=\"432\" \/>\n\t<meta property=\"og:image:type\" content=\"image\/jpeg\" \/>\n<meta name=\"twitter:card\" content=\"summary_large_image\" \/>\n<meta name=\"twitter:title\" content=\"VisionPad - Complete Mobile Field Software for Land Surveying\" \/>\n<meta name=\"twitter:description\" content=\"Synchronize your field data from anywhere with VisionPad Land Surveying Software. Make it your go-to solution for complete mobility.\" \/>\n<meta name=\"twitter:image\" content=\"https:\/\/staging-bfc7-geopluscom.wpcomstaging.com\/wp-content\/uploads\/2023\/01\/pad.jpg\" \/>\n<meta name=\"twitter:site\" content=\"@geoplussoft\" \/>\n<meta name=\"twitter:label1\" content=\"Gesch\u00e4tzte Lesezeit\" \/>\n\t<meta name=\"twitter:data1\" content=\"3\u00a0Minuten\" \/>\n<script type=\"application\/ld+json\" class=\"yoast-schema-graph\">{\"@context\":\"https:\\\/\\\/schema.org\",\"@graph\":[{\"@type\":\"WebPage\",\"@id\":\"https:\\\/\\\/staging-bfc7-geopluscom.wpcomstaging.com\\\/de_ch\\\/visionpad_feld-daten-synchronisations-software\\\/\",\"url\":\"https:\\\/\\\/staging-bfc7-geopluscom.wpcomstaging.com\\\/de_ch\\\/visionpad_feld-daten-synchronisations-software\\\/\",\"name\":\"Land Surveying Mobile Software - VisionPad\",\"isPartOf\":{\"@id\":\"https:\\\/\\\/staging-bfc7-geopluscom.wpcomstaging.com\\\/#website\"},\"primaryImageOfPage\":{\"@id\":\"https:\\\/\\\/staging-bfc7-geopluscom.wpcomstaging.com\\\/de_ch\\\/visionpad_feld-daten-synchronisations-software\\\/#primaryimage\"},\"image\":{\"@id\":\"https:\\\/\\\/staging-bfc7-geopluscom.wpcomstaging.com\\\/de_ch\\\/visionpad_feld-daten-synchronisations-software\\\/#primaryimage\"},\"thumbnailUrl\":\"https:\\\/\\\/staging-bfc7-geopluscom.wpcomstaging.com\\\/wp-content\\\/uploads\\\/2023\\\/01\\\/pad.jpg\",\"datePublished\":\"2022-12-20T14:17:35+00:00\",\"dateModified\":\"2024-06-20T13:05:27+00:00\",\"description\":\"Boost field efficiency with VisionPad, 100% mobile Land Surveying Software \\\/ App. Sync data, improve performance, and enhance your processes.\",\"breadcrumb\":{\"@id\":\"https:\\\/\\\/staging-bfc7-geopluscom.wpcomstaging.com\\\/de_ch\\\/visionpad_feld-daten-synchronisations-software\\\/#breadcrumb\"},\"inLanguage\":\"de-CH\",\"potentialAction\":[{\"@type\":\"ReadAction\",\"target\":[\"https:\\\/\\\/staging-bfc7-geopluscom.wpcomstaging.com\\\/de_ch\\\/visionpad_feld-daten-synchronisations-software\\\/\"]}]},{\"@type\":\"ImageObject\",\"inLanguage\":\"de-CH\",\"@id\":\"https:\\\/\\\/staging-bfc7-geopluscom.wpcomstaging.com\\\/de_ch\\\/visionpad_feld-daten-synchronisations-software\\\/#primaryimage\",\"url\":\"https:\\\/\\\/staging-bfc7-geopluscom.wpcomstaging.com\\\/wp-content\\\/uploads\\\/2023\\\/01\\\/pad.jpg\",\"contentUrl\":\"https:\\\/\\\/staging-bfc7-geopluscom.wpcomstaging.com\\\/wp-content\\\/uploads\\\/2023\\\/01\\\/pad.jpg\",\"width\":768,\"height\":432},{\"@type\":\"BreadcrumbList\",\"@id\":\"https:\\\/\\\/staging-bfc7-geopluscom.wpcomstaging.com\\\/de_ch\\\/visionpad_feld-daten-synchronisations-software\\\/#breadcrumb\",\"itemListElement\":[{\"@type\":\"ListItem\",\"position\":1,\"name\":\"Home\",\"item\":\"https:\\\/\\\/staging-bfc7-geopluscom.wpcomstaging.com\\\/de_ch\\\/\"},{\"@type\":\"ListItem\",\"position\":2,\"name\":\"Vision Pad\"}]},{\"@type\":\"WebSite\",\"@id\":\"https:\\\/\\\/staging-bfc7-geopluscom.wpcomstaging.com\\\/#website\",\"url\":\"https:\\\/\\\/staging-bfc7-geopluscom.wpcomstaging.com\\\/\",\"name\":\"Geo-Plus\",\"description\":\"Geo-Plus | LiDAR, Land Surveying and Civil Engineering Software Solutions\",\"publisher\":{\"@id\":\"https:\\\/\\\/staging-bfc7-geopluscom.wpcomstaging.com\\\/#organization\"},\"potentialAction\":[{\"@type\":\"SearchAction\",\"target\":{\"@type\":\"EntryPoint\",\"urlTemplate\":\"https:\\\/\\\/staging-bfc7-geopluscom.wpcomstaging.com\\\/?s={search_term_string}\"},\"query-input\":{\"@type\":\"PropertyValueSpecification\",\"valueRequired\":true,\"valueName\":\"search_term_string\"}}],\"inLanguage\":\"de-CH\"},{\"@type\":\"Organization\",\"@id\":\"https:\\\/\\\/staging-bfc7-geopluscom.wpcomstaging.com\\\/#organization\",\"name\":\"Geo-Plus\",\"alternateName\":\"Geo-Plus\",\"url\":\"https:\\\/\\\/staging-bfc7-geopluscom.wpcomstaging.com\\\/\",\"logo\":{\"@type\":\"ImageObject\",\"inLanguage\":\"de-CH\",\"@id\":\"https:\\\/\\\/staging-bfc7-geopluscom.wpcomstaging.com\\\/#\\\/schema\\\/logo\\\/image\\\/\",\"url\":\"https:\\\/\\\/staging-bfc7-geopluscom.wpcomstaging.com\\\/wp-content\\\/uploads\\\/2023\\\/03\\\/Geo-Plus-SVG-Logo.svg\",\"contentUrl\":\"https:\\\/\\\/staging-bfc7-geopluscom.wpcomstaging.com\\\/wp-content\\\/uploads\\\/2023\\\/03\\\/Geo-Plus-SVG-Logo.svg\",\"caption\":\"Geo-Plus\"},\"image\":{\"@id\":\"https:\\\/\\\/staging-bfc7-geopluscom.wpcomstaging.com\\\/#\\\/schema\\\/logo\\\/image\\\/\"},\"sameAs\":[\"https:\\\/\\\/www.facebook.com\\\/geoplussoft\",\"https:\\\/\\\/x.com\\\/geoplussoft\",\"https:\\\/\\\/www.tiktok.com\\\/@geoplussoft\",\"https:\\\/\\\/www.instagram.com\\\/geoplussoft\",\"https:\\\/\\\/www.linkedin.com\\\/company\\\/geoplussoft\"]}]}<\/script>\n<!-- \/ Yoast SEO Premium plugin. -->","yoast_head_json":{"title":"Mobile Landvermessungs-Software - VisionPad","description":"Steigern Sie die Effizienz im Au\u00dfendienst mit VisionPad, einer mobilen Vermessungssoftware 100%. Synchronisieren Sie Daten, verbessern Sie die Leistung, und optimieren Sie Ihre Prozesse.","robots":{"index":"index","follow":"follow","max-snippet":"max-snippet:-1","max-image-preview":"max-image-preview:large","max-video-preview":"max-video-preview:-1"},"canonical":"https:\/\/staging-bfc7-geopluscom.wpcomstaging.com\/de_ch\/visionpad_feld-daten-synchronisations-software\/","og_locale":"de_DE","og_type":"article","og_title":"VisionPad - Complete Mobile Field Software for Land Surveying","og_description":"Synchronize your field data from anywhere with VisionPad Land Surveying Software. Make it your go-to solution for complete mobility.","og_url":"https:\/\/staging-bfc7-geopluscom.wpcomstaging.com\/de_ch\/visionpad_feld-daten-synchronisations-software\/","og_site_name":"Geo-Plus","article_publisher":"https:\/\/www.facebook.com\/geoplussoft","article_modified_time":"2024-06-20T13:05:27+00:00","og_image":[{"width":768,"height":432,"url":"https:\/\/staging-bfc7-geopluscom.wpcomstaging.com\/wp-content\/uploads\/2023\/01\/pad.jpg","type":"image\/jpeg"}],"twitter_card":"summary_large_image","twitter_title":"VisionPad - Complete Mobile Field Software for Land Surveying","twitter_description":"Synchronize your field data from anywhere with VisionPad Land Surveying Software. Make it your go-to solution for complete mobility.","twitter_image":"https:\/\/staging-bfc7-geopluscom.wpcomstaging.com\/wp-content\/uploads\/2023\/01\/pad.jpg","twitter_site":"@geoplussoft","twitter_misc":{"Gesch\u00e4tzte Lesezeit":"3\u00a0Minuten"},"schema":{"@context":"https:\/\/schema.org","@graph":[{"@type":"WebPage","@id":"https:\/\/staging-bfc7-geopluscom.wpcomstaging.com\/de_ch\/visionpad_feld-daten-synchronisations-software\/","url":"https:\/\/staging-bfc7-geopluscom.wpcomstaging.com\/de_ch\/visionpad_feld-daten-synchronisations-software\/","name":"Mobile Landvermessungs-Software - VisionPad","isPartOf":{"@id":"https:\/\/staging-bfc7-geopluscom.wpcomstaging.com\/#website"},"primaryImageOfPage":{"@id":"https:\/\/staging-bfc7-geopluscom.wpcomstaging.com\/de_ch\/visionpad_feld-daten-synchronisations-software\/#primaryimage"},"image":{"@id":"https:\/\/staging-bfc7-geopluscom.wpcomstaging.com\/de_ch\/visionpad_feld-daten-synchronisations-software\/#primaryimage"},"thumbnailUrl":"https:\/\/staging-bfc7-geopluscom.wpcomstaging.com\/wp-content\/uploads\/2023\/01\/pad.jpg","datePublished":"2022-12-20T14:17:35+00:00","dateModified":"2024-06-20T13:05:27+00:00","description":"Steigern Sie die Effizienz im Au\u00dfendienst mit VisionPad, einer mobilen Vermessungssoftware 100%. Synchronisieren Sie Daten, verbessern Sie die Leistung, und optimieren Sie Ihre Prozesse.","breadcrumb":{"@id":"https:\/\/staging-bfc7-geopluscom.wpcomstaging.com\/de_ch\/visionpad_feld-daten-synchronisations-software\/#breadcrumb"},"inLanguage":"de-CH","potentialAction":[{"@type":"ReadAction","target":["https:\/\/staging-bfc7-geopluscom.wpcomstaging.com\/de_ch\/visionpad_feld-daten-synchronisations-software\/"]}]},{"@type":"ImageObject","inLanguage":"de-CH","@id":"https:\/\/staging-bfc7-geopluscom.wpcomstaging.com\/de_ch\/visionpad_feld-daten-synchronisations-software\/#primaryimage","url":"https:\/\/staging-bfc7-geopluscom.wpcomstaging.com\/wp-content\/uploads\/2023\/01\/pad.jpg","contentUrl":"https:\/\/staging-bfc7-geopluscom.wpcomstaging.com\/wp-content\/uploads\/2023\/01\/pad.jpg","width":768,"height":432},{"@type":"BreadcrumbList","@id":"https:\/\/staging-bfc7-geopluscom.wpcomstaging.com\/de_ch\/visionpad_feld-daten-synchronisations-software\/#breadcrumb","itemListElement":[{"@type":"ListItem","position":1,"name":"Home","item":"https:\/\/staging-bfc7-geopluscom.wpcomstaging.com\/de_ch\/"},{"@type":"ListItem","position":2,"name":"Vision Pad"}]},{"@type":"WebSite","@id":"https:\/\/staging-bfc7-geopluscom.wpcomstaging.com\/#website","url":"https:\/\/staging-bfc7-geopluscom.wpcomstaging.com\/","name":"Geo-Plus","description":"Geo-Plus | LiDAR, Landvermessung und Bauingenieurwesen Software-L\u00f6sungen","publisher":{"@id":"https:\/\/staging-bfc7-geopluscom.wpcomstaging.com\/#organization"},"potentialAction":[{"@type":"SearchAction","target":{"@type":"EntryPoint","urlTemplate":"https:\/\/staging-bfc7-geopluscom.wpcomstaging.com\/?s={search_term_string}"},"query-input":{"@type":"PropertyValueSpecification","valueRequired":true,"valueName":"search_term_string"}}],"inLanguage":"de-CH"},{"@type":"Organization","@id":"https:\/\/staging-bfc7-geopluscom.wpcomstaging.com\/#organization","name":"Geo-Plus","alternateName":"Geo-Plus","url":"https:\/\/staging-bfc7-geopluscom.wpcomstaging.com\/","logo":{"@type":"ImageObject","inLanguage":"de-CH","@id":"https:\/\/staging-bfc7-geopluscom.wpcomstaging.com\/#\/schema\/logo\/image\/","url":"https:\/\/staging-bfc7-geopluscom.wpcomstaging.com\/wp-content\/uploads\/2023\/03\/Geo-Plus-SVG-Logo.svg","contentUrl":"https:\/\/staging-bfc7-geopluscom.wpcomstaging.com\/wp-content\/uploads\/2023\/03\/Geo-Plus-SVG-Logo.svg","caption":"Geo-Plus"},"image":{"@id":"https:\/\/staging-bfc7-geopluscom.wpcomstaging.com\/#\/schema\/logo\/image\/"},"sameAs":["https:\/\/www.facebook.com\/geoplussoft","https:\/\/x.com\/geoplussoft","https:\/\/www.tiktok.com\/@geoplussoft","https:\/\/www.instagram.com\/geoplussoft","https:\/\/www.linkedin.com\/company\/geoplussoft"]}]}},"jetpack_likes_enabled":true,"jetpack_sharing_enabled":true,"jetpack_shortlink":"https:\/\/wp.me\/PfOWRN-PU","jetpack-related-posts":[],"_links":{"self":[{"href":"https:\/\/staging-bfc7-geopluscom.wpcomstaging.com\/de_ch\/wp-json\/wp\/v2\/pages\/3218","targetHints":{"allow":["GET"]}}],"collection":[{"href":"https:\/\/staging-bfc7-geopluscom.wpcomstaging.com\/de_ch\/wp-json\/wp\/v2\/pages"}],"about":[{"href":"https:\/\/staging-bfc7-geopluscom.wpcomstaging.com\/de_ch\/wp-json\/wp\/v2\/types\/page"}],"author":[{"embeddable":true,"href":"https:\/\/staging-bfc7-geopluscom.wpcomstaging.com\/de_ch\/wp-json\/wp\/v2\/users\/228097081"}],"replies":[{"embeddable":true,"href":"https:\/\/staging-bfc7-geopluscom.wpcomstaging.com\/de_ch\/wp-json\/wp\/v2\/comments?post=3218"}],"version-history":[{"count":57,"href":"https:\/\/staging-bfc7-geopluscom.wpcomstaging.com\/de_ch\/wp-json\/wp\/v2\/pages\/3218\/revisions"}],"predecessor-version":[{"id":39143,"href":"https:\/\/staging-bfc7-geopluscom.wpcomstaging.com\/de_ch\/wp-json\/wp\/v2\/pages\/3218\/revisions\/39143"}],"wp:featuredmedia":[{"embeddable":true,"href":"https:\/\/staging-bfc7-geopluscom.wpcomstaging.com\/de_ch\/wp-json\/wp\/v2\/media\/5758"}],"wp:attachment":[{"href":"https:\/\/staging-bfc7-geopluscom.wpcomstaging.com\/de_ch\/wp-json\/wp\/v2\/media?parent=3218"}],"curies":[{"name":"wp","href":"https:\/\/api.w.org\/{rel}","templated":true}]}}