{"id":3207,"date":"2022-12-20T14:14:12","date_gmt":"2022-12-20T14:14:12","guid":{"rendered":"https:\/\/staging-bfc7-geopluscom.wpcomstaging.com\/?page_id=3207"},"modified":"2024-06-19T16:17:14","modified_gmt":"2024-06-19T20:17:14","slug":"web-platform-diffuse-points-and-plots","status":"publish","type":"page","link":"https:\/\/staging-bfc7-geopluscom.wpcomstaging.com\/de_ch\/visioncarto_browser-diffussion-points-plots\/","title":{"rendered":"Vision Carto"},"content":{"rendered":"<div class=\"alignfull blockart-section blockart-section-39e0f018 alignfull\"><div class=\"blockart-overlay\"><\/div><div class=\"blockart-container\"><div class=\"blockart-section-inner blockart-height-fit-to-screen\">\n<div class=\"blockart-column blockart-column-2e991ec0\"><div class=\"blockart-column-inner is-vertical justify-right align-center is-flex\">\n<figure class=\"wp-block-image size-large is-resized\"><img decoding=\"async\" src=\"https:\/\/staging-bfc7-geopluscom.wpcomstaging.com\/wp-content\/uploads\/2024\/06\/Asset-251.svg\" alt=\"\" class=\"wp-image-39090\" style=\"object-fit:cover;width:150px;height:150px\"\/><\/figure>\n\n\n\n<h1 class=\"blockart-heading blockart-heading-36a7aafc\">VisionCarto - Diffuse Punkte &amp; Parzellen<\/h1>\n\n\n\n<h5 class=\"blockart-heading blockart-heading-961c296a\">VisionCarto ist eine Datenvisualisierungsplattform, die Echtzeitsynchronisation und interaktiven Kartenzugriff zur einfachen Visualisierung und Analyse von Felddaten erm\u00f6glicht. Sie gew\u00e4hrleistet robuste Sicherheit durch sicheres Cloud-Hosting und erm\u00f6glicht eine sichere Zusammenarbeit. Benutzer k\u00f6nnen Daten von Android- und Apple-Ger\u00e4ten auf interaktiven Karten \u00fcberlagern, Fotos mit GPS-Informationen kommentieren und synchronisieren und Daten effizient verwalten, w\u00e4hrend sie gleichzeitig die Kontrolle \u00fcber den Zugriff auf sensible Informationen behalten.<\/h5>\n\n\n\n<div class=\"blockart-buttons blockart-buttons-f97ca35b is-wrap justify-center\">\n<div class=\"blockart-button blockart-button-d3d379a3\"><a class=\"blockart-button-link is-custom is-style-filled\" href=\"#Features\"><span class=\"blockart-button-icon\"><svg width=\"24\" height=\"24\" xmlns=\"http:\/\/www.w3.org\/2000\/svg\" viewbox=\"0 0 24 24\" class=\"blockart-icon\" aria-hidden=\"true\"><path d=\"M21.6 8.6l-.3-.3-9.1-6c-.3-.2-.6-.2-.9 0l-9.1 6c0 .1-.1.2-.2.3v6.5c0 .2 0 .3.2.4.1.1.2.2.3.2l9.1 6c.1.1.3.2.4.2s.3-.1.4-.2l9.1-6 .3-.3c.1-.2.2-.3.2-.4V9c-.2-.1-.3-.3-.4-.4zm-8.9-4.1l6.9 4.6-3.2 2.1-3.7-2.5c-.1-.1 0-4.2 0-4.2zm-1.6 0v4.2l-3.7 2.5L4.3 9l6.8-4.5zm-7.5 6L6 12.1l-2.4 1.6v-3.2zm7.5 9.2l-6.9-4.6L7.4 13l3.7 2.5v4.2zm.8-5.6L8.8 12l3.1-2.1L15 12l-3.1 2.1zm.8 5.6v-4.3l3.7-2.5 3.2 2.2-6.9 4.6zm7.5-6l-2.4-1.6 2.4-1.6v3.2z\"><\/path><\/svg><\/span>mehr erfahren<\/a><\/div>\n\n\n\n<div class=\"blockart-button blockart-button-e6719250\"><a class=\"blockart-button-link is-custom is-style-filled\" href=\"https:\/\/staging-bfc7-geopluscom.wpcomstaging.com\/de_ch\/kontakt-geo-plus\/#Form\"><span class=\"blockart-button-icon\"><svg width=\"24\" height=\"24\" xmlns=\"http:\/\/www.w3.org\/2000\/svg\" viewbox=\"0 0 24 24\" class=\"blockart-icon\" aria-hidden=\"true\"><path d=\"M21.6 8.6l-.3-.3-9.1-6c-.3-.2-.6-.2-.9 0l-9.1 6c0 .1-.1.2-.2.3v6.5c0 .2 0 .3.2.4.1.1.2.2.3.2l9.1 6c.1.1.3.2.4.2s.3-.1.4-.2l9.1-6 .3-.3c.1-.2.2-.3.2-.4V9c-.2-.1-.3-.3-.4-.4zm-8.9-4.1l6.9 4.6-3.2 2.1-3.7-2.5c-.1-.1 0-4.2 0-4.2zm-1.6 0v4.2l-3.7 2.5L4.3 9l6.8-4.5zm-7.5 6L6 12.1l-2.4 1.6v-3.2zm7.5 9.2l-6.9-4.6L7.4 13l3.7 2.5v4.2zm.8-5.6L8.8 12l3.1-2.1L15 12l-3.1 2.1zm.8 5.6v-4.3l3.7-2.5 3.2 2.2-6.9 4.6zm7.5-6l-2.4-1.6 2.4-1.6v3.2z\"><\/path><\/svg><\/span>kontaktieren Sie uns<\/a><\/div>\n<\/div>\n<\/div><\/div>\n<\/div><\/div><\/div>\n\n\n\n\n\n<div class=\"alignfull blockart-section blockart-section-0a728abc alignfull\"><div class=\"blockart-container\"><div class=\"blockart-section-inner\">\n<div class=\"blockart-column blockart-column-5ddc181a\"><div class=\"blockart-column-inner\">\n<script src=\"https:\/\/cdn.lordicon.com\/fudrjiwc.js\"><\/script>\n<lord-icon\n    src=\"https:\/\/cdn.lordicon.com\/vtpxjewg.json\"\n    trigger=\"hover\"\n    colors=\"primary:#109121,secondary:#f57600\"\n    style=\"width:200px;height:200px\">\n<\/lord-icon>\n\n\n\n<h2 class=\"wp-block-heading has-text-color has-montserrat-font-family\" id=\"h-synchronization-using-visioncarto\" style=\"color:#05003a;font-size:29px;font-style:normal;font-weight:800\">Synchronisierung mit VisionCarto<\/h2>\n\n\n\n<p class=\"wp-block-paragraph\">Mit VisionCarto, der Datenvisualisierungsplattform, k\u00f6nnen Sie effizient Informationen vor Ort sammeln und Ihre Daten gleichzeitig nahtlos synchronisieren. Das bedeutet, dass Sie m\u00fchelos auf Ihre Daten zugreifen und sie in Echtzeit aktualisieren k\u00f6nnen, so dass Sie immer die neuesten Informationen zur Hand haben.<\/p>\n<\/div><\/div>\n\n\n\n<div class=\"blockart-column blockart-column-5f88d17e\"><div class=\"blockart-column-inner\">\n<script src=\"https:\/\/cdn.lordicon.com\/fudrjiwc.js\"><\/script>\n<lord-icon\n    src=\"https:\/\/cdn.lordicon.com\/kzxgjtyb.json\"\n    trigger=\"hover\"\n    colors=\"primary:#109121,secondary:#f57600\"\n    style=\"width:200px;height:200px\">\n<\/lord-icon>\n\n\n\n<h2 class=\"wp-block-heading has-text-color has-montserrat-font-family\" id=\"h-interactivity-with-visioncarto\" style=\"color:#05003a;font-size:29px;font-style:normal;font-weight:800\">Interaktivit\u00e4t mit VisionCarto<\/h2>\n\n\n\n<p class=\"wp-block-paragraph\">Erschlie\u00dfen Sie die Macht der Interaktivit\u00e4t mit VisionCarto! Sie haben die Freiheit, auf alle Ihre wertvollen Daten auf einer interaktiven Karte zuzugreifen, die es Ihnen erm\u00f6glicht, Ihre Punkte und Diagramme mit Leichtigkeit zu visualisieren und zu analysieren. M\u00fcssen Sie Anpassungen vornehmen oder \u00c4nderungen vornehmen lassen? Kein Problem! Mit VisionCarto k\u00f6nnen Sie \u00c4nderungen schnell umsetzen und einen reibungslosen und produktiven Arbeitsablauf gew\u00e4hrleisten.<\/p>\n<\/div><\/div>\n\n\n\n<div class=\"blockart-column blockart-column-8fab0867\"><div class=\"blockart-column-inner\">\n<script src=\"https:\/\/cdn.lordicon.com\/fudrjiwc.js\"><\/script>\n<lord-icon\n    src=\"https:\/\/cdn.lordicon.com\/korsaewx.json\"\n    trigger=\"hover\"\n    colors=\"primary:#109121,secondary:#f57600\"\n    style=\"width:200px;height:200px\">\n<\/lord-icon>\n\n\n\n<h2 class=\"wp-block-heading has-text-color has-montserrat-font-family\" id=\"h-security-with-visioncarto\" style=\"color:#05003a;font-size:29px;font-style:normal;font-weight:800\">Sicherheit mit VisionCarto<\/h2>\n\n\n\n<p class=\"wp-block-paragraph\">Mit den robusten Sicherheitsfunktionen von VisionCarto k\u00f6nnen Sie sich darauf verlassen, dass Ihre Daten in sicheren H\u00e4nden sind. Sie haben die volle Kontrolle dar\u00fcber, wer auf Ihre Dokumente und Daten zugreifen kann. So k\u00f6nnen Sie sicher sein, dass Ihre sensiblen Informationen sicher und vertraulich bleiben. Mit sicherem Cloud-Hosting (HTTPS) k\u00f6nnen Ihre Teammitglieder effizient zusammenarbeiten und gleichzeitig ein H\u00f6chstma\u00df an Datenschutz aufrechterhalten.<\/p>\n<\/div><\/div>\n<\/div><\/div><\/div>\n\n\n\n<div id=\"Features\" class=\"blockart-section blockart-section-ce145ad5\"><div class=\"blockart-overlay\"><\/div><div class=\"blockart-container\"><div class=\"blockart-section-inner\">\n<div class=\"blockart-column blockart-column-09514256\"><div class=\"blockart-column-inner\">\n<h1 class=\"blockart-heading blockart-heading-d9b5610a\">VisionCarto Features, die Datenvisualisierungsplattform!<\/h1>\n\n\n\n<h2 class=\"blockart-heading blockart-heading-cd576b07 is-small\"><strong><em>Web-Plattform f\u00fcr diffuse Punkte und Diagramme<\/em><\/strong><\/h2>\n\n\n\n<div class=\"blockart-section blockart-section-d69c6146\"><div class=\"blockart-container\"><div class=\"blockart-section-inner\">\n<div class=\"blockart-column blockart-column-9904ec1b\"><div class=\"blockart-column-inner\">\n<div class=\"blockart-section blockart-section-64e623e6\"><div class=\"blockart-container\"><div class=\"blockart-section-inner\">\n<div class=\"blockart-column blockart-column-a31b9901\"><div class=\"blockart-column-inner\">\n<h3 class=\"blockart-heading blockart-heading-e4896e02\">Datenverwaltung<\/h3>\n\n\n\n<p class=\"blockart-paragraph blockart-paragraph-acc0979c\">\u00dcberlagern Sie alle Ihre Daten von Android\u00ae und Apple\u00ae auf einer interaktiven Karte (OpenStreetMap\u00ae, Bing\u00ae Imagery).<\/p>\n<\/div><\/div>\n\n\n\n<div class=\"blockart-column blockart-column-74648c3c\"><div class=\"blockart-column-inner\">\n<h3 class=\"blockart-heading blockart-heading-98a2376e\">GPS-Informationen<\/h3>\n\n\n\n<p class=\"blockart-paragraph blockart-paragraph-ef4af216\">Kommentieren und synchronisieren Sie von einem Mobilger\u00e4t hochgeladene Fotos und greifen Sie auf deren GPS-Informationen vor Ort und im B\u00fcro zu.<\/p>\n<\/div><\/div>\n\n\n\n<div class=\"blockart-column blockart-column-cf05a174\"><div class=\"blockart-column-inner\">\n<h3 class=\"blockart-heading blockart-heading-4f5b76dd\">Sichere Zusammenarbeit<\/h3>\n\n\n\n<p class=\"blockart-paragraph blockart-paragraph-90816191\">Mit einem sicheren Cloud-Hosting (HTTPS) werden Ihre Dokumente von Ihren Teammitgliedern gemeinsam genutzt und sicher angezeigt.<\/p>\n<\/div><\/div>\n<\/div><\/div><\/div>\n<\/div><\/div>\n<\/div><\/div><\/div>\n<\/div><\/div>\n<\/div><\/div><\/div>\n\n\n\n<div id=\"Software\" class=\"blockart-section blockart-section-8002ffc4\"><div class=\"blockart-container\"><div class=\"blockart-section-inner\">\n<div class=\"blockart-column blockart-column-287dadd1\"><div class=\"blockart-column-inner\"><\/div><\/div>\n\n\n\n<div id=\"\" class=\"blockart-column blockart-column-4032e88f\"><div class=\"blockart-column-inner\">\n<figure class=\"blockart-image blockart-image-817f4c0c\"><img decoding=\"async\" class=\"wp-image-35085 hover-effect-static filter-none mask mask-none\" src=\"https:\/\/staging-bfc7-geopluscom.wpcomstaging.com\/wp-content\/uploads\/2023\/07\/Asset-298-1.svg\" alt=\"VisionCarto Datenvisualisierungsplattform Logo\"\/><\/figure>\n\n\n\n<h2 id=\"\" class=\"blockart-heading blockart-heading-6700c35b\">Kontaktieren Sie uns und nutzen Sie die VisionCarto Web-Plattform zur Diffusion von Punkten und Plots<\/h2>\n\n\n\n<p class=\"blockart-paragraph blockart-paragraph-4be300fd\">Unser Expertenteam wird mit Ihnen zusammenarbeiten, um Ihre Anforderungen zu verstehen und Ihnen eine L\u00f6sung zu bieten, die Ihrem Budget entspricht und Ihre Erwartungen \u00fcbertrifft. Mit VisionCarto k\u00f6nnen Sie ganz einfach Informationen vor Ort sammeln, Ihre Daten gleichzeitig synchronisieren, auf alle Daten auf einer interaktiven Karte zugreifen und die erforderlichen \u00c4nderungen vornehmen.<\/p>\n<\/div><\/div>\n\n\n\n<div class=\"blockart-column blockart-column-11de06b9\"><div class=\"blockart-column-inner\"><\/div><\/div>\n<\/div><\/div><\/div>\n\n\n\n<div id=\"Software\" class=\"blockart-section blockart-section-72a17f0d\"><div class=\"blockart-container\"><div class=\"blockart-section-inner\">\n<div class=\"blockart-column blockart-column-3562a5cb\"><div class=\"blockart-column-inner\"><\/div><\/div>\n\n\n\n<div id=\"\" class=\"blockart-column blockart-column-b67f8c34\"><div class=\"blockart-column-inner\">\n<div class=\"blockart-buttons blockart-buttons-e2f238fb is-wrap is-horizontal justify-center\">\n<div class=\"blockart-button blockart-button-06e27255\"><a class=\"blockart-button-link is-custom is-style-filled\" href=\"https:\/\/staging-bfc7-geopluscom.wpcomstaging.com\/de_ch\/contact\/#Form\"><span class=\"blockart-button-icon\"><svg width=\"24\" height=\"24\" xmlns=\"http:\/\/www.w3.org\/2000\/svg\" viewbox=\"0 0 24 24\" class=\"blockart-icon\" aria-hidden=\"true\"><path d=\"M21.8 7.3c-.2-.3-.5-.4-.8-.4H7.3L6.2 4.2C5.8 3.4 5.1 3 4.4 3H2v2h2.3L9 16.3c.2.3.5.6 1 .6h8c.4 0 .8-.3 1-.6l2.9-8c.1-.3 0-.6-.1-1zm-4.5 7.6h-6.6L8.2 9h11.3l-2.2 5.9z\"><\/path><circle cx=\"10.5\" cy=\"19.5\" r=\"1.5\"><\/circle><circle cx=\"17.4\" cy=\"19.5\" r=\"1.5\"><\/circle><\/svg><\/span>Jetzt loslegen<\/a><\/div>\n<\/div>\n\n\n\n<div class=\"blockart-buttons blockart-buttons-2ad1fdb8 is-wrap is-horizontal justify-center\">\n<div class=\"blockart-button blockart-button-06122153\"><a class=\"blockart-button-link is-custom is-style-filled\" href=\"https:\/\/www.linkedin.com\/company\/geoplussoft\/\" target=\"_blank\" rel=\"noopener\"><span class=\"blockart-button-icon\"><svg width=\"24\" height=\"24\" xmlns=\"http:\/\/www.w3.org\/2000\/svg\" viewbox=\"0 0 24 24\" class=\"blockart-icon\" aria-hidden=\"true\"><path d=\"M6.6 4.9C6.6 6 5.6 7 4.3 7 3 6.9 2.1 6 2.1 4.9s1-2.1 2.3-2.1c1.3 0 2.2.9 2.2 2.1zM2.1 21h4.6V8.2H2.1V21zM17 7.9c-2.2 0-3.3 1.2-3.8 2.2V8.2H8.9C9 9.4 8.9 21 8.9 21h4.2v-7.1c0-.4 0-.8.2-1 .3-.8 1-1.6 2.2-1.6 1.6 0 2.2 1.1 2.2 2.9v6.9H22v-7.6c-.1-3.8-2.1-5.6-5-5.6z\" fill-rule=\"evenodd\" clip-rule=\"evenodd\"><\/path><\/svg><\/span>Folgen Sie uns auf LINKEDIN und bleiben Sie auf dem Laufenden \u00fcber die neuesten Nachrichten von VisionCarto!<\/a><\/div>\n<\/div>\n<\/div><\/div>\n\n\n\n<div class=\"blockart-column blockart-column-8926f04c\"><div class=\"blockart-column-inner\"><\/div><\/div>\n<\/div><\/div><\/div>\n\n\n\n<!-- Google tag (gtag.js) -->\n<script async=\"\" src=\"https:\/\/www.googletagmanager.com\/gtag\/js?id=UA-240226420-1\"><\/script>\n<script>\n  window.dataLayer = window.dataLayer || [];\n  function gtag(){dataLayer.push(arguments);}\n  gtag('js', new Date());\n\n  gtag('config', 'UA-240226420-1');\n<\/script>","protected":false},"excerpt":{"rendered":"","protected":false},"author":228097081,"featured_media":5738,"parent":0,"menu_order":0,"comment_status":"closed","ping_status":"closed","template":"","meta":{"_crdt_document":"","inline_featured_image":false,"footnotes":""},"class_list":["post-3207","page","type-page","status-publish","has-post-thumbnail","hentry"],"yoast_head":"<!-- This site is optimized with the Yoast SEO Premium plugin v22.8 (Yoast SEO v27.3) - https:\/\/yoast.com\/product\/yoast-seo-premium-wordpress\/ -->\n<title>Diffuse Points and Plots Web-Platform - VisionCarto<\/title>\n<meta name=\"description\" content=\"VisionCarto - Secure and Portable Data Visualization web-platform to Diffuse Points and Plots from your CAD for Efficient Land Surveying!\" \/>\n<meta name=\"robots\" content=\"index, follow, max-snippet:-1, max-image-preview:large, max-video-preview:-1\" \/>\n<link rel=\"canonical\" href=\"https:\/\/staging-bfc7-geopluscom.wpcomstaging.com\/de_ch\/visioncarto_browser-diffussion-points-plots\/\" \/>\n<meta property=\"og:locale\" content=\"de_DE\" \/>\n<meta property=\"og:type\" content=\"article\" \/>\n<meta property=\"og:title\" content=\"VisionCarto - Diffuse Points and Plots Securely\" \/>\n<meta property=\"og:description\" content=\"Efficient Land Surveying - Experience total security and portability while diffusing points and plotting from your CAD with VisionCarto browser.\" \/>\n<meta property=\"og:url\" content=\"https:\/\/staging-bfc7-geopluscom.wpcomstaging.com\/de_ch\/visioncarto_browser-diffussion-points-plots\/\" \/>\n<meta property=\"og:site_name\" content=\"Geo-Plus\" \/>\n<meta property=\"article:publisher\" content=\"https:\/\/www.facebook.com\/geoplussoft\" \/>\n<meta property=\"article:modified_time\" content=\"2024-06-19T20:17:14+00:00\" \/>\n<meta property=\"og:image\" content=\"https:\/\/staging-bfc7-geopluscom.wpcomstaging.com\/wp-content\/uploads\/2023\/01\/carto.jpg\" \/>\n\t<meta property=\"og:image:width\" content=\"768\" \/>\n\t<meta property=\"og:image:height\" content=\"432\" \/>\n\t<meta property=\"og:image:type\" content=\"image\/jpeg\" \/>\n<meta name=\"twitter:card\" content=\"summary_large_image\" \/>\n<meta name=\"twitter:title\" content=\"VisionCarto - Diffuse Points and Plots Securely\" \/>\n<meta name=\"twitter:description\" content=\"Efficient Land Surveying - Experience total security and portability while diffusing points and plotting from your CAD with VisionCarto browser.\" \/>\n<meta name=\"twitter:image\" content=\"https:\/\/staging-bfc7-geopluscom.wpcomstaging.com\/wp-content\/uploads\/2023\/01\/carto.jpg\" \/>\n<meta name=\"twitter:site\" content=\"@geoplussoft\" \/>\n<meta name=\"twitter:label1\" content=\"Gesch\u00e4tzte Lesezeit\" \/>\n\t<meta name=\"twitter:data1\" content=\"3\u00a0Minuten\" \/>\n<script type=\"application\/ld+json\" class=\"yoast-schema-graph\">{\"@context\":\"https:\\\/\\\/schema.org\",\"@graph\":[{\"@type\":\"WebPage\",\"@id\":\"https:\\\/\\\/staging-bfc7-geopluscom.wpcomstaging.com\\\/de_ch\\\/visioncarto_browser-diffussion-points-plots\\\/\",\"url\":\"https:\\\/\\\/staging-bfc7-geopluscom.wpcomstaging.com\\\/de_ch\\\/visioncarto_browser-diffussion-points-plots\\\/\",\"name\":\"Diffuse Points and Plots Web-Platform - VisionCarto\",\"isPartOf\":{\"@id\":\"https:\\\/\\\/staging-bfc7-geopluscom.wpcomstaging.com\\\/de_ch\\\/#website\"},\"primaryImageOfPage\":{\"@id\":\"https:\\\/\\\/staging-bfc7-geopluscom.wpcomstaging.com\\\/de_ch\\\/visioncarto_browser-diffussion-points-plots\\\/#primaryimage\"},\"image\":{\"@id\":\"https:\\\/\\\/staging-bfc7-geopluscom.wpcomstaging.com\\\/de_ch\\\/visioncarto_browser-diffussion-points-plots\\\/#primaryimage\"},\"thumbnailUrl\":\"https:\\\/\\\/staging-bfc7-geopluscom.wpcomstaging.com\\\/wp-content\\\/uploads\\\/2023\\\/01\\\/carto.jpg\",\"datePublished\":\"2022-12-20T14:14:12+00:00\",\"dateModified\":\"2024-06-19T20:17:14+00:00\",\"description\":\"VisionCarto - Secure and Portable Data Visualization web-platform to Diffuse Points and Plots from your CAD for Efficient Land Surveying!\",\"breadcrumb\":{\"@id\":\"https:\\\/\\\/staging-bfc7-geopluscom.wpcomstaging.com\\\/de_ch\\\/visioncarto_browser-diffussion-points-plots\\\/#breadcrumb\"},\"inLanguage\":\"de-CH\",\"potentialAction\":[{\"@type\":\"ReadAction\",\"target\":[\"https:\\\/\\\/staging-bfc7-geopluscom.wpcomstaging.com\\\/de_ch\\\/visioncarto_browser-diffussion-points-plots\\\/\"]}]},{\"@type\":\"ImageObject\",\"inLanguage\":\"de-CH\",\"@id\":\"https:\\\/\\\/staging-bfc7-geopluscom.wpcomstaging.com\\\/de_ch\\\/visioncarto_browser-diffussion-points-plots\\\/#primaryimage\",\"url\":\"https:\\\/\\\/staging-bfc7-geopluscom.wpcomstaging.com\\\/wp-content\\\/uploads\\\/2023\\\/01\\\/carto.jpg\",\"contentUrl\":\"https:\\\/\\\/staging-bfc7-geopluscom.wpcomstaging.com\\\/wp-content\\\/uploads\\\/2023\\\/01\\\/carto.jpg\",\"width\":768,\"height\":432},{\"@type\":\"BreadcrumbList\",\"@id\":\"https:\\\/\\\/staging-bfc7-geopluscom.wpcomstaging.com\\\/de_ch\\\/visioncarto_browser-diffussion-points-plots\\\/#breadcrumb\",\"itemListElement\":[{\"@type\":\"ListItem\",\"position\":1,\"name\":\"Home\",\"item\":\"https:\\\/\\\/staging-bfc7-geopluscom.wpcomstaging.com\\\/de_ch\\\/\"},{\"@type\":\"ListItem\",\"position\":2,\"name\":\"Vision Carto\"}]},{\"@type\":\"WebSite\",\"@id\":\"https:\\\/\\\/staging-bfc7-geopluscom.wpcomstaging.com\\\/de_ch\\\/#website\",\"url\":\"https:\\\/\\\/staging-bfc7-geopluscom.wpcomstaging.com\\\/de_ch\\\/\",\"name\":\"Geo-Plus\",\"description\":\"Geo-Plus | LiDAR, Land Surveying and Civil Engineering Software Solutions\",\"publisher\":{\"@id\":\"https:\\\/\\\/staging-bfc7-geopluscom.wpcomstaging.com\\\/de_ch\\\/#organization\"},\"potentialAction\":[{\"@type\":\"SearchAction\",\"target\":{\"@type\":\"EntryPoint\",\"urlTemplate\":\"https:\\\/\\\/staging-bfc7-geopluscom.wpcomstaging.com\\\/de_ch\\\/?s={search_term_string}\"},\"query-input\":{\"@type\":\"PropertyValueSpecification\",\"valueRequired\":true,\"valueName\":\"search_term_string\"}}],\"inLanguage\":\"de-CH\"},{\"@type\":\"Organization\",\"@id\":\"https:\\\/\\\/staging-bfc7-geopluscom.wpcomstaging.com\\\/de_ch\\\/#organization\",\"name\":\"Geo-Plus\",\"alternateName\":\"Geo-Plus\",\"url\":\"https:\\\/\\\/staging-bfc7-geopluscom.wpcomstaging.com\\\/de_ch\\\/\",\"logo\":{\"@type\":\"ImageObject\",\"inLanguage\":\"de-CH\",\"@id\":\"https:\\\/\\\/staging-bfc7-geopluscom.wpcomstaging.com\\\/de_ch\\\/#\\\/schema\\\/logo\\\/image\\\/\",\"url\":\"https:\\\/\\\/staging-bfc7-geopluscom.wpcomstaging.com\\\/wp-content\\\/uploads\\\/2023\\\/03\\\/Geo-Plus-SVG-Logo.svg\",\"contentUrl\":\"https:\\\/\\\/staging-bfc7-geopluscom.wpcomstaging.com\\\/wp-content\\\/uploads\\\/2023\\\/03\\\/Geo-Plus-SVG-Logo.svg\",\"caption\":\"Geo-Plus\"},\"image\":{\"@id\":\"https:\\\/\\\/staging-bfc7-geopluscom.wpcomstaging.com\\\/de_ch\\\/#\\\/schema\\\/logo\\\/image\\\/\"},\"sameAs\":[\"https:\\\/\\\/www.facebook.com\\\/geoplussoft\",\"https:\\\/\\\/x.com\\\/geoplussoft\",\"https:\\\/\\\/www.tiktok.com\\\/@geoplussoft\",\"https:\\\/\\\/www.instagram.com\\\/geoplussoft\",\"https:\\\/\\\/www.linkedin.com\\\/company\\\/geoplussoft\"]}]}<\/script>\n<!-- \/ Yoast SEO Premium plugin. -->","yoast_head_json":{"title":"Web-Plattform f\u00fcr diffuse Punkte und Plots - VisionCarto","description":"VisionCarto - Sichere und portable Datenvisualisierungs-Webplattform zur Diffusion von Punkten und Plots aus Ihrem CAD f\u00fcr eine effiziente Landvermessung!","robots":{"index":"index","follow":"follow","max-snippet":"max-snippet:-1","max-image-preview":"max-image-preview:large","max-video-preview":"max-video-preview:-1"},"canonical":"https:\/\/staging-bfc7-geopluscom.wpcomstaging.com\/de_ch\/visioncarto_browser-diffussion-points-plots\/","og_locale":"de_DE","og_type":"article","og_title":"VisionCarto - Diffuse Points and Plots Securely","og_description":"Efficient Land Surveying - Experience total security and portability while diffusing points and plotting from your CAD with VisionCarto browser.","og_url":"https:\/\/staging-bfc7-geopluscom.wpcomstaging.com\/de_ch\/visioncarto_browser-diffussion-points-plots\/","og_site_name":"Geo-Plus","article_publisher":"https:\/\/www.facebook.com\/geoplussoft","article_modified_time":"2024-06-19T20:17:14+00:00","og_image":[{"width":768,"height":432,"url":"https:\/\/staging-bfc7-geopluscom.wpcomstaging.com\/wp-content\/uploads\/2023\/01\/carto.jpg","type":"image\/jpeg"}],"twitter_card":"summary_large_image","twitter_title":"VisionCarto - Diffuse Points and Plots Securely","twitter_description":"Efficient Land Surveying - Experience total security and portability while diffusing points and plotting from your CAD with VisionCarto browser.","twitter_image":"https:\/\/staging-bfc7-geopluscom.wpcomstaging.com\/wp-content\/uploads\/2023\/01\/carto.jpg","twitter_site":"@geoplussoft","twitter_misc":{"Gesch\u00e4tzte Lesezeit":"3\u00a0Minuten"},"schema":{"@context":"https:\/\/schema.org","@graph":[{"@type":"WebPage","@id":"https:\/\/staging-bfc7-geopluscom.wpcomstaging.com\/de_ch\/visioncarto_browser-diffussion-points-plots\/","url":"https:\/\/staging-bfc7-geopluscom.wpcomstaging.com\/de_ch\/visioncarto_browser-diffussion-points-plots\/","name":"Web-Plattform f\u00fcr diffuse Punkte und Plots - VisionCarto","isPartOf":{"@id":"https:\/\/staging-bfc7-geopluscom.wpcomstaging.com\/de_ch\/#website"},"primaryImageOfPage":{"@id":"https:\/\/staging-bfc7-geopluscom.wpcomstaging.com\/de_ch\/visioncarto_browser-diffussion-points-plots\/#primaryimage"},"image":{"@id":"https:\/\/staging-bfc7-geopluscom.wpcomstaging.com\/de_ch\/visioncarto_browser-diffussion-points-plots\/#primaryimage"},"thumbnailUrl":"https:\/\/staging-bfc7-geopluscom.wpcomstaging.com\/wp-content\/uploads\/2023\/01\/carto.jpg","datePublished":"2022-12-20T14:14:12+00:00","dateModified":"2024-06-19T20:17:14+00:00","description":"VisionCarto - Sichere und portable Datenvisualisierungs-Webplattform zur Diffusion von Punkten und Plots aus Ihrem CAD f\u00fcr eine effiziente Landvermessung!","breadcrumb":{"@id":"https:\/\/staging-bfc7-geopluscom.wpcomstaging.com\/de_ch\/visioncarto_browser-diffussion-points-plots\/#breadcrumb"},"inLanguage":"de-CH","potentialAction":[{"@type":"ReadAction","target":["https:\/\/staging-bfc7-geopluscom.wpcomstaging.com\/de_ch\/visioncarto_browser-diffussion-points-plots\/"]}]},{"@type":"ImageObject","inLanguage":"de-CH","@id":"https:\/\/staging-bfc7-geopluscom.wpcomstaging.com\/de_ch\/visioncarto_browser-diffussion-points-plots\/#primaryimage","url":"https:\/\/staging-bfc7-geopluscom.wpcomstaging.com\/wp-content\/uploads\/2023\/01\/carto.jpg","contentUrl":"https:\/\/staging-bfc7-geopluscom.wpcomstaging.com\/wp-content\/uploads\/2023\/01\/carto.jpg","width":768,"height":432},{"@type":"BreadcrumbList","@id":"https:\/\/staging-bfc7-geopluscom.wpcomstaging.com\/de_ch\/visioncarto_browser-diffussion-points-plots\/#breadcrumb","itemListElement":[{"@type":"ListItem","position":1,"name":"Home","item":"https:\/\/staging-bfc7-geopluscom.wpcomstaging.com\/de_ch\/"},{"@type":"ListItem","position":2,"name":"Vision Carto"}]},{"@type":"WebSite","@id":"https:\/\/staging-bfc7-geopluscom.wpcomstaging.com\/de_ch\/#website","url":"https:\/\/staging-bfc7-geopluscom.wpcomstaging.com\/de_ch\/","name":"Geo-Plus","description":"Geo-Plus | LiDAR, Landvermessung und Bauingenieurwesen Software-L\u00f6sungen","publisher":{"@id":"https:\/\/staging-bfc7-geopluscom.wpcomstaging.com\/de_ch\/#organization"},"potentialAction":[{"@type":"SearchAction","target":{"@type":"EntryPoint","urlTemplate":"https:\/\/staging-bfc7-geopluscom.wpcomstaging.com\/de_ch\/?s={search_term_string}"},"query-input":{"@type":"PropertyValueSpecification","valueRequired":true,"valueName":"search_term_string"}}],"inLanguage":"de-CH"},{"@type":"Organization","@id":"https:\/\/staging-bfc7-geopluscom.wpcomstaging.com\/de_ch\/#organization","name":"Geo-Plus","alternateName":"Geo-Plus","url":"https:\/\/staging-bfc7-geopluscom.wpcomstaging.com\/de_ch\/","logo":{"@type":"ImageObject","inLanguage":"de-CH","@id":"https:\/\/staging-bfc7-geopluscom.wpcomstaging.com\/de_ch\/#\/schema\/logo\/image\/","url":"https:\/\/staging-bfc7-geopluscom.wpcomstaging.com\/wp-content\/uploads\/2023\/03\/Geo-Plus-SVG-Logo.svg","contentUrl":"https:\/\/staging-bfc7-geopluscom.wpcomstaging.com\/wp-content\/uploads\/2023\/03\/Geo-Plus-SVG-Logo.svg","caption":"Geo-Plus"},"image":{"@id":"https:\/\/staging-bfc7-geopluscom.wpcomstaging.com\/de_ch\/#\/schema\/logo\/image\/"},"sameAs":["https:\/\/www.facebook.com\/geoplussoft","https:\/\/x.com\/geoplussoft","https:\/\/www.tiktok.com\/@geoplussoft","https:\/\/www.instagram.com\/geoplussoft","https:\/\/www.linkedin.com\/company\/geoplussoft"]}]}},"jetpack_likes_enabled":true,"jetpack_sharing_enabled":true,"jetpack_shortlink":"https:\/\/wp.me\/PfOWRN-PJ","jetpack-related-posts":[],"_links":{"self":[{"href":"https:\/\/staging-bfc7-geopluscom.wpcomstaging.com\/de_ch\/wp-json\/wp\/v2\/pages\/3207","targetHints":{"allow":["GET"]}}],"collection":[{"href":"https:\/\/staging-bfc7-geopluscom.wpcomstaging.com\/de_ch\/wp-json\/wp\/v2\/pages"}],"about":[{"href":"https:\/\/staging-bfc7-geopluscom.wpcomstaging.com\/de_ch\/wp-json\/wp\/v2\/types\/page"}],"author":[{"embeddable":true,"href":"https:\/\/staging-bfc7-geopluscom.wpcomstaging.com\/de_ch\/wp-json\/wp\/v2\/users\/228097081"}],"replies":[{"embeddable":true,"href":"https:\/\/staging-bfc7-geopluscom.wpcomstaging.com\/de_ch\/wp-json\/wp\/v2\/comments?post=3207"}],"version-history":[{"count":61,"href":"https:\/\/staging-bfc7-geopluscom.wpcomstaging.com\/de_ch\/wp-json\/wp\/v2\/pages\/3207\/revisions"}],"predecessor-version":[{"id":39131,"href":"https:\/\/staging-bfc7-geopluscom.wpcomstaging.com\/de_ch\/wp-json\/wp\/v2\/pages\/3207\/revisions\/39131"}],"wp:featuredmedia":[{"embeddable":true,"href":"https:\/\/staging-bfc7-geopluscom.wpcomstaging.com\/de_ch\/wp-json\/wp\/v2\/media\/5738"}],"wp:attachment":[{"href":"https:\/\/staging-bfc7-geopluscom.wpcomstaging.com\/de_ch\/wp-json\/wp\/v2\/media?parent=3207"}],"curies":[{"name":"wp","href":"https:\/\/api.w.org\/{rel}","templated":true}]}}