{"id":3207,"date":"2022-12-20T14:14:12","date_gmt":"2022-12-20T14:14:12","guid":{"rendered":"https:\/\/staging-bfc7-geopluscom.wpcomstaging.com\/?page_id=3207"},"modified":"2024-06-19T16:17:14","modified_gmt":"2024-06-19T20:17:14","slug":"web-platform-diffuse-points-and-plots","status":"publish","type":"page","link":"https:\/\/staging-bfc7-geopluscom.wpcomstaging.com\/da\/visioncarto_browser-diffussion-points-plots\/","title":{"rendered":"Vision Carto"},"content":{"rendered":"<div class=\"alignfull blockart-section blockart-section-39e0f018 alignfull\"><div class=\"blockart-overlay\"><\/div><div class=\"blockart-container\"><div class=\"blockart-section-inner blockart-height-fit-to-screen\">\n<div class=\"blockart-column blockart-column-2e991ec0\"><div class=\"blockart-column-inner is-vertical justify-right align-center is-flex\">\n<figure class=\"wp-block-image size-large is-resized\"><img decoding=\"async\" src=\"https:\/\/staging-bfc7-geopluscom.wpcomstaging.com\/wp-content\/uploads\/2024\/06\/Asset-251.svg\" alt=\"\" class=\"wp-image-39090\" style=\"object-fit:cover;width:150px;height:150px\"\/><\/figure>\n\n\n\n<h1 class=\"blockart-heading blockart-heading-36a7aafc\">VisionCarto - Diffuse punkter og pakker<\/h1>\n\n\n\n<h5 class=\"blockart-heading blockart-heading-961c296a\">VisionCarto er en datavisualiseringsplatform, der muligg\u00f8r realtidssynkronisering og interaktiv kortadgang for nem visualisering og analyse af feltdata. Den sikrer robust sikkerhed med sikker cloud-hosting, hvilket giver mulighed for sikkert samarbejde. Brugere kan overlejre data fra Android- og Apple-enheder p\u00e5 interaktive kort, kommentere og synkronisere fotos med GPS-oplysninger og administrere data effektivt, samtidig med at de bevarer kontrollen over adgangen til f\u00f8lsomme oplysninger.<\/h5>\n\n\n\n<div class=\"blockart-buttons blockart-buttons-f97ca35b is-wrap justify-center\">\n<div class=\"blockart-button blockart-button-d3d379a3\"><a class=\"blockart-button-link is-custom is-style-filled\" href=\"#Features\"><span class=\"blockart-button-icon\"><svg width=\"24\" height=\"24\" xmlns=\"http:\/\/www.w3.org\/2000\/svg\" viewbox=\"0 0 24 24\" class=\"blockart-icon\" aria-hidden=\"true\"><path d=\"M21.6 8.6l-.3-.3-9.1-6c-.3-.2-.6-.2-.9 0l-9.1 6c0 .1-.1.2-.2.3v6.5c0 .2 0 .3.2.4.1.1.2.2.3.2l9.1 6c.1.1.3.2.4.2s.3-.1.4-.2l9.1-6 .3-.3c.1-.2.2-.3.2-.4V9c-.2-.1-.3-.3-.4-.4zm-8.9-4.1l6.9 4.6-3.2 2.1-3.7-2.5c-.1-.1 0-4.2 0-4.2zm-1.6 0v4.2l-3.7 2.5L4.3 9l6.8-4.5zm-7.5 6L6 12.1l-2.4 1.6v-3.2zm7.5 9.2l-6.9-4.6L7.4 13l3.7 2.5v4.2zm.8-5.6L8.8 12l3.1-2.1L15 12l-3.1 2.1zm.8 5.6v-4.3l3.7-2.5 3.2 2.2-6.9 4.6zm7.5-6l-2.4-1.6 2.4-1.6v3.2z\"><\/path><\/svg><\/span>l\u00e6re mere<\/a><\/div>\n\n\n\n<div class=\"blockart-button blockart-button-e6719250\"><a class=\"blockart-button-link is-custom is-style-filled\" href=\"https:\/\/staging-bfc7-geopluscom.wpcomstaging.com\/da\/kontakt-geo-plus\/#Form\"><span class=\"blockart-button-icon\"><svg width=\"24\" height=\"24\" xmlns=\"http:\/\/www.w3.org\/2000\/svg\" viewbox=\"0 0 24 24\" class=\"blockart-icon\" aria-hidden=\"true\"><path d=\"M21.6 8.6l-.3-.3-9.1-6c-.3-.2-.6-.2-.9 0l-9.1 6c0 .1-.1.2-.2.3v6.5c0 .2 0 .3.2.4.1.1.2.2.3.2l9.1 6c.1.1.3.2.4.2s.3-.1.4-.2l9.1-6 .3-.3c.1-.2.2-.3.2-.4V9c-.2-.1-.3-.3-.4-.4zm-8.9-4.1l6.9 4.6-3.2 2.1-3.7-2.5c-.1-.1 0-4.2 0-4.2zm-1.6 0v4.2l-3.7 2.5L4.3 9l6.8-4.5zm-7.5 6L6 12.1l-2.4 1.6v-3.2zm7.5 9.2l-6.9-4.6L7.4 13l3.7 2.5v4.2zm.8-5.6L8.8 12l3.1-2.1L15 12l-3.1 2.1zm.8 5.6v-4.3l3.7-2.5 3.2 2.2-6.9 4.6zm7.5-6l-2.4-1.6 2.4-1.6v3.2z\"><\/path><\/svg><\/span>Kontakt os<\/a><\/div>\n<\/div>\n<\/div><\/div>\n<\/div><\/div><\/div>\n\n\n\n\n\n<div class=\"alignfull blockart-section blockart-section-0a728abc alignfull\"><div class=\"blockart-container\"><div class=\"blockart-section-inner\">\n<div class=\"blockart-column blockart-column-5ddc181a\"><div class=\"blockart-column-inner\">\n<script src=\"https:\/\/cdn.lordicon.com\/fudrjiwc.js\"><\/script>\n<lord-icon\n    src=\"https:\/\/cdn.lordicon.com\/vtpxjewg.json\"\n    trigger=\"hover\"\n    colors=\"primary:#109121,secondary:#f57600\"\n    style=\"width:200px;height:200px\">\n<\/lord-icon>\n\n\n\n<h2 class=\"wp-block-heading has-text-color has-montserrat-font-family\" id=\"h-synchronization-using-visioncarto\" style=\"color:#05003a;font-size:29px;font-style:normal;font-weight:800\">Synkronisering ved hj\u00e6lp af VisionCarto<\/h2>\n\n\n\n<p class=\"wp-block-paragraph\">Med VisionCarto, datavisualiseringsplatformen, kan du effektivt indsamle oplysninger i marken og problemfrit synkronisere dine data samtidigt. Det betyder, at du nemt kan f\u00e5 adgang til og opdatere dine data i realtid, s\u00e5 du altid har de nyeste oplysninger lige ved h\u00e5nden.<\/p>\n<\/div><\/div>\n\n\n\n<div class=\"blockart-column blockart-column-5f88d17e\"><div class=\"blockart-column-inner\">\n<script src=\"https:\/\/cdn.lordicon.com\/fudrjiwc.js\"><\/script>\n<lord-icon\n    src=\"https:\/\/cdn.lordicon.com\/kzxgjtyb.json\"\n    trigger=\"hover\"\n    colors=\"primary:#109121,secondary:#f57600\"\n    style=\"width:200px;height:200px\">\n<\/lord-icon>\n\n\n\n<h2 class=\"wp-block-heading has-text-color has-montserrat-font-family\" id=\"h-interactivity-with-visioncarto\" style=\"color:#05003a;font-size:29px;font-style:normal;font-weight:800\">Interaktivitet med VisionCarto<\/h2>\n\n\n\n<p class=\"wp-block-paragraph\">L\u00e5s op for interaktivitetens kraft med VisionCarto! Du f\u00e5r frihed til at f\u00e5 adgang til alle dine v\u00e6rdifulde data p\u00e5 et interaktivt kort, s\u00e5 du nemt kan visualisere og analysere dine punkter og plots. Har du brug for at foretage justeringer eller \u00e6ndringer? Det er ikke noget problem! VisionCarto giver dig mulighed for hurtigt at implementere \u00e6ndringer, hvilket sikrer en smidig og produktiv arbejdsgang.<\/p>\n<\/div><\/div>\n\n\n\n<div class=\"blockart-column blockart-column-8fab0867\"><div class=\"blockart-column-inner\">\n<script src=\"https:\/\/cdn.lordicon.com\/fudrjiwc.js\"><\/script>\n<lord-icon\n    src=\"https:\/\/cdn.lordicon.com\/korsaewx.json\"\n    trigger=\"hover\"\n    colors=\"primary:#109121,secondary:#f57600\"\n    style=\"width:200px;height:200px\">\n<\/lord-icon>\n\n\n\n<h2 class=\"wp-block-heading has-text-color has-montserrat-font-family\" id=\"h-security-with-visioncarto\" style=\"color:#05003a;font-size:29px;font-style:normal;font-weight:800\">Sikkerhed med VisionCarto<\/h2>\n\n\n\n<p class=\"wp-block-paragraph\">Du kan v\u00e6re sikker p\u00e5, at dine data er i trygge h\u00e6nder med VisionCartos robuste sikkerhedsfunktioner. Du har fuld kontrol over, hvem der har adgang til dine dokumenter og data, s\u00e5 du kan v\u00e6re sikker p\u00e5, at dine f\u00f8lsomme oplysninger forbliver sikre og fortrolige. Med sikker cloud-hosting (HTTPS) kan dine teammedlemmer samarbejde effektivt, samtidig med at de opretholder det h\u00f8jeste niveau af databeskyttelse.<\/p>\n<\/div><\/div>\n<\/div><\/div><\/div>\n\n\n\n<div id=\"Features\" class=\"blockart-section blockart-section-ce145ad5\"><div class=\"blockart-overlay\"><\/div><div class=\"blockart-container\"><div class=\"blockart-section-inner\">\n<div class=\"blockart-column blockart-column-09514256\"><div class=\"blockart-column-inner\">\n<h1 class=\"blockart-heading blockart-heading-d9b5610a\">VisionCarto Features, platformen til datavisualisering!<\/h1>\n\n\n\n<h2 class=\"blockart-heading blockart-heading-cd576b07 is-small\"><strong><em>Web-platform til diffuse punkter og plots<\/em><\/strong><\/h2>\n\n\n\n<div class=\"blockart-section blockart-section-d69c6146\"><div class=\"blockart-container\"><div class=\"blockart-section-inner\">\n<div class=\"blockart-column blockart-column-9904ec1b\"><div class=\"blockart-column-inner\">\n<div class=\"blockart-section blockart-section-64e623e6\"><div class=\"blockart-container\"><div class=\"blockart-section-inner\">\n<div class=\"blockart-column blockart-column-a31b9901\"><div class=\"blockart-column-inner\">\n<h3 class=\"blockart-heading blockart-heading-e4896e02\">Datah\u00e5ndtering<\/h3>\n\n\n\n<p class=\"blockart-paragraph blockart-paragraph-acc0979c\">Overlejr alle dine data fra Android\u00ae og Apple\u00ae p\u00e5 et interaktivt kort (OpenStreetMap\u00ae, Bing\u00ae Imagery).<\/p>\n<\/div><\/div>\n\n\n\n<div class=\"blockart-column blockart-column-74648c3c\"><div class=\"blockart-column-inner\">\n<h3 class=\"blockart-heading blockart-heading-98a2376e\">GPS-oplysninger<\/h3>\n\n\n\n<p class=\"blockart-paragraph blockart-paragraph-ef4af216\">Annoter og synkroniser fotos, der er uploadet fra en mobil enhed, og f\u00e5 adgang til deres GPS-oplysninger i marken og p\u00e5 kontoret.<\/p>\n<\/div><\/div>\n\n\n\n<div class=\"blockart-column blockart-column-cf05a174\"><div class=\"blockart-column-inner\">\n<h3 class=\"blockart-heading blockart-heading-4f5b76dd\">Sikkert samarbejde<\/h3>\n\n\n\n<p class=\"blockart-paragraph blockart-paragraph-90816191\">Med en sikker cloud-hosting (HTTPS) bliver dine dokumenter delt mellem dine teammedlemmer og vist sikkert.<\/p>\n<\/div><\/div>\n<\/div><\/div><\/div>\n<\/div><\/div>\n<\/div><\/div><\/div>\n<\/div><\/div>\n<\/div><\/div><\/div>\n\n\n\n<div id=\"Software\" class=\"blockart-section blockart-section-8002ffc4\"><div class=\"blockart-container\"><div class=\"blockart-section-inner\">\n<div class=\"blockart-column blockart-column-287dadd1\"><div class=\"blockart-column-inner\"><\/div><\/div>\n\n\n\n<div id=\"\" class=\"blockart-column blockart-column-4032e88f\"><div class=\"blockart-column-inner\">\n<figure class=\"blockart-image blockart-image-817f4c0c\"><img decoding=\"async\" class=\"wp-image-35085 hover-effect-static filter-none mask mask-none\" src=\"https:\/\/staging-bfc7-geopluscom.wpcomstaging.com\/wp-content\/uploads\/2023\/07\/Asset-298-1.svg\" alt=\"VisionCarto datavisualiseringsplatform logo\"\/><\/figure>\n\n\n\n<h2 id=\"\" class=\"blockart-heading blockart-heading-6700c35b\">Kontakt os og brug VisionCarto Web-Platform til at sprede punkter og plots<\/h2>\n\n\n\n<p class=\"blockart-paragraph blockart-paragraph-4be300fd\">Vores team af eksperter vil arbejde sammen med dig for at forst\u00e5 dine krav og give dig en l\u00f8sning, der passer til dit budget og overg\u00e5r dine forventninger. Med VisionCarto kan du nemt indsamle oplysninger i marken, synkronisere dine data samtidigt, f\u00e5 adgang til alle dine data p\u00e5 et interaktivt kort og foretage de n\u00f8dvendige \u00e6ndringer.<\/p>\n<\/div><\/div>\n\n\n\n<div class=\"blockart-column blockart-column-11de06b9\"><div class=\"blockart-column-inner\"><\/div><\/div>\n<\/div><\/div><\/div>\n\n\n\n<div id=\"Software\" class=\"blockart-section blockart-section-72a17f0d\"><div class=\"blockart-container\"><div class=\"blockart-section-inner\">\n<div class=\"blockart-column blockart-column-3562a5cb\"><div class=\"blockart-column-inner\"><\/div><\/div>\n\n\n\n<div id=\"\" class=\"blockart-column blockart-column-b67f8c34\"><div class=\"blockart-column-inner\">\n<div class=\"blockart-buttons blockart-buttons-e2f238fb is-wrap is-horizontal justify-center\">\n<div class=\"blockart-button blockart-button-06e27255\"><a class=\"blockart-button-link is-custom is-style-filled\" href=\"https:\/\/staging-bfc7-geopluscom.wpcomstaging.com\/da\/contact\/#Form\"><span class=\"blockart-button-icon\"><svg width=\"24\" height=\"24\" xmlns=\"http:\/\/www.w3.org\/2000\/svg\" viewbox=\"0 0 24 24\" class=\"blockart-icon\" aria-hidden=\"true\"><path d=\"M21.8 7.3c-.2-.3-.5-.4-.8-.4H7.3L6.2 4.2C5.8 3.4 5.1 3 4.4 3H2v2h2.3L9 16.3c.2.3.5.6 1 .6h8c.4 0 .8-.3 1-.6l2.9-8c.1-.3 0-.6-.1-1zm-4.5 7.6h-6.6L8.2 9h11.3l-2.2 5.9z\"><\/path><circle cx=\"10.5\" cy=\"19.5\" r=\"1.5\"><\/circle><circle cx=\"17.4\" cy=\"19.5\" r=\"1.5\"><\/circle><\/svg><\/span>Kom i gang nu<\/a><\/div>\n<\/div>\n\n\n\n<div class=\"blockart-buttons blockart-buttons-2ad1fdb8 is-wrap is-horizontal justify-center\">\n<div class=\"blockart-button blockart-button-06122153\"><a class=\"blockart-button-link is-custom is-style-filled\" href=\"https:\/\/www.linkedin.com\/company\/geoplussoft\/\" target=\"_blank\" rel=\"noopener\"><span class=\"blockart-button-icon\"><svg width=\"24\" height=\"24\" xmlns=\"http:\/\/www.w3.org\/2000\/svg\" viewbox=\"0 0 24 24\" class=\"blockart-icon\" aria-hidden=\"true\"><path d=\"M6.6 4.9C6.6 6 5.6 7 4.3 7 3 6.9 2.1 6 2.1 4.9s1-2.1 2.3-2.1c1.3 0 2.2.9 2.2 2.1zM2.1 21h4.6V8.2H2.1V21zM17 7.9c-2.2 0-3.3 1.2-3.8 2.2V8.2H8.9C9 9.4 8.9 21 8.9 21h4.2v-7.1c0-.4 0-.8.2-1 .3-.8 1-1.6 2.2-1.6 1.6 0 2.2 1.1 2.2 2.9v6.9H22v-7.6c-.1-3.8-2.1-5.6-5-5.6z\" fill-rule=\"evenodd\" clip-rule=\"evenodd\"><\/path><\/svg><\/span>F\u00d8LG OS P\u00c5 LINKEDIN OG HOLD DIG INFORMERET om VisionCartos seneste nyheder!<\/a><\/div>\n<\/div>\n<\/div><\/div>\n\n\n\n<div class=\"blockart-column blockart-column-8926f04c\"><div class=\"blockart-column-inner\"><\/div><\/div>\n<\/div><\/div><\/div>\n\n\n\n<!-- Google tag (gtag.js) -->\n<script async=\"\" src=\"https:\/\/www.googletagmanager.com\/gtag\/js?id=UA-240226420-1\"><\/script>\n<script>\n  window.dataLayer = window.dataLayer || [];\n  function gtag(){dataLayer.push(arguments);}\n  gtag('js', new Date());\n\n  gtag('config', 'UA-240226420-1');\n<\/script>","protected":false},"excerpt":{"rendered":"","protected":false},"author":228097081,"featured_media":5738,"parent":0,"menu_order":0,"comment_status":"closed","ping_status":"closed","template":"","meta":{"_crdt_document":"","inline_featured_image":false,"jetpack_post_was_ever_published":false,"footnotes":""},"class_list":["post-3207","page","type-page","status-publish","has-post-thumbnail","hentry"],"yoast_head":"<!-- This site is optimized with the Yoast SEO Premium plugin v22.8 (Yoast SEO v27.3) - https:\/\/yoast.com\/product\/yoast-seo-premium-wordpress\/ -->\n<title>Diffuse Points and Plots Web-Platform - VisionCarto<\/title>\n<meta name=\"description\" content=\"VisionCarto - Secure and Portable Data Visualization web-platform to Diffuse Points and Plots from your CAD for Efficient Land Surveying!\" \/>\n<meta name=\"robots\" content=\"index, follow, max-snippet:-1, max-image-preview:large, max-video-preview:-1\" \/>\n<link rel=\"canonical\" href=\"https:\/\/staging-bfc7-geopluscom.wpcomstaging.com\/da\/visioncarto_browser-diffussion-points-plots\/\" \/>\n<meta property=\"og:locale\" content=\"da_DK\" \/>\n<meta property=\"og:type\" content=\"article\" \/>\n<meta property=\"og:title\" content=\"VisionCarto - Diffuse Points and Plots Securely\" \/>\n<meta property=\"og:description\" content=\"Efficient Land Surveying - Experience total security and portability while diffusing points and plotting from your CAD with VisionCarto browser.\" \/>\n<meta property=\"og:url\" content=\"https:\/\/staging-bfc7-geopluscom.wpcomstaging.com\/da\/visioncarto_browser-diffussion-points-plots\/\" \/>\n<meta property=\"og:site_name\" content=\"Geo-Plus\" \/>\n<meta property=\"article:publisher\" content=\"https:\/\/www.facebook.com\/geoplussoft\" \/>\n<meta property=\"article:modified_time\" content=\"2024-06-19T20:17:14+00:00\" \/>\n<meta property=\"og:image\" content=\"https:\/\/staging-bfc7-geopluscom.wpcomstaging.com\/wp-content\/uploads\/2023\/01\/carto.jpg\" \/>\n\t<meta property=\"og:image:width\" content=\"768\" \/>\n\t<meta property=\"og:image:height\" content=\"432\" \/>\n\t<meta property=\"og:image:type\" content=\"image\/jpeg\" \/>\n<meta name=\"twitter:card\" content=\"summary_large_image\" \/>\n<meta name=\"twitter:title\" content=\"VisionCarto - Diffuse Points and Plots Securely\" \/>\n<meta name=\"twitter:description\" content=\"Efficient Land Surveying - Experience total security and portability while diffusing points and plotting from your CAD with VisionCarto browser.\" \/>\n<meta name=\"twitter:image\" content=\"https:\/\/staging-bfc7-geopluscom.wpcomstaging.com\/wp-content\/uploads\/2023\/01\/carto.jpg\" \/>\n<meta name=\"twitter:site\" content=\"@geoplussoft\" \/>\n<meta name=\"twitter:label1\" content=\"Estimeret l\u00e6setid\" \/>\n\t<meta name=\"twitter:data1\" content=\"3 minutter\" \/>\n<script type=\"application\/ld+json\" class=\"yoast-schema-graph\">{\"@context\":\"https:\\\/\\\/schema.org\",\"@graph\":[{\"@type\":\"WebPage\",\"@id\":\"https:\\\/\\\/staging-bfc7-geopluscom.wpcomstaging.com\\\/da\\\/visioncarto_browser-diffussion-points-plots\\\/\",\"url\":\"https:\\\/\\\/staging-bfc7-geopluscom.wpcomstaging.com\\\/da\\\/visioncarto_browser-diffussion-points-plots\\\/\",\"name\":\"Diffuse Points and Plots Web-Platform - VisionCarto\",\"isPartOf\":{\"@id\":\"https:\\\/\\\/staging-bfc7-geopluscom.wpcomstaging.com\\\/#website\"},\"primaryImageOfPage\":{\"@id\":\"https:\\\/\\\/staging-bfc7-geopluscom.wpcomstaging.com\\\/da\\\/visioncarto_browser-diffussion-points-plots\\\/#primaryimage\"},\"image\":{\"@id\":\"https:\\\/\\\/staging-bfc7-geopluscom.wpcomstaging.com\\\/da\\\/visioncarto_browser-diffussion-points-plots\\\/#primaryimage\"},\"thumbnailUrl\":\"https:\\\/\\\/staging-bfc7-geopluscom.wpcomstaging.com\\\/wp-content\\\/uploads\\\/2023\\\/01\\\/carto.jpg\",\"datePublished\":\"2022-12-20T14:14:12+00:00\",\"dateModified\":\"2024-06-19T20:17:14+00:00\",\"description\":\"VisionCarto - Secure and Portable Data Visualization web-platform to Diffuse Points and Plots from your CAD for Efficient Land Surveying!\",\"breadcrumb\":{\"@id\":\"https:\\\/\\\/staging-bfc7-geopluscom.wpcomstaging.com\\\/da\\\/visioncarto_browser-diffussion-points-plots\\\/#breadcrumb\"},\"inLanguage\":\"da-DK\",\"potentialAction\":[{\"@type\":\"ReadAction\",\"target\":[\"https:\\\/\\\/staging-bfc7-geopluscom.wpcomstaging.com\\\/da\\\/visioncarto_browser-diffussion-points-plots\\\/\"]}]},{\"@type\":\"ImageObject\",\"inLanguage\":\"da-DK\",\"@id\":\"https:\\\/\\\/staging-bfc7-geopluscom.wpcomstaging.com\\\/da\\\/visioncarto_browser-diffussion-points-plots\\\/#primaryimage\",\"url\":\"https:\\\/\\\/staging-bfc7-geopluscom.wpcomstaging.com\\\/wp-content\\\/uploads\\\/2023\\\/01\\\/carto.jpg\",\"contentUrl\":\"https:\\\/\\\/staging-bfc7-geopluscom.wpcomstaging.com\\\/wp-content\\\/uploads\\\/2023\\\/01\\\/carto.jpg\",\"width\":768,\"height\":432},{\"@type\":\"BreadcrumbList\",\"@id\":\"https:\\\/\\\/staging-bfc7-geopluscom.wpcomstaging.com\\\/da\\\/visioncarto_browser-diffussion-points-plots\\\/#breadcrumb\",\"itemListElement\":[{\"@type\":\"ListItem\",\"position\":1,\"name\":\"Home\",\"item\":\"https:\\\/\\\/staging-bfc7-geopluscom.wpcomstaging.com\\\/da\\\/\"},{\"@type\":\"ListItem\",\"position\":2,\"name\":\"Vision Carto\"}]},{\"@type\":\"WebSite\",\"@id\":\"https:\\\/\\\/staging-bfc7-geopluscom.wpcomstaging.com\\\/#website\",\"url\":\"https:\\\/\\\/staging-bfc7-geopluscom.wpcomstaging.com\\\/\",\"name\":\"Geo-Plus\",\"description\":\"Geo-Plus | LiDAR, Land Surveying and Civil Engineering Software Solutions\",\"publisher\":{\"@id\":\"https:\\\/\\\/staging-bfc7-geopluscom.wpcomstaging.com\\\/#organization\"},\"potentialAction\":[{\"@type\":\"SearchAction\",\"target\":{\"@type\":\"EntryPoint\",\"urlTemplate\":\"https:\\\/\\\/staging-bfc7-geopluscom.wpcomstaging.com\\\/?s={search_term_string}\"},\"query-input\":{\"@type\":\"PropertyValueSpecification\",\"valueRequired\":true,\"valueName\":\"search_term_string\"}}],\"inLanguage\":\"da-DK\"},{\"@type\":\"Organization\",\"@id\":\"https:\\\/\\\/staging-bfc7-geopluscom.wpcomstaging.com\\\/#organization\",\"name\":\"Geo-Plus\",\"alternateName\":\"Geo-Plus\",\"url\":\"https:\\\/\\\/staging-bfc7-geopluscom.wpcomstaging.com\\\/\",\"logo\":{\"@type\":\"ImageObject\",\"inLanguage\":\"da-DK\",\"@id\":\"https:\\\/\\\/staging-bfc7-geopluscom.wpcomstaging.com\\\/#\\\/schema\\\/logo\\\/image\\\/\",\"url\":\"https:\\\/\\\/staging-bfc7-geopluscom.wpcomstaging.com\\\/wp-content\\\/uploads\\\/2023\\\/03\\\/Geo-Plus-SVG-Logo.svg\",\"contentUrl\":\"https:\\\/\\\/staging-bfc7-geopluscom.wpcomstaging.com\\\/wp-content\\\/uploads\\\/2023\\\/03\\\/Geo-Plus-SVG-Logo.svg\",\"caption\":\"Geo-Plus\"},\"image\":{\"@id\":\"https:\\\/\\\/staging-bfc7-geopluscom.wpcomstaging.com\\\/#\\\/schema\\\/logo\\\/image\\\/\"},\"sameAs\":[\"https:\\\/\\\/www.facebook.com\\\/geoplussoft\",\"https:\\\/\\\/x.com\\\/geoplussoft\",\"https:\\\/\\\/www.tiktok.com\\\/@geoplussoft\",\"https:\\\/\\\/www.instagram.com\\\/geoplussoft\",\"https:\\\/\\\/www.linkedin.com\\\/company\\\/geoplussoft\"]}]}<\/script>\n<!-- \/ Yoast SEO Premium plugin. -->","yoast_head_json":{"title":"Web-platform til diffuse punkter og plots - VisionCarto","description":"VisionCarto - Sikker og b\u00e6rbar web-platform til datavisualisering, der kan sprede punkter og plots fra din CAD til effektiv landm\u00e5ling!","robots":{"index":"index","follow":"follow","max-snippet":"max-snippet:-1","max-image-preview":"max-image-preview:large","max-video-preview":"max-video-preview:-1"},"canonical":"https:\/\/staging-bfc7-geopluscom.wpcomstaging.com\/da\/visioncarto_browser-diffussion-points-plots\/","og_locale":"da_DK","og_type":"article","og_title":"VisionCarto - Diffuse Points and Plots Securely","og_description":"Efficient Land Surveying - Experience total security and portability while diffusing points and plotting from your CAD with VisionCarto browser.","og_url":"https:\/\/staging-bfc7-geopluscom.wpcomstaging.com\/da\/visioncarto_browser-diffussion-points-plots\/","og_site_name":"Geo-Plus","article_publisher":"https:\/\/www.facebook.com\/geoplussoft","article_modified_time":"2024-06-19T20:17:14+00:00","og_image":[{"width":768,"height":432,"url":"https:\/\/staging-bfc7-geopluscom.wpcomstaging.com\/wp-content\/uploads\/2023\/01\/carto.jpg","type":"image\/jpeg"}],"twitter_card":"summary_large_image","twitter_title":"VisionCarto - Diffuse Points and Plots Securely","twitter_description":"Efficient Land Surveying - Experience total security and portability while diffusing points and plotting from your CAD with VisionCarto browser.","twitter_image":"https:\/\/staging-bfc7-geopluscom.wpcomstaging.com\/wp-content\/uploads\/2023\/01\/carto.jpg","twitter_site":"@geoplussoft","twitter_misc":{"Estimeret l\u00e6setid":"3 minutter"},"schema":{"@context":"https:\/\/schema.org","@graph":[{"@type":"WebPage","@id":"https:\/\/staging-bfc7-geopluscom.wpcomstaging.com\/da\/visioncarto_browser-diffussion-points-plots\/","url":"https:\/\/staging-bfc7-geopluscom.wpcomstaging.com\/da\/visioncarto_browser-diffussion-points-plots\/","name":"Web-platform til diffuse punkter og plots - VisionCarto","isPartOf":{"@id":"https:\/\/staging-bfc7-geopluscom.wpcomstaging.com\/#website"},"primaryImageOfPage":{"@id":"https:\/\/staging-bfc7-geopluscom.wpcomstaging.com\/da\/visioncarto_browser-diffussion-points-plots\/#primaryimage"},"image":{"@id":"https:\/\/staging-bfc7-geopluscom.wpcomstaging.com\/da\/visioncarto_browser-diffussion-points-plots\/#primaryimage"},"thumbnailUrl":"https:\/\/staging-bfc7-geopluscom.wpcomstaging.com\/wp-content\/uploads\/2023\/01\/carto.jpg","datePublished":"2022-12-20T14:14:12+00:00","dateModified":"2024-06-19T20:17:14+00:00","description":"VisionCarto - Sikker og b\u00e6rbar web-platform til datavisualisering, der kan sprede punkter og plots fra din CAD til effektiv landm\u00e5ling!","breadcrumb":{"@id":"https:\/\/staging-bfc7-geopluscom.wpcomstaging.com\/da\/visioncarto_browser-diffussion-points-plots\/#breadcrumb"},"inLanguage":"da-DK","potentialAction":[{"@type":"ReadAction","target":["https:\/\/staging-bfc7-geopluscom.wpcomstaging.com\/da\/visioncarto_browser-diffussion-points-plots\/"]}]},{"@type":"ImageObject","inLanguage":"da-DK","@id":"https:\/\/staging-bfc7-geopluscom.wpcomstaging.com\/da\/visioncarto_browser-diffussion-points-plots\/#primaryimage","url":"https:\/\/staging-bfc7-geopluscom.wpcomstaging.com\/wp-content\/uploads\/2023\/01\/carto.jpg","contentUrl":"https:\/\/staging-bfc7-geopluscom.wpcomstaging.com\/wp-content\/uploads\/2023\/01\/carto.jpg","width":768,"height":432},{"@type":"BreadcrumbList","@id":"https:\/\/staging-bfc7-geopluscom.wpcomstaging.com\/da\/visioncarto_browser-diffussion-points-plots\/#breadcrumb","itemListElement":[{"@type":"ListItem","position":1,"name":"Home","item":"https:\/\/staging-bfc7-geopluscom.wpcomstaging.com\/da\/"},{"@type":"ListItem","position":2,"name":"Vision Carto"}]},{"@type":"WebSite","@id":"https:\/\/staging-bfc7-geopluscom.wpcomstaging.com\/#website","url":"https:\/\/staging-bfc7-geopluscom.wpcomstaging.com\/","name":"Geo-Plus","description":"Geo-Plus | Softwarel\u00f8sninger til LiDAR, landm\u00e5ling og civilingeni\u00f8rarbejde","publisher":{"@id":"https:\/\/staging-bfc7-geopluscom.wpcomstaging.com\/#organization"},"potentialAction":[{"@type":"SearchAction","target":{"@type":"EntryPoint","urlTemplate":"https:\/\/staging-bfc7-geopluscom.wpcomstaging.com\/?s={search_term_string}"},"query-input":{"@type":"PropertyValueSpecification","valueRequired":true,"valueName":"search_term_string"}}],"inLanguage":"da-DK"},{"@type":"Organization","@id":"https:\/\/staging-bfc7-geopluscom.wpcomstaging.com\/#organization","name":"Geo-Plus","alternateName":"Geo-Plus","url":"https:\/\/staging-bfc7-geopluscom.wpcomstaging.com\/","logo":{"@type":"ImageObject","inLanguage":"da-DK","@id":"https:\/\/staging-bfc7-geopluscom.wpcomstaging.com\/#\/schema\/logo\/image\/","url":"https:\/\/staging-bfc7-geopluscom.wpcomstaging.com\/wp-content\/uploads\/2023\/03\/Geo-Plus-SVG-Logo.svg","contentUrl":"https:\/\/staging-bfc7-geopluscom.wpcomstaging.com\/wp-content\/uploads\/2023\/03\/Geo-Plus-SVG-Logo.svg","caption":"Geo-Plus"},"image":{"@id":"https:\/\/staging-bfc7-geopluscom.wpcomstaging.com\/#\/schema\/logo\/image\/"},"sameAs":["https:\/\/www.facebook.com\/geoplussoft","https:\/\/x.com\/geoplussoft","https:\/\/www.tiktok.com\/@geoplussoft","https:\/\/www.instagram.com\/geoplussoft","https:\/\/www.linkedin.com\/company\/geoplussoft"]}]}},"jetpack_likes_enabled":true,"jetpack_sharing_enabled":true,"jetpack_shortlink":"https:\/\/wp.me\/PfOWRN-PJ","jetpack-related-posts":[],"_links":{"self":[{"href":"https:\/\/staging-bfc7-geopluscom.wpcomstaging.com\/da\/wp-json\/wp\/v2\/pages\/3207","targetHints":{"allow":["GET"]}}],"collection":[{"href":"https:\/\/staging-bfc7-geopluscom.wpcomstaging.com\/da\/wp-json\/wp\/v2\/pages"}],"about":[{"href":"https:\/\/staging-bfc7-geopluscom.wpcomstaging.com\/da\/wp-json\/wp\/v2\/types\/page"}],"author":[{"embeddable":true,"href":"https:\/\/staging-bfc7-geopluscom.wpcomstaging.com\/da\/wp-json\/wp\/v2\/users\/228097081"}],"replies":[{"embeddable":true,"href":"https:\/\/staging-bfc7-geopluscom.wpcomstaging.com\/da\/wp-json\/wp\/v2\/comments?post=3207"}],"version-history":[{"count":61,"href":"https:\/\/staging-bfc7-geopluscom.wpcomstaging.com\/da\/wp-json\/wp\/v2\/pages\/3207\/revisions"}],"predecessor-version":[{"id":39131,"href":"https:\/\/staging-bfc7-geopluscom.wpcomstaging.com\/da\/wp-json\/wp\/v2\/pages\/3207\/revisions\/39131"}],"wp:featuredmedia":[{"embeddable":true,"href":"https:\/\/staging-bfc7-geopluscom.wpcomstaging.com\/da\/wp-json\/wp\/v2\/media\/5738"}],"wp:attachment":[{"href":"https:\/\/staging-bfc7-geopluscom.wpcomstaging.com\/da\/wp-json\/wp\/v2\/media?parent=3207"}],"curies":[{"name":"wp","href":"https:\/\/api.w.org\/{rel}","templated":true}]}}